{"id":30651,"date":"2021-11-11T10:56:32","date_gmt":"2021-11-11T08:56:32","guid":{"rendered":"https:\/\/desdropi.com\/elparque\/secadora-new-pol-nw71c\/"},"modified":"2024-05-18T23:26:20","modified_gmt":"2024-05-18T21:26:20","slug":"secadora-new-pol-nw71c","status":"publish","type":"product","link":"https:\/\/desdropi.com\/elparque\/secadora-new-pol-nw71c\/","title":{"rendered":"Secadora New Pol Nw71C"},"content":{"rendered":"<div class=\"descripcion-tab\">\n<p>Secadora de 7 kg de capacidad de color blanco, con 2 programas r\u00e1pidos, uno de 12\u2019 especial camisas y otro de 29\u2019 expr\u00e9s. Posee 3 niveles de secado uniforme, la duraci\u00f3n de los programas es \u00f3ptima. Luz interior para facilitar la carga y descarga. Secadora de condensaci\u00f3n de 7 kg y 15 programas. Color blanco.<\/p>\n<ul>\n<li><strong>Especificaciones:<\/strong> Clase energ\u00e9tica B. Control Electr\u00f3nico. Di\u00e1metro de la puerta: 47cm. Tipo de motor: PSC. Sensor de secado y bloqueo de ni\u00f1os. Puerta de cristal.<\/li>\n<li><strong>Dimensiones<\/strong> (Alto x Ancho x Fondo): 84,5 x 59,6 x 56,3 cm. Peso: 35,2 kg.<\/li>\n<li><strong>Control:<\/strong> Electr\u00f3nico.<\/li>\n<li><strong>Luz interior:<\/strong> S\u00ed.<\/li>\n<li><strong>Tubo desag\u00fce:<\/strong> S\u00ed.<\/li>\n<li><strong>Delay Timer:<\/strong>\u00a0Permite posponer la hora de inicio del proceso de secado entre 1 y 23 horas.<\/li>\n<li><strong>Child Lock:<\/strong>\u00a0Bloqueo del panel de mandos cuando la m\u00e1quina se encuentra en funcionamiento.<\/li>\n<li><strong>Luz interior:<\/strong>\u00a0Facilita la carga y descarga de la colada.<\/li>\n<li><strong>Camisas 12&#8242;:<\/strong>\u00a0En 12 minutos, 3 camisas estar\u00e1n listas para planchar.<\/li>\n<li><strong>Cabina boomerang:<\/strong>\u00a0Dise\u00f1ada para aumentar la rigidez y estabilidad y disminuir la vibraci\u00f3n.<\/li>\n<\/ul>\n<p><strong>Programas y funciones<\/strong><\/p>\n<ul>\n<li><strong>Camisas 12&#8242;.<\/strong>\u00a0Puedes secar hasta medio kilo de ropa en solo 12 minutos.<\/li>\n<li><strong>Expr\u00e9s 29&#8242;.<\/strong>\u00a0Puedes secar hasta 2 kg de ropa en 29 minutos.<\/li>\n<li><strong>Refrescar.<\/strong>\u00a0Este programa proporciona ventilaci\u00f3n sin calor durante 10 minutos para ayudarte a ventilar tus prendas.<\/li>\n<li><strong>10 min.<\/strong>\u00a0Independientemente del nivel de secado a baja temperatura, el programa se parar\u00e1 a los 10 minutos.<\/li>\n<li><strong>30 min.<\/strong>\u00a0Independientemente del nivel de secado a baja temperatura, el programa se parar\u00e1 a los 30 minutos.<\/li>\n<li><strong>60 min.<\/strong>\u00a0Independientemente del nivel de secado a baja temperatura, el programa se parar\u00e1 a los 60 minutos.<\/li>\n<li><strong>Vaqueros\/jeans.<\/strong>\u00a0Programa especial para el secado de prendas vaqueras.<\/li>\n<li><strong>Cuidado del beb\u00e9.<\/strong>\u00a0Programa especial de secado a baja temperatura, especial para ropa delicada de beb\u00e9s.<\/li>\n<li><strong>Mixto.<\/strong>\u00a0Este programa seca prendas con mezcla de algod\u00f3n y sint\u00e9ticos que no desti\u00f1an.<\/li>\n<li><strong>Delicado.<\/strong>\u00a0Programa especial de secado a baja temperatura, para prendas delicadas como camisas, blusas, prendas de seda, etc.<\/li>\n<li><strong>Seco plancha (sint\u00e9ticos).<\/strong>\u00a0Este programa seca prendas sint\u00e9ticas como camisas, camisetas y blusas, a menor temperatura que los programas para algod\u00f3n, y las prepara para el planchado. La colada retirada de la m\u00e1quina saldr\u00e1 un poco h\u00fameda.<\/li>\n<li><strong>Seco armario (sint\u00e9ticos).<\/strong>\u00a0Este programa seca prendas sint\u00e9ticas como camisas, camisetas y blusas, a menor temperatura que los programas para algod\u00f3n, para que pueda guardarlas directamente dentro del armario.<\/li>\n<li><strong>Seco plancha (algod\u00f3n).<\/strong>\u00a0Este programa seca prendas de algod\u00f3n y las prepara para el planchado. La colada retirada de la m\u00e1quina saldr\u00e1 un poco h\u00fameda.<\/li>\n<li><strong>Seco armario (algod\u00f3n).<\/strong>\u00a0Este programa seca pijamas, ropa interior, manteles de algod\u00f3n, etc., para que pueda guardarlas\u00a0 directamente dentro del armario.<\/li>\n<li><strong>Extra seco (algod\u00f3n).<\/strong>\u00a0Este programa seca tejidos gruesos y multicapa, como toallas, s\u00e1banas, almohadas, albornoces, etc., a alta temperatura para que pueda guardarlas directamente dentro del armario.<\/li>\n<\/ul>\n<\/div>\n","protected":false},"excerpt":{"rendered":"<p><a href=\"https:\/\/desdropi.com\/elparque\/wp-content\/uploads\/6086.pdf\" target=\"_blank\" rel=\"noopener\"><img decoding=\"async\" class=\"alignnone wp-image-205373 size-full\" src=\"https:\/\/desdropi.com\/elparque\/wp-content\/uploads\/eficiencia-B.png\" alt=\"\" width=\"56\" height=\"33\" \/><\/a><\/p>\n<p><a style=\"text-decoration: underline;\" href=\"https:\/\/desdropi.com\/elparque\/wp-content\/uploads\/manual-usuario-NWT71C-es_compressed-2.pdf\">Ver manual<\/a><\/p>\n","protected":false},"featured_media":165425,"comment_status":"open","ping_status":"closed","template":"","meta":{"_joinchat":[]},"product_cat":[6452,6451,780],"product_tag":[],"class_list":{"0":"post-30651","1":"product","2":"type-product","3":"status-publish","4":"has-post-thumbnail","6":"product_cat-de-condensacion","7":"product_cat-secadoras","8":"product_cat-gran-electrodomestico","9":"pa_marca-new-pol","11":"first","12":"instock","13":"taxable","14":"shipping-taxable","15":"purchasable","16":"product-type-simple"},"_links":{"self":[{"href":"https:\/\/desdropi.com\/elparque\/wp-json\/wp\/v2\/product\/30651"}],"collection":[{"href":"https:\/\/desdropi.com\/elparque\/wp-json\/wp\/v2\/product"}],"about":[{"href":"https:\/\/desdropi.com\/elparque\/wp-json\/wp\/v2\/types\/product"}],"replies":[{"embeddable":true,"href":"https:\/\/desdropi.com\/elparque\/wp-json\/wp\/v2\/comments?post=30651"}],"version-history":[{"count":0,"href":"https:\/\/desdropi.com\/elparque\/wp-json\/wp\/v2\/product\/30651\/revisions"}],"wp:featuredmedia":[{"embeddable":true,"href":"https:\/\/desdropi.com\/elparque\/wp-json\/wp\/v2\/media\/165425"}],"wp:attachment":[{"href":"https:\/\/desdropi.com\/elparque\/wp-json\/wp\/v2\/media?parent=30651"}],"wp:term":[{"taxonomy":"product_cat","embeddable":true,"href":"https:\/\/desdropi.com\/elparque\/wp-json\/wp\/v2\/product_cat?post=30651"},{"taxonomy":"product_tag","embeddable":true,"href":"https:\/\/desdropi.com\/elparque\/wp-json\/wp\/v2\/product_tag?post=30651"}],"curies":[{"name":"wp","href":"https:\/\/api.w.org\/{rel}","templated":true}]}}