{"id":31195,"date":"2021-11-11T10:59:57","date_gmt":"2021-11-11T08:59:57","guid":{"rendered":"https:\/\/desdropi.com\/elparque\/depiladora-braun-5875-beauty-set-231619\/"},"modified":"2025-04-13T21:26:03","modified_gmt":"2025-04-13T19:26:03","slug":"depiladora-braun-5875-beauty-set-231619","status":"publish","type":"product","link":"https:\/\/desdropi.com\/elparque\/depiladora-braun-5875-beauty-set-231619\/","title":{"rendered":"Depiladora Braun 5875 Beauty Set 231619"},"content":{"rendered":"<div class=\"descripcion-tab\">\n<h4>DEPILADORA BRAUN 5875 BEAUTY SET 231619<\/h4>\n<p><strong>Peso y dimensiones<\/strong><\/p>\n<ul>\n<li>Peso: 623,6 g<\/li>\n<li>Peso de la bater\u00eda: 31,9 g<\/li>\n<\/ul>\n<p><strong>Control de energ\u00eda<\/strong><\/p>\n<ul>\n<li>Autonom\u00eda (Minutos): 30<\/li>\n<li>Voltaje de salida de adaptador AC: 12 V<\/li>\n<li>Tipo de bater\u00eda: Bater\u00eda integrada<\/li>\n<li>Tiempo de carga: 1 h<\/li>\n<li>Numero de bater\u00edas soportadas: 1<\/li>\n<li>Voltaje de la pila: 3,7 V<\/li>\n<li>Voltaje de entrada AC: 100 &#8211; 240V<\/li>\n<li>Fuente de energ\u00eda: Bater\u00eda<\/li>\n<li>Carga r\u00e1pida: No<\/li>\n<li>Variable voltage: S\u00ed<\/li>\n<\/ul>\n<p><strong>Detalles t\u00e9cnicos<\/strong><\/p>\n<ul>\n<li>Tecnolog\u00eda de eliminaci\u00f3n del vello: Pinzas<\/li>\n<\/ul>\n<p><strong>Empaquetado<\/strong><\/p>\n<ul>\n<li>Tipo de embalaje: Caja<\/li>\n<li>Profundidad del paquete: 260 mm<\/li>\n<li>Ancho del paquete: 70 mm<\/li>\n<li>Altura del paquete: 197 mm<\/li>\n<li>Peso del paquete: 801,04 g<\/li>\n<li>Outer case depth: 27,6 cm<\/li>\n<li>Outer case width: 22,4 cm<\/li>\n<li>Outer case height: 21,5 cm<\/li>\n<li>Outer case weight: 2,61 kg<\/li>\n<li>Units per case: 3 pieza(s)<\/li>\n<\/ul>\n<p><strong>Contenido del embalaje<\/strong><\/p>\n<ul>\n<li>Funda para almacenamiento: S\u00ed<\/li>\n<li>Adaptador AC incluido: S\u00ed<\/li>\n<li>Cepillo de limpieza facial: S\u00ed<\/li>\n<\/ul>\n<p><strong>Caracter\u00edsticas<\/strong><\/p>\n<ul>\n<li>Color del producto: Blanco, Rosa<\/li>\n<li>N\u00famero de pinzas: 28 pinzas<\/li>\n<li>Afeitadora: S\u00ed<\/li>\n<li>Recortadora: S\u00ed<\/li>\n<li>Lavable: S\u00ed<\/li>\n<li>Adecuado para el pelo corto: S\u00ed<\/li>\n<li>Mojado y seco: S\u00ed<\/li>\n<li>Refrigeraci\u00f3n: No<\/li>\n<li>N\u00famero de velocidades: 2<\/li>\n<li>Funci\u00f3n de masaje: S\u00ed<\/li>\n<li>Zonas del cuerpo: Bikini, Front thigh, Parte interior superior del brazo<\/li>\n<li>Cabezal de afeitado: S\u00ed<\/li>\n<li>Cabezal de corte para bikini: S\u00ed<\/li>\n<li>A prueba de agua: S\u00ed<\/li>\n<li>Indicadores LED: S\u00ed<\/li>\n<li>Sin cables: S\u00ed<\/li>\n<li>Pu\u00f1o ergon\u00f3mico: S\u00ed<\/li>\n<li>Pa\u00eds de origen: Alemania<\/li>\n<li>Indicador de nivel de bater\u00eda: S\u00ed<\/li>\n<li>Tipo de visualizador: LED<\/li>\n<\/ul>\n<\/div>\n","protected":false},"excerpt":{"rendered":"<p>DEPILADORA BRAUN 5875 BEAUTY SET 231619 Peso y dimensiones Peso: 623,6 g Peso de la bater\u00eda: 31,9 g Control de<\/p>\n","protected":false},"featured_media":188936,"comment_status":"open","ping_status":"closed","template":"","meta":{"_joinchat":[]},"product_cat":[6510,6878,825,6097],"product_tag":[],"class_list":{"0":"post-31195","1":"product","2":"type-product","3":"status-publish","4":"has-post-thumbnail","6":"product_cat-vello-y-pelo","7":"product_cat-depiladoras","8":"product_cat-pequeno-electrodomestico","9":"product_cat-cuidado-personal","10":"pa_marca-braun","12":"first","13":"instock","14":"taxable","15":"shipping-taxable","16":"purchasable","17":"product-type-simple"},"_links":{"self":[{"href":"https:\/\/desdropi.com\/elparque\/wp-json\/wp\/v2\/product\/31195"}],"collection":[{"href":"https:\/\/desdropi.com\/elparque\/wp-json\/wp\/v2\/product"}],"about":[{"href":"https:\/\/desdropi.com\/elparque\/wp-json\/wp\/v2\/types\/product"}],"replies":[{"embeddable":true,"href":"https:\/\/desdropi.com\/elparque\/wp-json\/wp\/v2\/comments?post=31195"}],"version-history":[{"count":1,"href":"https:\/\/desdropi.com\/elparque\/wp-json\/wp\/v2\/product\/31195\/revisions"}],"predecessor-version":[{"id":224564,"href":"https:\/\/desdropi.com\/elparque\/wp-json\/wp\/v2\/product\/31195\/revisions\/224564"}],"wp:featuredmedia":[{"embeddable":true,"href":"https:\/\/desdropi.com\/elparque\/wp-json\/wp\/v2\/media\/188936"}],"wp:attachment":[{"href":"https:\/\/desdropi.com\/elparque\/wp-json\/wp\/v2\/media?parent=31195"}],"wp:term":[{"taxonomy":"product_cat","embeddable":true,"href":"https:\/\/desdropi.com\/elparque\/wp-json\/wp\/v2\/product_cat?post=31195"},{"taxonomy":"product_tag","embeddable":true,"href":"https:\/\/desdropi.com\/elparque\/wp-json\/wp\/v2\/product_tag?post=31195"}],"curies":[{"name":"wp","href":"https:\/\/api.w.org\/{rel}","templated":true}]}}