{"id":31733,"date":"2021-11-11T11:05:38","date_gmt":"2021-11-11T09:05:38","guid":{"rendered":"https:\/\/desdropi.com\/elparque\/set-ollas-presion-monix-duo-presto-46-litrosm911005\/"},"modified":"2024-05-18T23:28:21","modified_gmt":"2024-05-18T21:28:21","slug":"set-ollas-presion-monix-duo-presto-46-litrosm911005","status":"publish","type":"product","link":"https:\/\/desdropi.com\/elparque\/set-ollas-presion-monix-duo-presto-46-litrosm911005\/","title":{"rendered":"Set Ollas Presion Monix Duo Presto 4+6 Litrosm911005"},"content":{"rendered":"<div class=\"descripcion-tab\">\n<ul>\n<li>Con su presi\u00f3n conseguir\u00e1 preparar las recetas m\u00e1s sanas y ricas en vitaminas de una manera r\u00e1pida y saludable.<\/li>\n<li>Triple fondo difusor, compatible con todas las fuentes de calor, incluida la inducci\u00f3n; cuerpo apto para limpieza en lavavajillas.<\/li>\n<li>Triple sistema de seguridad, con el que cocinar\u00e1s de la manera m\u00e1s f\u00e1cil, r\u00e1pida y segura cumpliendo con la normativa CE.<\/li>\n<li>Mango de tijera ergon\u00f3micos de baquelita termo resistente que permite una f\u00e1cil y pr\u00e1ctica apertura; indicador de llenado m\u00e1ximo y m\u00ednimo.<\/li>\n<li>La cocci\u00f3n es m\u00e1s r\u00e1pida y nos permite ahorrar hasta un 70% de energ\u00eda y de tiempo sin perder las vitaminas.<\/li>\n<\/ul>\n<p><strong>Monix<\/strong><\/p>\n<ul>\n<li>Monix ha estado presente en los hogares desde hace m\u00e1s de 60 a\u00f1os, sin duda una marca muy vinculada a la historia del menaje, tanto en el mercado Nacional como a nivel internacional.<\/li>\n<li>Monix, en la actualidad, se ha consolidado como uno de los l\u00edderes de fabricaci\u00f3n y comercializaci\u00f3n de productos para el menaje del hogar, constituyendo una opci\u00f3n innovadora en el dise\u00f1o, con una fuerte presencia en todos los canales de distribuci\u00f3n a la altura de las mejores expectativas de nuestros clientes.<\/li>\n<li>Hoy en d\u00eda, la gastronom\u00eda se ha convertido en un placer para todos y cocinar es un acto social que marca nuestro estilo de vida. Para satisfacer esta necesidad, Monix es una apuesta segura ya que ofrece soluciones pr\u00e1cticas, con una amplia gama de alta calidad que se adapta a los consumidores m\u00e1s exigentes.<\/li>\n<li>Hoy como siempre &#8211; Qu\u00e9 menox\u2026que Monix.<\/li>\n<\/ul>\n<p><strong>Monix- Olla a presi\u00f3n Presto<\/strong><\/p>\n<ul>\n<li>Monix presenta Presto, la olla a presi\u00f3n sin complicaciones para el d\u00eda a d\u00eda en tu cocina.<\/li>\n<li>Decide tu receta, cierra la tapa y con su presi\u00f3n conseguir\u00e1 preparar las recetas m\u00e1s sanas y ricas en vitaminas de una manera r\u00e1pida y saludable, contribuyendo adem\u00e1s al ahorro de energ\u00eda.<\/li>\n<li>Presto, est\u00e1 fabricada en acero inoxidable 18\/10 de la m\u00e1s alta calidad, triple fondo difusor con el que conseguir\u00e1s el m\u00e1ximo aprovechamiento del calor y triple sistema de seguridad, con el que cocinar\u00e1s de la manera m\u00e1s f\u00e1cil, r\u00e1pida y segura. Adem\u00e1s, es compatible con todas las fuentes de calor, incluida la inducci\u00f3n.<\/li>\n<\/ul>\n<\/div>\n","protected":false},"excerpt":{"rendered":"<p>Con su presi\u00f3n conseguir\u00e1 preparar las recetas m\u00e1s sanas y ricas en vitaminas de una manera r\u00e1pida y saludable. Triple<\/p>\n","protected":false},"featured_media":202963,"comment_status":"open","ping_status":"closed","template":"","meta":{"_joinchat":[]},"product_cat":[5661,5662,5877],"product_tag":[],"class_list":{"0":"post-31733","1":"product","2":"type-product","3":"status-publish","4":"has-post-thumbnail","6":"product_cat-menaje","7":"product_cat-menaje-de-cocina","8":"product_cat-ollas-a-presion","9":"pa_marca-monix","11":"first","12":"instock","13":"taxable","14":"shipping-taxable","15":"purchasable","16":"product-type-simple"},"_links":{"self":[{"href":"https:\/\/desdropi.com\/elparque\/wp-json\/wp\/v2\/product\/31733"}],"collection":[{"href":"https:\/\/desdropi.com\/elparque\/wp-json\/wp\/v2\/product"}],"about":[{"href":"https:\/\/desdropi.com\/elparque\/wp-json\/wp\/v2\/types\/product"}],"replies":[{"embeddable":true,"href":"https:\/\/desdropi.com\/elparque\/wp-json\/wp\/v2\/comments?post=31733"}],"version-history":[{"count":0,"href":"https:\/\/desdropi.com\/elparque\/wp-json\/wp\/v2\/product\/31733\/revisions"}],"wp:featuredmedia":[{"embeddable":true,"href":"https:\/\/desdropi.com\/elparque\/wp-json\/wp\/v2\/media\/202963"}],"wp:attachment":[{"href":"https:\/\/desdropi.com\/elparque\/wp-json\/wp\/v2\/media?parent=31733"}],"wp:term":[{"taxonomy":"product_cat","embeddable":true,"href":"https:\/\/desdropi.com\/elparque\/wp-json\/wp\/v2\/product_cat?post=31733"},{"taxonomy":"product_tag","embeddable":true,"href":"https:\/\/desdropi.com\/elparque\/wp-json\/wp\/v2\/product_tag?post=31733"}],"curies":[{"name":"wp","href":"https:\/\/api.w.org\/{rel}","templated":true}]}}