{"id":31747,"date":"2021-11-11T11:05:38","date_gmt":"2021-11-11T09:05:38","guid":{"rendered":"https:\/\/desdropi.com\/elparque\/cacerola-alta-bra-efficient-32-cm-a270332\/"},"modified":"2025-04-13T21:38:03","modified_gmt":"2025-04-13T19:38:03","slug":"cacerola-alta-bra-efficient-32-cm-a270332","status":"publish","type":"product","link":"https:\/\/desdropi.com\/elparque\/cacerola-alta-bra-efficient-32-cm-a270332\/","title":{"rendered":"Cacerola Alta Bra Efficient 32 Cm A270332"},"content":{"rendered":"<div class=\"descripcion-tab\">\n<ul>\n<li>La cacerola alta Efficient re\u00fane la eficacia y la calidad para un uso de cocina intensiva con los mejores resultados. Es una cacerola robusta y duradera gracias a su cuerpo fabricado en aluminio fundido y a la calidad de su antiadherente Platinum Plus libre de PFOA.<\/li>\n<li>Es apta para todas las fuentes de calor (incluida la inducci\u00f3n) gracias a su fondo difusor full induction. Adem\u00e1s tiene un excelente reparto de la temperatura para una cocci\u00f3n perfecta de todas nuestras recetas.<\/li>\n<li>Incluye tapa y dos asas de silicona en color naranja para coger la cacerola con comodidad.<\/li>\n<li>La cacerola alta Efficient es de lo m\u00e1s vers\u00e1til, ya que te permitir\u00e1 hacer todo tipo de recetas, desde un guiso al fuego, a asar la carne que prefieras, unas verduras enteras o troceadas o preparar pescado al horno. Incluso vas a poder elaborar recetas dulces deliciosas y algunos tipos de pan.<\/li>\n<li>Resulta ideal para cocinar platos de cuchara como un potaje de garbanzos con bacalao, unas patatas guisadas o los arroces caldosos que m\u00e1s te gusten: de verduras, carne, marisco o pescado, controlando la cocci\u00f3n en todo momento gracias a su tapa de cristal. Por su capacidad, son ideales para guisar una caldereta de cordero, una zarzuela de pescado o un estofado de ternera o de pollo.<\/li>\n<li>Su versatilidad la hace ideal para que puedas preparar cualquier plato en el horno, desde un sabroso pollo con patatas o tu carne asada favorita. Es perfecta tambi\u00e9n para hornear un delicioso bizcocho, un pastel de queso tipo \u00abla Vi\u00f1a\u00bb, asar peras o manzanas e incluso preparar unas deliciosas tartas de frutas. Gracias a su antiadherente, podr\u00e1s cocinar cualquier guiso con muy poco aceite y sin que se pegue nada, de una forma muy eficiente. Y adem\u00e1s resulta muy f\u00e1cil y c\u00f3moda de limpiar.<\/li>\n<\/ul>\n<p><strong>Caracter\u00edsticas<\/strong><\/p>\n<ul>\n<li>Fabricada en aluminio fundido extremadamente resistente a la deformaci\u00f3n (6mm de espesor en la base).<\/li>\n<li>Revestimiento antiadherente Tefl\u00f3n Platinum Plus de alta calidad y muy duradero. 100% libre de PFOA.<\/li>\n<li>Fondo full induction compatible con todas las fuentes de calor incluida la inducci\u00f3n.<\/li>\n<li>Cuerpo apto para horno hasta 220\u00baC (usar en el horno sin la tapa de cristal y las asas de silicona).<\/li>\n<li>Incluye tapa de cristal y asas de silicona.<\/li>\n<\/ul>\n<p><strong>Medidas<\/strong><\/p>\n<ul>\n<li>Di\u00e1metro superior \u2013 32 cm<\/li>\n<li>Di\u00e1metro base \u2013 25,5 cm<\/li>\n<li>Altura \u2013 12 cm<\/li>\n<li>Capacidad \u2013 8,3 litros<\/li>\n<li>Porciones \u2013 8 porciones<\/li>\n<\/ul>\n<\/div>\n","protected":false},"excerpt":{"rendered":"<p>La cacerola alta Efficient re\u00fane la eficacia y la calidad para un uso de cocina intensiva con los mejores resultados.<\/p>\n","protected":false},"featured_media":221928,"comment_status":"open","ping_status":"closed","template":"","meta":{"_joinchat":[]},"product_cat":[5661,5662,5766],"product_tag":[],"class_list":{"0":"post-31747","1":"product","2":"type-product","3":"status-publish","4":"has-post-thumbnail","6":"product_cat-menaje","7":"product_cat-menaje-de-cocina","8":"product_cat-cacerolas","9":"pa_marca-bra","11":"first","12":"instock","13":"taxable","14":"shipping-taxable","15":"purchasable","16":"product-type-simple"},"_links":{"self":[{"href":"https:\/\/desdropi.com\/elparque\/wp-json\/wp\/v2\/product\/31747"}],"collection":[{"href":"https:\/\/desdropi.com\/elparque\/wp-json\/wp\/v2\/product"}],"about":[{"href":"https:\/\/desdropi.com\/elparque\/wp-json\/wp\/v2\/types\/product"}],"replies":[{"embeddable":true,"href":"https:\/\/desdropi.com\/elparque\/wp-json\/wp\/v2\/comments?post=31747"}],"version-history":[{"count":1,"href":"https:\/\/desdropi.com\/elparque\/wp-json\/wp\/v2\/product\/31747\/revisions"}],"predecessor-version":[{"id":224580,"href":"https:\/\/desdropi.com\/elparque\/wp-json\/wp\/v2\/product\/31747\/revisions\/224580"}],"wp:featuredmedia":[{"embeddable":true,"href":"https:\/\/desdropi.com\/elparque\/wp-json\/wp\/v2\/media\/221928"}],"wp:attachment":[{"href":"https:\/\/desdropi.com\/elparque\/wp-json\/wp\/v2\/media?parent=31747"}],"wp:term":[{"taxonomy":"product_cat","embeddable":true,"href":"https:\/\/desdropi.com\/elparque\/wp-json\/wp\/v2\/product_cat?post=31747"},{"taxonomy":"product_tag","embeddable":true,"href":"https:\/\/desdropi.com\/elparque\/wp-json\/wp\/v2\/product_tag?post=31747"}],"curies":[{"name":"wp","href":"https:\/\/api.w.org\/{rel}","templated":true}]}}