{"id":31771,"date":"2021-11-11T11:05:38","date_gmt":"2021-11-11T09:05:38","guid":{"rendered":"https:\/\/desdropi.com\/elparque\/grill-bra-foodie-28-cm-a491328\/"},"modified":"2024-05-18T23:28:29","modified_gmt":"2024-05-18T21:28:29","slug":"grill-bra-foodie-28-cm-a491328","status":"publish","type":"product","link":"https:\/\/desdropi.com\/elparque\/grill-bra-foodie-28-cm-a491328\/","title":{"rendered":"Grill Bra Foodie 28 Cm A491328"},"content":{"rendered":"<div class=\"descripcion-tab\">\n<strong>Informaci\u00f3n del producto<\/strong><\/p>\n<ul>\n<li>El grill Foodie es una grill ideal para el d\u00eda a d\u00eda en la cocina, siendo una fant\u00e1stica opci\u00f3n por su relaci\u00f3n calidad\/precio, unidos a un dise\u00f1o moderno. Es una cacerola robusta fabricada en aluminio fundido con revestimiento antiadherente tricapa Teflon Innovations libre de PFOA.<\/li>\n<li>Es apto para todas las fuentes de calor (incluida la inducci\u00f3n) gracias a su fondo difusor full induction. Adem\u00e1s tiene un excelente reparto de la temperatura para una cocci\u00f3n perfecta de todas nuestras recetas.<\/li>\n<\/ul>\n<p><strong>Caracter\u00edsticas<\/strong><\/p>\n<ul>\n<li>Fabricado en aluminio fundido muy resistente a la deformaci\u00f3n (5,5mm de espesor en la base).<\/li>\n<li>Revestimiento antiadherente tricapa Tefl\u00f3n Innovations 100% libre de PFOA.<\/li>\n<li>Fondo full induction compatible con todas las fuentes de calor incluida la inducci\u00f3n.<\/li>\n<li>Mango ergon\u00f3mico en color negro con silicona de color verde para un agarre agradable y seguro.<\/li>\n<\/ul>\n<p><strong>Medidas<\/strong><\/p>\n<p>Tama\u00f1o superior, Di\u00e1metro base y Altura.<\/p>\n<ul>\n<li>22 x 25 cm 16,9cm 6,5cm<\/li>\n<li>28 x 31 cm 21cm 8cm<\/li>\n<\/ul>\n<p><strong>Por qu\u00e9 elegir la colecci\u00f3n Foodie<\/strong><\/p>\n<ul>\n<li>Con un estilo fresco y colorido y una gran funcionalidad, la colecci\u00f3n Foodie (de Bra) te invita a dar un paso m\u00e1s en la cocina. Dise\u00f1ada para que preparar tus recetas m\u00e1s elaboradas con un m\u00e1ximo aprovechamiento del calor, sea muy sencillo. La colecci\u00f3n Foodie es una compa\u00f1era ideal para el d\u00eda a d\u00eda.<\/li>\n<\/ul>\n<p><strong>Aspectos a destacar<\/strong><\/p>\n<ul>\n<li>Recubrimiento muy resistente.<\/li>\n<li>Perfecta para un uso m\u00e1s intensivo.<\/li>\n<li>Ahorro energ\u00e9tico.<\/li>\n<\/ul>\n<\/div>\n","protected":false},"excerpt":{"rendered":"<p>Informaci\u00f3n del producto El grill Foodie es una grill ideal para el d\u00eda a d\u00eda en la cocina, siendo una<\/p>\n","protected":false},"featured_media":221620,"comment_status":"open","ping_status":"closed","template":"","meta":{"_joinchat":[]},"product_cat":[5661,5662,6135],"product_tag":[],"class_list":{"0":"post-31771","1":"product","2":"type-product","3":"status-publish","4":"has-post-thumbnail","6":"product_cat-menaje","7":"product_cat-menaje-de-cocina","8":"product_cat-grills-menaje-de-cocina","9":"pa_marca-bra","11":"first","12":"instock","13":"taxable","14":"shipping-taxable","15":"purchasable","16":"product-type-simple"},"_links":{"self":[{"href":"https:\/\/desdropi.com\/elparque\/wp-json\/wp\/v2\/product\/31771"}],"collection":[{"href":"https:\/\/desdropi.com\/elparque\/wp-json\/wp\/v2\/product"}],"about":[{"href":"https:\/\/desdropi.com\/elparque\/wp-json\/wp\/v2\/types\/product"}],"replies":[{"embeddable":true,"href":"https:\/\/desdropi.com\/elparque\/wp-json\/wp\/v2\/comments?post=31771"}],"version-history":[{"count":0,"href":"https:\/\/desdropi.com\/elparque\/wp-json\/wp\/v2\/product\/31771\/revisions"}],"wp:featuredmedia":[{"embeddable":true,"href":"https:\/\/desdropi.com\/elparque\/wp-json\/wp\/v2\/media\/221620"}],"wp:attachment":[{"href":"https:\/\/desdropi.com\/elparque\/wp-json\/wp\/v2\/media?parent=31771"}],"wp:term":[{"taxonomy":"product_cat","embeddable":true,"href":"https:\/\/desdropi.com\/elparque\/wp-json\/wp\/v2\/product_cat?post=31771"},{"taxonomy":"product_tag","embeddable":true,"href":"https:\/\/desdropi.com\/elparque\/wp-json\/wp\/v2\/product_tag?post=31771"}],"curies":[{"name":"wp","href":"https:\/\/api.w.org\/{rel}","templated":true}]}}