{"id":32251,"date":"2021-11-11T11:10:52","date_gmt":"2021-11-11T09:10:52","guid":{"rendered":"https:\/\/desdropi.com\/elparque\/lavadora-beko-wta10712xswr-10kg-1400rpm-a-10\/"},"modified":"2024-05-17T12:59:39","modified_gmt":"2024-05-17T10:59:39","slug":"lavadora-beko-wta10712xswr","status":"publish","type":"product","link":"https:\/\/desdropi.com\/elparque\/lavadora-beko-wta10712xswr\/","title":{"rendered":"Lavadora Beko Wta10712Xswr 10Kg 1400Rpm A+++-10%"},"content":{"rendered":"<div class=\"descripcion-tab\">\n<h4>LAVADORA BEKO WTA10712XSWR<\/h4>\n<p>La lavadora Beko WTA10712XSWR es un dispositivo de carga frontal con una capacidad de carga de 10 kg y una velocidad m\u00e1xima de centrifugado de 1400 rpm. Cuenta con una eficiencia energ\u00e9tica alta (A+++) y un bajo nivel de ruido, gracias al motor ProSmart de velocidad variable y sin fricci\u00f3n que ofrece un bajo consumo y mayor duraci\u00f3n. La lavadora tambi\u00e9n incluye la funci\u00f3n StainExpert\u2122 &#8211; Manchas PRO, que est\u00e1 dise\u00f1ada espec\u00edficamente para acabar con 24 tipos de manchas diferentes, desde caf\u00e9 hasta sangre. Adem\u00e1s, la lavadora tiene una pantalla LED que muestra informaci\u00f3n \u00fatil como el tiempo restante de lavado y la temperatura seleccionada. En general, la Beko WTA10712XSWR es una excelente opci\u00f3n para aquellas personas que buscan una lavadora de alta calidad y eficiencia energ\u00e9tica.<\/p>\n<h4><strong>Peso y dimensiones<\/strong><\/h4>\n<ul>\n<li>Alto &#8211; 840 mm<\/li>\n<li>Ancho &#8211; 600 mm<\/li>\n<li>Profundidad &#8211; 640 mm<\/li>\n<li>Peso &#8211; 71 kg<\/li>\n<\/ul>\n<h4><strong>Control de energ\u00eda<\/strong><\/h4>\n<ul>\n<li>Eficiencia energ\u00e9tica &#8211; B<\/li>\n<li>Consumo anual de energ\u00eda, lavado &#8211; 214 kWh<\/li>\n<li>Consumo anual de agua de lavado &#8211; 12539 L<\/li>\n<li>Consumo de energ\u00eda por ciclo de lavado &#8211; 1,29 kWh<\/li>\n<li>Consumo de energ\u00eda (apagado) &#8211; 0,5 W<\/li>\n<li>Consumo de energ\u00eda (inactivo) &#8211; 1 W<\/li>\n<\/ul>\n<h4><strong>Empaquetado<\/strong><\/h4>\n<ul>\n<li>Altura del paquete &#8211; 880 mm<\/li>\n<li>Ancho del paquete &#8211; 650 mm<\/li>\n<li>Profundidad del paquete &#8211; 650 mm<\/li>\n<li>Peso del paquete &#8211; 72 kg<\/li>\n<\/ul>\n<h4><strong>Ergonom\u00eda<\/strong><\/h4>\n<ul>\n<li>Bloqueo para ni\u00f1os &#8211; S\u00ed<\/li>\n<li>Indicador tiempo restante de lavado &#8211; S\u00ed<\/li>\n<li>Indicador de etapa del programa LED &#8211; S\u00ed<\/li>\n<\/ul>\n<h4><strong>Dise\u00f1o<\/strong><\/h4>\n<ul>\n<li>Tipo &#8211; Independiente<\/li>\n<li>Carga Frontal \/ Superior. &#8211; Frontal<\/li>\n<li>Color del producto &#8211; Blanco<\/li>\n<li>Transmisi\u00f3n directa &#8211; S\u00ed<\/li>\n<li>Pantalla incorporada &#8211; S\u00ed<\/li>\n<li>Tipo de control &#8211; Giratorio, Tocar<\/li>\n<li>Bisagra para puerta &#8211; Izquierda<\/li>\n<li>Color de la puerta &#8211; Negro<\/li>\n<li>Material del tambor &#8211; Acero inoxidable<\/li>\n<li>Ventana de visi\u00f3n &#8211; S\u00ed<\/li>\n<\/ul>\n<h4><strong>Desempe\u00f1o<\/strong><\/h4>\n<ul>\n<li>Capacidad de carga (kilos) &#8211; 10 kg<\/li>\n<li>M\u00e1xima velocidad de centrifugado &#8211; 1400 RPM<\/li>\n<li>Clase de secado por giro &#8211; B<\/li>\n<li>Nivel de ruido (centrifugado) &#8211; 76 dB<\/li>\n<li>Nivel de ruido (lavado) &#8211; 54 dB<\/li>\n<li>Programaci\u00f3n diferida &#8211; S\u00ed<\/li>\n<li>Tiempo de programaci\u00f3n &#8211; 19 h<\/li>\n<li>Tiempo del ciclo (m\u00e1x.) &#8211; 238 min<\/li>\n<li>humedad residual &#8211; 53%<\/li>\n<li>Velocidad de rotaci\u00f3n ajustable &#8211; S\u00ed<\/li>\n<li>Control autom\u00e1tico de carga &#8211; S\u00ed<\/li>\n<li>AquaStop funci\u00f3n &#8211; S\u00ed<\/li>\n<li>Temperatura ajustable &#8211; S\u00ed<\/li>\n<li>N\u00famero de programas\/funciones de lavado &#8211; 15<\/li>\n<\/ul>\n<h4><strong>Programas de lavado<\/strong><\/h4>\n<ul>\n<li>Programa de lavado mix &#8211; S\u00ed<\/li>\n<li>Programa de prelavado &#8211; S\u00ed<\/li>\n<li>Programa de lavado r\u00e1pido &#8211; S\u00ed<\/li>\n<li>Programa de lavado de deporte &#8211; S\u00ed<\/li>\n<li>Programa de lavado sint\u00e9tico &#8211; S\u00ed<\/li>\n<li>Programa de lavado de algod\u00f3n &#8211; S\u00ed<\/li>\n<li>Programa de lavado delicado\/seda- S\u00ed<\/li>\n<li>Programa de lavado a mano\/lana &#8211; S\u00ed<\/li>\n<li>Wool washing program &#8211; S\u00ed<\/li>\n<li>Programa de lavado intensivo\/exterior &#8211; S\u00ed<\/li>\n<li>Programa a vapor &#8211; S\u00ed<\/li>\n<\/ul>\n<\/div>\n","protected":false},"excerpt":{"rendered":"<p><a href=\"https:\/\/desdropi.com\/elparque\/wp-content\/uploads\/239574.pdf\" target=\"_blank\" rel=\"noopener\"><img decoding=\"async\" class=\"alignnone wp-image-205373 size-full\" src=\"https:\/\/desdropi.com\/elparque\/wp-content\/uploads\/eficiencia-B.png\" alt=\"\" width=\"56\" height=\"33\" \/><\/a><\/p>\n<p><a href=\"https:\/\/desdropi.com\/elparque\/wp-content\/uploads\/239574.2.pdf\" target=\"_blank\" rel=\"noopener\" style=\"text-decoration:underline;\">Ficha de informaci\u00f3n de producto<\/a><\/p>\n","protected":false},"featured_media":189282,"comment_status":"open","ping_status":"closed","template":"","meta":{"_joinchat":[]},"product_cat":[6444,6443,780],"product_tag":[],"class_list":{"0":"post-32251","1":"product","2":"type-product","3":"status-publish","4":"has-post-thumbnail","6":"product_cat-carga-frontal-lavadoras","7":"product_cat-lavadoras","8":"product_cat-gran-electrodomestico","9":"pa_marca-beko","11":"first","12":"instock","13":"taxable","14":"shipping-taxable","15":"purchasable","16":"product-type-simple"},"_links":{"self":[{"href":"https:\/\/desdropi.com\/elparque\/wp-json\/wp\/v2\/product\/32251"}],"collection":[{"href":"https:\/\/desdropi.com\/elparque\/wp-json\/wp\/v2\/product"}],"about":[{"href":"https:\/\/desdropi.com\/elparque\/wp-json\/wp\/v2\/types\/product"}],"replies":[{"embeddable":true,"href":"https:\/\/desdropi.com\/elparque\/wp-json\/wp\/v2\/comments?post=32251"}],"version-history":[{"count":0,"href":"https:\/\/desdropi.com\/elparque\/wp-json\/wp\/v2\/product\/32251\/revisions"}],"wp:featuredmedia":[{"embeddable":true,"href":"https:\/\/desdropi.com\/elparque\/wp-json\/wp\/v2\/media\/189282"}],"wp:attachment":[{"href":"https:\/\/desdropi.com\/elparque\/wp-json\/wp\/v2\/media?parent=32251"}],"wp:term":[{"taxonomy":"product_cat","embeddable":true,"href":"https:\/\/desdropi.com\/elparque\/wp-json\/wp\/v2\/product_cat?post=32251"},{"taxonomy":"product_tag","embeddable":true,"href":"https:\/\/desdropi.com\/elparque\/wp-json\/wp\/v2\/product_tag?post=32251"}],"curies":[{"name":"wp","href":"https:\/\/api.w.org\/{rel}","templated":true}]}}