{"id":32277,"date":"2021-11-11T11:11:47","date_gmt":"2021-11-11T09:11:47","guid":{"rendered":"https:\/\/desdropi.com\/elparque\/botella-termo-liquido-lacor-62537-050l-inox-black\/"},"modified":"2025-04-13T21:50:13","modified_gmt":"2025-04-13T19:50:13","slug":"botella-termo-liquido-lacor-62537-050l-inox-black","status":"publish","type":"product","link":"https:\/\/desdropi.com\/elparque\/botella-termo-liquido-lacor-62537-050l-inox-black\/","title":{"rendered":"Botella\/Termo Liquido Lacor 62537 0,50L Inox Black"},"content":{"rendered":"<div class=\"descripcion-tab\">\n<ul>\n<li>Marca &#8211; Lacor.<\/li>\n<li>N\u00famero de modelo &#8211; \u200e62537.<\/li>\n<li>Color &#8211; Negro.<\/li>\n<li>Dimensiones del paquete \u200e27 x 8 x 8 cm; 330 gramos.<\/li>\n<li>Capacidad &#8211; \u200e0.5 Litros.<\/li>\n<li>Material &#8211; Acero inoxidable.<\/li>\n<li>Peso del producto &#8211; \u200e330 g.<\/li>\n<li>Fabricada en acero inoxidable y doble pared de aislamiento (no transmite ni frio ni calor).<\/li>\n<li>Duraci\u00f3n: bebidas fr\u00edas hasta 24 horas \/ bebidas calientes hasta 12 horas.<\/li>\n<li>Tapa herm\u00e9tica anti derrames.<\/li>\n<li>No transmite ni olores ni sabores.<\/li>\n<li>No apta para el lavavajillas.<\/li>\n<\/ul>\n<p><strong>Lacor<\/strong><\/p>\n<ul>\n<li>Con sus m\u00e1s de 70 a\u00f1os de experiencia, Lacor, es uno de los l\u00edderes en la fabricaci\u00f3n y distribuci\u00f3n de art\u00edculos de menaje para la hosteler\u00eda y el hogar. Fundamental dentro de la gastronom\u00eda espa\u00f1ola.<\/li>\n<li>Se trata de uno de los pocos fabricantes que mantienen la producci\u00f3n de gran parte de los art\u00edculos de su cat\u00e1logo en Espa\u00f1a. Nuestros productos est\u00e1n presentes en la pr\u00e1ctica totalidad de las cocinas del pa\u00eds.<\/li>\n<\/ul>\n<\/div>\n","protected":false},"excerpt":{"rendered":"<p>Marca &#8211; Lacor. N\u00famero de modelo &#8211; \u200e62537. Color &#8211; Negro. Dimensiones del paquete \u200e27 x 8 x 8 cm;<\/p>\n","protected":false},"featured_media":138218,"comment_status":"open","ping_status":"closed","template":"","meta":{"_joinchat":[]},"product_cat":[6427,5661,5662,5953],"product_tag":[],"class_list":{"0":"post-32277","1":"product","2":"type-product","3":"status-publish","4":"has-post-thumbnail","6":"product_cat-liquidos-termos","7":"product_cat-menaje","8":"product_cat-menaje-de-cocina","9":"product_cat-termos","10":"pa_marca-lacor","12":"first","13":"instock","14":"taxable","15":"shipping-taxable","16":"purchasable","17":"product-type-simple"},"_links":{"self":[{"href":"https:\/\/desdropi.com\/elparque\/wp-json\/wp\/v2\/product\/32277"}],"collection":[{"href":"https:\/\/desdropi.com\/elparque\/wp-json\/wp\/v2\/product"}],"about":[{"href":"https:\/\/desdropi.com\/elparque\/wp-json\/wp\/v2\/types\/product"}],"replies":[{"embeddable":true,"href":"https:\/\/desdropi.com\/elparque\/wp-json\/wp\/v2\/comments?post=32277"}],"version-history":[{"count":1,"href":"https:\/\/desdropi.com\/elparque\/wp-json\/wp\/v2\/product\/32277\/revisions"}],"predecessor-version":[{"id":224592,"href":"https:\/\/desdropi.com\/elparque\/wp-json\/wp\/v2\/product\/32277\/revisions\/224592"}],"wp:featuredmedia":[{"embeddable":true,"href":"https:\/\/desdropi.com\/elparque\/wp-json\/wp\/v2\/media\/138218"}],"wp:attachment":[{"href":"https:\/\/desdropi.com\/elparque\/wp-json\/wp\/v2\/media?parent=32277"}],"wp:term":[{"taxonomy":"product_cat","embeddable":true,"href":"https:\/\/desdropi.com\/elparque\/wp-json\/wp\/v2\/product_cat?post=32277"},{"taxonomy":"product_tag","embeddable":true,"href":"https:\/\/desdropi.com\/elparque\/wp-json\/wp\/v2\/product_tag?post=32277"}],"curies":[{"name":"wp","href":"https:\/\/api.w.org\/{rel}","templated":true}]}}