{"id":32279,"date":"2021-11-11T11:11:47","date_gmt":"2021-11-11T09:11:47","guid":{"rendered":"https:\/\/desdropi.com\/elparque\/botella-termo-liquido-lacor-62538-075l-inox-black\/"},"modified":"2025-04-13T21:51:16","modified_gmt":"2025-04-13T19:51:16","slug":"botella-termo-liquido-lacor-62538-075l-inox-black","status":"publish","type":"product","link":"https:\/\/desdropi.com\/elparque\/botella-termo-liquido-lacor-62538-075l-inox-black\/","title":{"rendered":"Botella\/Termo Liquido Lacor 62538 0,75L Inox Black"},"content":{"rendered":"<div class=\"descripcion-tab\">\n<strong>Acerca de este producto<\/strong><\/p>\n<ul>\n<li>Fabricada en acero inoxidable y doble pared de aislamiento (no transmite ni frio ni calor).<\/li>\n<li>Duraci\u00f3n: bebidas fr\u00edas hasta 24 horas \/ bebidas calientes hasta 12 horas.<\/li>\n<li>Tapa herm\u00e9tica anti derrames.<\/li>\n<li>No transmite ni olores ni sabores.<\/li>\n<li>No apta para el lavavajillas.<\/li>\n<\/ul>\n<p class=\"a-spacing-mini\"><strong>Lacor<\/strong><\/p>\n<ul>\n<li>Con sus m\u00e1s de 70 a\u00f1os de experiencia, Lacor, es uno de los l\u00edderes en la fabricaci\u00f3n y distribuci\u00f3n de art\u00edculos de menaje para la hosteler\u00eda y el hogar. Fundamental dentro de la gastronom\u00eda espa\u00f1ola.<\/li>\n<li>Se trata de uno de los pocos fabricantes que mantienen la producci\u00f3n de gran parte de los art\u00edculos de su cat\u00e1logo en Espa\u00f1a. Nuestros productos est\u00e1n presentes en la pr\u00e1ctica totalidad de las cocinas del pa\u00eds.<\/li>\n<\/ul>\n<\/div>\n","protected":false},"excerpt":{"rendered":"<p>Acerca de este producto Fabricada en acero inoxidable y doble pared de aislamiento (no transmite ni frio ni calor). Duraci\u00f3n:<\/p>\n","protected":false},"featured_media":138218,"comment_status":"open","ping_status":"closed","template":"","meta":{"_joinchat":[]},"product_cat":[6427,5661,5662,5953],"product_tag":[],"class_list":{"0":"post-32279","1":"product","2":"type-product","3":"status-publish","4":"has-post-thumbnail","6":"product_cat-liquidos-termos","7":"product_cat-menaje","8":"product_cat-menaje-de-cocina","9":"product_cat-termos","10":"pa_marca-lacor","12":"first","13":"instock","14":"taxable","15":"shipping-taxable","16":"purchasable","17":"product-type-simple"},"_links":{"self":[{"href":"https:\/\/desdropi.com\/elparque\/wp-json\/wp\/v2\/product\/32279"}],"collection":[{"href":"https:\/\/desdropi.com\/elparque\/wp-json\/wp\/v2\/product"}],"about":[{"href":"https:\/\/desdropi.com\/elparque\/wp-json\/wp\/v2\/types\/product"}],"replies":[{"embeddable":true,"href":"https:\/\/desdropi.com\/elparque\/wp-json\/wp\/v2\/comments?post=32279"}],"version-history":[{"count":1,"href":"https:\/\/desdropi.com\/elparque\/wp-json\/wp\/v2\/product\/32279\/revisions"}],"predecessor-version":[{"id":224593,"href":"https:\/\/desdropi.com\/elparque\/wp-json\/wp\/v2\/product\/32279\/revisions\/224593"}],"wp:featuredmedia":[{"embeddable":true,"href":"https:\/\/desdropi.com\/elparque\/wp-json\/wp\/v2\/media\/138218"}],"wp:attachment":[{"href":"https:\/\/desdropi.com\/elparque\/wp-json\/wp\/v2\/media?parent=32279"}],"wp:term":[{"taxonomy":"product_cat","embeddable":true,"href":"https:\/\/desdropi.com\/elparque\/wp-json\/wp\/v2\/product_cat?post=32279"},{"taxonomy":"product_tag","embeddable":true,"href":"https:\/\/desdropi.com\/elparque\/wp-json\/wp\/v2\/product_tag?post=32279"}],"curies":[{"name":"wp","href":"https:\/\/api.w.org\/{rel}","templated":true}]}}