{"id":32311,"date":"2021-11-11T11:11:47","date_gmt":"2021-11-11T09:11:47","guid":{"rendered":"https:\/\/desdropi.com\/elparque\/cortapelo-ufesa-cp6550-titanio-con-y-sin-cable-601045118\/"},"modified":"2024-05-17T12:59:39","modified_gmt":"2024-05-17T10:59:39","slug":"cortapelo-ufesa-cp6550-titanio-con-y-sin-cable-601045118","status":"publish","type":"product","link":"https:\/\/desdropi.com\/elparque\/cortapelo-ufesa-cp6550-titanio-con-y-sin-cable-601045118\/","title":{"rendered":"Cortapelo Ufesa Cp6550 Recargable Con Y Sin Cable"},"content":{"rendered":"<div class=\"descripcion-tab\">\n<strong>Control de energ\u00eda<\/strong><\/p>\n<ul>\n<li>Fuente de energ\u00eda \u2192 AC\/Bater\u00eda<\/li>\n<li>Recargable \u2192 S\u00ed<\/li>\n<li>Tipo de bater\u00eda \u2192 Bater\u00eda integrada<\/li>\n<li>Tecnolog\u00eda de bater\u00eda \u2192 N\u00edquel-metal hidruro (NiMH)<\/li>\n<li>Autonom\u00eda (Minutos) \u2192 45<\/li>\n<\/ul>\n<p><strong>Contenido del embalaje<\/strong><\/p>\n<ul>\n<li>Cantidad de peines \u2192 2<\/li>\n<li>Aceite incluido \u2192 S\u00ed<\/li>\n<li>Cepillo de limpieza \u2192 S\u00ed<\/li>\n<\/ul>\n<p><strong>Ergonom\u00eda<\/strong><\/p>\n<ul>\n<li>Lavable \u2192 S\u00ed<\/li>\n<\/ul>\n<p><strong>Desempe\u00f1o<\/strong><\/p>\n<ul>\n<li>Color del producto \u2192 Negro, Plata<\/li>\n<li>Material de la cuchilla \u2192 Acero inoxidable<\/li>\n<li>Cuchilla extra\u00edble \u2192 S\u00ed<\/li>\n<li>Longitud m\u00ednima del cabello \u2192 3<\/li>\n<li>Longitud m\u00e1xima del cabello \u2192 3,6<\/li>\n<\/ul>\n<\/div>\n","protected":false},"excerpt":{"rendered":"<p>Control de energ\u00eda Fuente de energ\u00eda \u2192 AC\/Bater\u00eda Recargable \u2192 S\u00ed Tipo de bater\u00eda \u2192 Bater\u00eda integrada Tecnolog\u00eda de bater\u00eda<\/p>\n","protected":false},"featured_media":175324,"comment_status":"open","ping_status":"closed","template":"","meta":{"_joinchat":[]},"product_cat":[6530,6510,825,6097],"product_tag":[],"class_list":{"0":"post-32311","1":"product","2":"type-product","3":"status-publish","4":"has-post-thumbnail","6":"product_cat-cortapelos","7":"product_cat-vello-y-pelo","8":"product_cat-pequeno-electrodomestico","9":"product_cat-cuidado-personal","10":"pa_marca-ufesa","12":"first","13":"instock","14":"taxable","15":"shipping-taxable","16":"purchasable","17":"product-type-simple"},"_links":{"self":[{"href":"https:\/\/desdropi.com\/elparque\/wp-json\/wp\/v2\/product\/32311"}],"collection":[{"href":"https:\/\/desdropi.com\/elparque\/wp-json\/wp\/v2\/product"}],"about":[{"href":"https:\/\/desdropi.com\/elparque\/wp-json\/wp\/v2\/types\/product"}],"replies":[{"embeddable":true,"href":"https:\/\/desdropi.com\/elparque\/wp-json\/wp\/v2\/comments?post=32311"}],"version-history":[{"count":0,"href":"https:\/\/desdropi.com\/elparque\/wp-json\/wp\/v2\/product\/32311\/revisions"}],"wp:featuredmedia":[{"embeddable":true,"href":"https:\/\/desdropi.com\/elparque\/wp-json\/wp\/v2\/media\/175324"}],"wp:attachment":[{"href":"https:\/\/desdropi.com\/elparque\/wp-json\/wp\/v2\/media?parent=32311"}],"wp:term":[{"taxonomy":"product_cat","embeddable":true,"href":"https:\/\/desdropi.com\/elparque\/wp-json\/wp\/v2\/product_cat?post=32311"},{"taxonomy":"product_tag","embeddable":true,"href":"https:\/\/desdropi.com\/elparque\/wp-json\/wp\/v2\/product_tag?post=32311"}],"curies":[{"name":"wp","href":"https:\/\/api.w.org\/{rel}","templated":true}]}}