{"id":32555,"date":"2021-11-11T11:15:04","date_gmt":"2021-11-11T09:15:04","guid":{"rendered":"https:\/\/desdropi.com\/elparque\/sarten-monix-titan-rock-18cm-m810018\/"},"modified":"2025-04-13T21:57:41","modified_gmt":"2025-04-13T19:57:41","slug":"sarten-monix-titan-rock-18cm-m810018","status":"publish","type":"product","link":"https:\/\/desdropi.com\/elparque\/sarten-monix-titan-rock-18cm-m810018\/","title":{"rendered":"Sarten Monix Titan Rock 18Cm M810018"},"content":{"rendered":"<div class=\"descripcion-tab\">\n<ul>\n<li>Aluminio forjado.<\/li>\n<li>Titanio reforzado.<\/li>\n<li>Medida: \u00d818cm.<\/li>\n<li>Full induction: El\u00e9ctrica, Gas, Vitrocer\u00e1mica y inducci\u00f3n.<\/li>\n<\/ul>\n<\/div>\n","protected":false},"excerpt":{"rendered":"<p>Aluminio forjado. Titanio reforzado. Medida: \u00d818cm. Full induction: El\u00e9ctrica, Gas, Vitrocer\u00e1mica y inducci\u00f3n.<\/p>\n","protected":false},"featured_media":200297,"comment_status":"open","ping_status":"closed","template":"","meta":{"_joinchat":[]},"product_cat":[5661,5662,5768],"product_tag":[],"class_list":{"0":"post-32555","1":"product","2":"type-product","3":"status-publish","4":"has-post-thumbnail","6":"product_cat-menaje","7":"product_cat-menaje-de-cocina","8":"product_cat-sartenes","9":"pa_marca-monix","11":"first","12":"instock","13":"taxable","14":"shipping-taxable","15":"purchasable","16":"product-type-simple"},"_links":{"self":[{"href":"https:\/\/desdropi.com\/elparque\/wp-json\/wp\/v2\/product\/32555"}],"collection":[{"href":"https:\/\/desdropi.com\/elparque\/wp-json\/wp\/v2\/product"}],"about":[{"href":"https:\/\/desdropi.com\/elparque\/wp-json\/wp\/v2\/types\/product"}],"replies":[{"embeddable":true,"href":"https:\/\/desdropi.com\/elparque\/wp-json\/wp\/v2\/comments?post=32555"}],"version-history":[{"count":1,"href":"https:\/\/desdropi.com\/elparque\/wp-json\/wp\/v2\/product\/32555\/revisions"}],"predecessor-version":[{"id":224599,"href":"https:\/\/desdropi.com\/elparque\/wp-json\/wp\/v2\/product\/32555\/revisions\/224599"}],"wp:featuredmedia":[{"embeddable":true,"href":"https:\/\/desdropi.com\/elparque\/wp-json\/wp\/v2\/media\/200297"}],"wp:attachment":[{"href":"https:\/\/desdropi.com\/elparque\/wp-json\/wp\/v2\/media?parent=32555"}],"wp:term":[{"taxonomy":"product_cat","embeddable":true,"href":"https:\/\/desdropi.com\/elparque\/wp-json\/wp\/v2\/product_cat?post=32555"},{"taxonomy":"product_tag","embeddable":true,"href":"https:\/\/desdropi.com\/elparque\/wp-json\/wp\/v2\/product_tag?post=32555"}],"curies":[{"name":"wp","href":"https:\/\/api.w.org\/{rel}","templated":true}]}}