{"id":32565,"date":"2021-11-11T11:15:39","date_gmt":"2021-11-11T09:15:39","guid":{"rendered":"https:\/\/desdropi.com\/elparque\/grill-monix-titan-rock-28x28-rayas-m810029\/"},"modified":"2025-04-13T21:57:59","modified_gmt":"2025-04-13T19:57:59","slug":"grill-monix-titan-rock-28x28-rayas-m810029","status":"publish","type":"product","link":"https:\/\/desdropi.com\/elparque\/grill-monix-titan-rock-28x28-rayas-m810029\/","title":{"rendered":"Grill Monix Titan Rock 28X28 Rayas M810029"},"content":{"rendered":"<div class=\"descripcion-tab\">\n<ul>\n<li>Unidad de embalaje &#8211; 6.<\/li>\n<li>Material de fabricaci\u00f3n Mango \/ Asas.<\/li>\n<li>Mango ergon\u00f3mico con acabado Soft-Touch e \u201cinsert\u201d en color rojo.<\/li>\n<li>Espesor base &#8211; 4 mm.<\/li>\n<li>Acabado Interior &#8211; Revestimiento antiadherente interior y exterior tri-capa Quantanium Witford\u00ae con part\u00edculas de TITANIO y acabado piedra, asegura una m\u00e1xima anti-adherencia y gran resistencia adem\u00e1s de una limpieza higi\u00e9nica.<\/li>\n<li>M\u00e1s caracter\u00edsticas &#8211; Apta para todo tipo de cocinas, incluidas las de inducci\u00f3n.<\/li>\n<li>M\u00e1s caracter\u00edsticas &#8211; Apta para su limpieza en lavavajillas.<\/li>\n<\/ul>\n<\/div>\n","protected":false},"excerpt":{"rendered":"<p>Unidad de embalaje &#8211; 6. Material de fabricaci\u00f3n Mango \/ Asas. Mango ergon\u00f3mico con acabado Soft-Touch e \u201cinsert\u201d en color<\/p>\n","protected":false},"featured_media":200312,"comment_status":"open","ping_status":"closed","template":"","meta":{"_joinchat":[]},"product_cat":[5661,5662,6135],"product_tag":[],"class_list":{"0":"post-32565","1":"product","2":"type-product","3":"status-publish","4":"has-post-thumbnail","6":"product_cat-menaje","7":"product_cat-menaje-de-cocina","8":"product_cat-grills-menaje-de-cocina","9":"pa_marca-monix","11":"first","12":"instock","13":"taxable","14":"shipping-taxable","15":"purchasable","16":"product-type-simple"},"_links":{"self":[{"href":"https:\/\/desdropi.com\/elparque\/wp-json\/wp\/v2\/product\/32565"}],"collection":[{"href":"https:\/\/desdropi.com\/elparque\/wp-json\/wp\/v2\/product"}],"about":[{"href":"https:\/\/desdropi.com\/elparque\/wp-json\/wp\/v2\/types\/product"}],"replies":[{"embeddable":true,"href":"https:\/\/desdropi.com\/elparque\/wp-json\/wp\/v2\/comments?post=32565"}],"version-history":[{"count":1,"href":"https:\/\/desdropi.com\/elparque\/wp-json\/wp\/v2\/product\/32565\/revisions"}],"predecessor-version":[{"id":224600,"href":"https:\/\/desdropi.com\/elparque\/wp-json\/wp\/v2\/product\/32565\/revisions\/224600"}],"wp:featuredmedia":[{"embeddable":true,"href":"https:\/\/desdropi.com\/elparque\/wp-json\/wp\/v2\/media\/200312"}],"wp:attachment":[{"href":"https:\/\/desdropi.com\/elparque\/wp-json\/wp\/v2\/media?parent=32565"}],"wp:term":[{"taxonomy":"product_cat","embeddable":true,"href":"https:\/\/desdropi.com\/elparque\/wp-json\/wp\/v2\/product_cat?post=32565"},{"taxonomy":"product_tag","embeddable":true,"href":"https:\/\/desdropi.com\/elparque\/wp-json\/wp\/v2\/product_tag?post=32565"}],"curies":[{"name":"wp","href":"https:\/\/api.w.org\/{rel}","templated":true}]}}