{"id":32569,"date":"2021-11-11T11:15:39","date_gmt":"2021-11-11T09:15:39","guid":{"rendered":"https:\/\/desdropi.com\/elparque\/cacerola-monix-titan-rock-baja-c-tapa-28cm-m810528\/"},"modified":"2025-04-13T21:59:21","modified_gmt":"2025-04-13T19:59:21","slug":"cacerola-monix-titan-rock-baja-c-tapa-28cm-m810528","status":"publish","type":"product","link":"https:\/\/desdropi.com\/elparque\/cacerola-monix-titan-rock-baja-c-tapa-28cm-m810528\/","title":{"rendered":"Cacerola Monix Titan Rock Baja C\/Tapa 28Cm M810528"},"content":{"rendered":"<div class=\"descripcion-tab\">\n<ul>\n<li>Aluminio forjado<\/li>\n<li>Titanio reforzado<\/li>\n<li>Medida: \u00d828 cm<\/li>\n<li>Full induction: El\u00e9ctrica, Gas, Vitrocer\u00e1mica y inducci\u00f3n<\/li>\n<\/ul>\n<\/div>\n","protected":false},"excerpt":{"rendered":"<p>Aluminio forjado Titanio reforzado Medida: \u00d828 cm Full induction: El\u00e9ctrica, Gas, Vitrocer\u00e1mica y inducci\u00f3n<\/p>\n","protected":false},"featured_media":219921,"comment_status":"open","ping_status":"closed","template":"","meta":{"_joinchat":[]},"product_cat":[5661,5662,5766],"product_tag":[],"class_list":{"0":"post-32569","1":"product","2":"type-product","3":"status-publish","4":"has-post-thumbnail","6":"product_cat-menaje","7":"product_cat-menaje-de-cocina","8":"product_cat-cacerolas","9":"pa_marca-monix","11":"first","12":"instock","13":"taxable","14":"shipping-taxable","15":"purchasable","16":"product-type-simple"},"_links":{"self":[{"href":"https:\/\/desdropi.com\/elparque\/wp-json\/wp\/v2\/product\/32569"}],"collection":[{"href":"https:\/\/desdropi.com\/elparque\/wp-json\/wp\/v2\/product"}],"about":[{"href":"https:\/\/desdropi.com\/elparque\/wp-json\/wp\/v2\/types\/product"}],"replies":[{"embeddable":true,"href":"https:\/\/desdropi.com\/elparque\/wp-json\/wp\/v2\/comments?post=32569"}],"version-history":[{"count":1,"href":"https:\/\/desdropi.com\/elparque\/wp-json\/wp\/v2\/product\/32569\/revisions"}],"predecessor-version":[{"id":224602,"href":"https:\/\/desdropi.com\/elparque\/wp-json\/wp\/v2\/product\/32569\/revisions\/224602"}],"wp:featuredmedia":[{"embeddable":true,"href":"https:\/\/desdropi.com\/elparque\/wp-json\/wp\/v2\/media\/219921"}],"wp:attachment":[{"href":"https:\/\/desdropi.com\/elparque\/wp-json\/wp\/v2\/media?parent=32569"}],"wp:term":[{"taxonomy":"product_cat","embeddable":true,"href":"https:\/\/desdropi.com\/elparque\/wp-json\/wp\/v2\/product_cat?post=32569"},{"taxonomy":"product_tag","embeddable":true,"href":"https:\/\/desdropi.com\/elparque\/wp-json\/wp\/v2\/product_tag?post=32569"}],"curies":[{"name":"wp","href":"https:\/\/api.w.org\/{rel}","templated":true}]}}