{"id":32571,"date":"2021-11-11T11:15:39","date_gmt":"2021-11-11T09:15:39","guid":{"rendered":"https:\/\/desdropi.com\/elparque\/cazo-monix-titan-rock-16cm-m813816\/"},"modified":"2025-04-13T22:00:12","modified_gmt":"2025-04-13T20:00:12","slug":"cazo-monix-titan-rock-16cm-m813816","status":"publish","type":"product","link":"https:\/\/desdropi.com\/elparque\/cazo-monix-titan-rock-16cm-m813816\/","title":{"rendered":"Cazo Monix Titan Rock 16Cm M813816"},"content":{"rendered":"<div class=\"descripcion-tab\">\n<ul>\n<li>Cazo Monix Tit\u00e1n Rock M813816.<\/li>\n<li>\u00d816cm.<\/li>\n<li>Aluminio fundido.<\/li>\n<li>Apto para Inducci\u00f3n.<\/li>\n<\/ul>\n<\/div>\n","protected":false},"excerpt":{"rendered":"<p>Cazo Monix Tit\u00e1n Rock M813816. \u00d816cm. Aluminio fundido. Apto para Inducci\u00f3n.<\/p>\n","protected":false},"featured_media":221638,"comment_status":"open","ping_status":"closed","template":"","meta":{"_joinchat":[]},"product_cat":[5661,5662,5776],"product_tag":[],"class_list":{"0":"post-32571","1":"product","2":"type-product","3":"status-publish","4":"has-post-thumbnail","6":"product_cat-menaje","7":"product_cat-menaje-de-cocina","8":"product_cat-cazos","9":"pa_marca-monix","11":"first","12":"instock","13":"taxable","14":"shipping-taxable","15":"purchasable","16":"product-type-simple"},"_links":{"self":[{"href":"https:\/\/desdropi.com\/elparque\/wp-json\/wp\/v2\/product\/32571"}],"collection":[{"href":"https:\/\/desdropi.com\/elparque\/wp-json\/wp\/v2\/product"}],"about":[{"href":"https:\/\/desdropi.com\/elparque\/wp-json\/wp\/v2\/types\/product"}],"replies":[{"embeddable":true,"href":"https:\/\/desdropi.com\/elparque\/wp-json\/wp\/v2\/comments?post=32571"}],"version-history":[{"count":1,"href":"https:\/\/desdropi.com\/elparque\/wp-json\/wp\/v2\/product\/32571\/revisions"}],"predecessor-version":[{"id":224603,"href":"https:\/\/desdropi.com\/elparque\/wp-json\/wp\/v2\/product\/32571\/revisions\/224603"}],"wp:featuredmedia":[{"embeddable":true,"href":"https:\/\/desdropi.com\/elparque\/wp-json\/wp\/v2\/media\/221638"}],"wp:attachment":[{"href":"https:\/\/desdropi.com\/elparque\/wp-json\/wp\/v2\/media?parent=32571"}],"wp:term":[{"taxonomy":"product_cat","embeddable":true,"href":"https:\/\/desdropi.com\/elparque\/wp-json\/wp\/v2\/product_cat?post=32571"},{"taxonomy":"product_tag","embeddable":true,"href":"https:\/\/desdropi.com\/elparque\/wp-json\/wp\/v2\/product_tag?post=32571"}],"curies":[{"name":"wp","href":"https:\/\/api.w.org\/{rel}","templated":true}]}}