{"id":32573,"date":"2021-11-11T11:15:39","date_gmt":"2021-11-11T09:15:39","guid":{"rendered":"https:\/\/desdropi.com\/elparque\/bateria-cocina-monix-4-piezas-m450002\/"},"modified":"2025-04-13T22:02:03","modified_gmt":"2025-04-13T20:02:03","slug":"bateria-cocina-monix-4-piezas-m450002","status":"publish","type":"product","link":"https:\/\/desdropi.com\/elparque\/bateria-cocina-monix-4-piezas-m450002\/","title":{"rendered":"Bateria Cocina Monix 4 Piezas M450002"},"content":{"rendered":"<div class=\"descripcion-tab\">\n<ul>\n<li>Bater\u00eda de cocina con tapas de cristal y acero inoxidable 4 piezas MONIX M450002.<\/li>\n<li>Esta bater\u00eda cuenta con una fabricaci\u00f3n en acero inoxidable lo que mantiene una muy buena higiene adem\u00e1s de una gran resistencia.<\/li>\n<li>Gracias a este material, todo el juego se puede usar en cualquier tipo de fuego incluso inducci\u00f3n.<\/li>\n<li>El juego es capaz de lavarse en lavavajillas.<\/li>\n<li>M\u00e1ximo rendimiento del calor.<\/li>\n<li>Mayor aprovechamiento de la energ\u00eda.<\/li>\n<li>Fondo de gran espesor.<\/li>\n<li>Sistema de ahorro energ\u00e9tico.<\/li>\n<li>Apta para lavavajillas.<\/li>\n<\/ul>\n<p><strong>Medidas<\/strong><\/p>\n<ul>\n<li>Olla 20 cm con tapa de cristal (4 L)<\/li>\n<li>Cacerola 24 cm con tapa de cristal (4 L)<\/li>\n<li>Cacerola 20 cm con tapa de cristal (2,5 L)<\/li>\n<li>Cazo 16 cm sin tapa (1,5 L)<\/li>\n<\/ul>\n<p><strong>Materiales<\/strong><\/p>\n<ul>\n<li>Acero Inoxidable 18\/10<\/li>\n<li>Cristal<\/li>\n<\/ul>\n<p>La bater\u00eda Optima es apta para todo tipo de cocinas y puede lavarse con total comodidad en el lavavajillas. Se recomienda leer detenidamente toda la documentaci\u00f3n entregada junto a la bater\u00eda.<\/p>\n<\/div>\n","protected":false},"excerpt":{"rendered":"<p>Bater\u00eda de cocina con tapas de cristal y acero inoxidable 4 piezas MONIX M450002. Esta bater\u00eda cuenta con una fabricaci\u00f3n<\/p>\n","protected":false},"featured_media":211561,"comment_status":"open","ping_status":"closed","template":"","meta":{"_joinchat":[]},"product_cat":[5661,5662,6151],"product_tag":[],"class_list":{"0":"post-32573","1":"product","2":"type-product","3":"status-publish","4":"has-post-thumbnail","6":"product_cat-menaje","7":"product_cat-menaje-de-cocina","8":"product_cat-baterias-de-cocina","9":"pa_marca-monix","11":"first","12":"instock","13":"taxable","14":"shipping-taxable","15":"purchasable","16":"product-type-simple"},"_links":{"self":[{"href":"https:\/\/desdropi.com\/elparque\/wp-json\/wp\/v2\/product\/32573"}],"collection":[{"href":"https:\/\/desdropi.com\/elparque\/wp-json\/wp\/v2\/product"}],"about":[{"href":"https:\/\/desdropi.com\/elparque\/wp-json\/wp\/v2\/types\/product"}],"replies":[{"embeddable":true,"href":"https:\/\/desdropi.com\/elparque\/wp-json\/wp\/v2\/comments?post=32573"}],"version-history":[{"count":1,"href":"https:\/\/desdropi.com\/elparque\/wp-json\/wp\/v2\/product\/32573\/revisions"}],"predecessor-version":[{"id":224604,"href":"https:\/\/desdropi.com\/elparque\/wp-json\/wp\/v2\/product\/32573\/revisions\/224604"}],"wp:featuredmedia":[{"embeddable":true,"href":"https:\/\/desdropi.com\/elparque\/wp-json\/wp\/v2\/media\/211561"}],"wp:attachment":[{"href":"https:\/\/desdropi.com\/elparque\/wp-json\/wp\/v2\/media?parent=32573"}],"wp:term":[{"taxonomy":"product_cat","embeddable":true,"href":"https:\/\/desdropi.com\/elparque\/wp-json\/wp\/v2\/product_cat?post=32573"},{"taxonomy":"product_tag","embeddable":true,"href":"https:\/\/desdropi.com\/elparque\/wp-json\/wp\/v2\/product_tag?post=32573"}],"curies":[{"name":"wp","href":"https:\/\/api.w.org\/{rel}","templated":true}]}}