{"id":32577,"date":"2021-11-11T11:15:39","date_gmt":"2021-11-11T09:15:39","guid":{"rendered":"https:\/\/desdropi.com\/elparque\/sarten-monix-fuego-18cm-m821218\/"},"modified":"2025-04-13T22:02:52","modified_gmt":"2025-04-13T20:02:52","slug":"sarten-monix-fuego-18cm-m821218","status":"publish","type":"product","link":"https:\/\/desdropi.com\/elparque\/sarten-monix-fuego-18cm-m821218\/","title":{"rendered":"Sarten Monix Fuego 18Cm M821218"},"content":{"rendered":"<div class=\"descripcion-tab\">\n<ul>\n<li>Marca &#8211; \u200eMonix<\/li>\n<li>Fabricante &#8211; \u200eMONIX<\/li>\n<li>Modelo &#8211; \u200eM821218<\/li>\n<li>Dimensiones del paquete &#8211; \u200e182 x 120.5 x 22.8 cm; 1 kilogramos<\/li>\n<li>N\u00famero de modelo del producto &#8211; M821218<\/li>\n<li>N\u00famero de producto &#8211; \u200eM821218<\/li>\n<li>Otras caracter\u00edsticas &#8211; Apto para placas de inducci\u00f3n<\/li>\n<li>N\u00famero de productos &#8211; \u200e1<\/li>\n<li>Fuente de alimentaci\u00f3n &#8211; Bater\u00eda<\/li>\n<li>Pilas \/ bater\u00edas necesarias &#8211; \u200eNo<\/li>\n<li>Tipo de material &#8211; \u200eMadera<\/li>\n<li>Peso del producto &#8211; \u200e1 kg<\/li>\n<\/ul>\n<p>La serie Monix Fuego se compone de sartenes y grills fabricadas en aluminio forjado de la m\u00e1s alta calidad, con antiadherente Xylan de Whitford, sin PFOA, que les confiere un acabado muy duradero y una gran antiadherencia. Los mangos de la colecci\u00f3n Monix Fuego proporcionan un agarre superior, a\u00edslan el calor y protegen de posibles quemaduras.<\/p>\n<p>La colecci\u00f3n Monix est\u00e1 recomendada por los Hermanos Torres, embajadores de Monix y unos de los cocineros m\u00e1s medi\u00e1ticos de nuestro pa\u00eds, poseedores de una estrella Michelin.<\/p>\n<ul>\n<li>Gran antiadherencia<\/li>\n<li>Cocina con poco aceite<\/li>\n<li>Resistente y duradera<\/li>\n<li>Apta para todo tipo de lavavajillas<\/li>\n<li>Aluminio forjado de 4 mm<\/li>\n<li>Fondo de gran espesor<\/li>\n<li>Antiadherente Xylan Whitford<\/li>\n<li>Mango ergon\u00f3mico de baquelita termo-resistente<\/li>\n<li>Fondo de gran espesor<\/li>\n<li>Apta para todo tipo de cocinas, incluidas las de inducci\u00f3n<\/li>\n<li>Apta para lavavajillas<\/li>\n<li>F\u00e1cil limpieza interior y exterior<\/li>\n<\/ul>\n<\/div>\n","protected":false},"excerpt":{"rendered":"<p>Marca &#8211; \u200eMonix Fabricante &#8211; \u200eMONIX Modelo &#8211; \u200eM821218 Dimensiones del paquete &#8211; \u200e182 x 120.5 x 22.8 cm; 1<\/p>\n","protected":false},"featured_media":133730,"comment_status":"open","ping_status":"closed","template":"","meta":{"_joinchat":[]},"product_cat":[5661,5662,5768],"product_tag":[],"class_list":{"0":"post-32577","1":"product","2":"type-product","3":"status-publish","4":"has-post-thumbnail","6":"product_cat-menaje","7":"product_cat-menaje-de-cocina","8":"product_cat-sartenes","9":"pa_marca-monix","11":"first","12":"instock","13":"taxable","14":"shipping-taxable","15":"purchasable","16":"product-type-simple"},"_links":{"self":[{"href":"https:\/\/desdropi.com\/elparque\/wp-json\/wp\/v2\/product\/32577"}],"collection":[{"href":"https:\/\/desdropi.com\/elparque\/wp-json\/wp\/v2\/product"}],"about":[{"href":"https:\/\/desdropi.com\/elparque\/wp-json\/wp\/v2\/types\/product"}],"replies":[{"embeddable":true,"href":"https:\/\/desdropi.com\/elparque\/wp-json\/wp\/v2\/comments?post=32577"}],"version-history":[{"count":1,"href":"https:\/\/desdropi.com\/elparque\/wp-json\/wp\/v2\/product\/32577\/revisions"}],"predecessor-version":[{"id":224605,"href":"https:\/\/desdropi.com\/elparque\/wp-json\/wp\/v2\/product\/32577\/revisions\/224605"}],"wp:featuredmedia":[{"embeddable":true,"href":"https:\/\/desdropi.com\/elparque\/wp-json\/wp\/v2\/media\/133730"}],"wp:attachment":[{"href":"https:\/\/desdropi.com\/elparque\/wp-json\/wp\/v2\/media?parent=32577"}],"wp:term":[{"taxonomy":"product_cat","embeddable":true,"href":"https:\/\/desdropi.com\/elparque\/wp-json\/wp\/v2\/product_cat?post=32577"},{"taxonomy":"product_tag","embeddable":true,"href":"https:\/\/desdropi.com\/elparque\/wp-json\/wp\/v2\/product_tag?post=32577"}],"curies":[{"name":"wp","href":"https:\/\/api.w.org\/{rel}","templated":true}]}}