{"id":32595,"date":"2021-11-11T11:15:39","date_gmt":"2021-11-11T09:15:39","guid":{"rendered":"https:\/\/desdropi.com\/elparque\/sarten-bra-efficient-plus-18-cm-a431218\/"},"modified":"2025-04-13T22:08:01","modified_gmt":"2025-04-13T20:08:01","slug":"sarten-bra-efficient-plus-18-cm-a431218","status":"publish","type":"product","link":"https:\/\/desdropi.com\/elparque\/sarten-bra-efficient-plus-18-cm-a431218\/","title":{"rendered":"Sart\u00e9n Bra Efficient Plus 18 Cm A431218"},"content":{"rendered":"<div class=\"descripcion-tab\">\n<strong>Informaci\u00f3n del producto<\/strong><\/p>\n<ul>\n<li>Cuchara de pasta de la colecci\u00f3n Efficient ideal para usar en todo tipo de ollas, cacerolas o sartenes gracias a su fabricaci\u00f3n en nylon y silicona de alta calidad que las protege y las mantienen sin ara\u00f1azos.<\/li>\n<li>Al igual que todos los utensilios de la colecci\u00f3n Efficient, dispone de un mango de acero inoxidable 18\/10 muy higi\u00e9nico y resistente al desgaste.<\/li>\n<li>Ideal para servir tus recetas de pasta, la cuchara Efficient es perfecta tambi\u00e9n para retirar de las ollas y cazuelas cualquier verdura entera o cortada en trozos no muy peque\u00f1os, escurriendo el agua de la cocci\u00f3n. Su forma, c\u00f3ncava y con los laterales dentados, es la m\u00e1s adecuada para servir las pastas largas, como los espaguetis o los tallarines, as\u00ed como para otras pastas m\u00e1s delicadas. Su agujero central, que es perfecto para medir las raciones de espaguetis, permite escurrir el agua de la cocci\u00f3n. Un bonito dise\u00f1o y el ic\u00f3nico color naranja de la colecci\u00f3n Efficient para una elegante y pr\u00e1ctica cuchara de pasta, que adem\u00e1s cuidar\u00e1 de todas las piezas de tu bater\u00eda de cocina, incluso las antiadherentes.<\/li>\n<\/ul>\n<p><strong>Caracter\u00edsticas<\/strong><\/p>\n<ul>\n<li>Fabricada en nylon y silicona de alta calidad en color naranja caracter\u00edstico de la colecci\u00f3n Efficient.<\/li>\n<li>Mango de acero inoxidable 18\/10, ergon\u00f3mico y muy resistente al desgaste.<\/li>\n<li>Resistente hasta 220\u00baC.<\/li>\n<li>F\u00e1cil limpieza y apta para lavavajillas.<\/li>\n<li>35 cm de longitud.<\/li>\n<\/ul>\n<p><strong>Por qu\u00e9 elegir la colecci\u00f3n Efficient<\/strong><\/p>\n<ul>\n<li>Concebida para su uso constante e intensivo, la colecci\u00f3n Efficient (de Bra) satisface a los cocineros m\u00e1s curiosos y atrevidos. La l\u00ednea de m\u00e1s \u00e9xito es tambi\u00e9n la m\u00e1s completa del mercado, para que no haya receta que no puedas elaborar. Una gama todoterreno para tu cocina, tan resistente y duradera como popular.<\/li>\n<\/ul>\n<p><strong>Aspectos a destacar<\/strong><\/p>\n<ul>\n<li>Gran relaci\u00f3n calidad-precio.<\/li>\n<li>Extrema resistencia a la deformaci\u00f3n.<\/li>\n<li>Larga vida \u00fatil.<\/li>\n<\/ul>\n<\/div>\n","protected":false},"excerpt":{"rendered":"<p>Informaci\u00f3n del producto Cuchara de pasta de la colecci\u00f3n Efficient ideal para usar en todo tipo de ollas, cacerolas o<\/p>\n","protected":false},"featured_media":133732,"comment_status":"open","ping_status":"closed","template":"","meta":{"_joinchat":[]},"product_cat":[5661,5662,5768],"product_tag":[],"class_list":{"0":"post-32595","1":"product","2":"type-product","3":"status-publish","4":"has-post-thumbnail","6":"product_cat-menaje","7":"product_cat-menaje-de-cocina","8":"product_cat-sartenes","9":"pa_marca-bra","11":"first","12":"instock","13":"taxable","14":"shipping-taxable","15":"purchasable","16":"product-type-simple"},"_links":{"self":[{"href":"https:\/\/desdropi.com\/elparque\/wp-json\/wp\/v2\/product\/32595"}],"collection":[{"href":"https:\/\/desdropi.com\/elparque\/wp-json\/wp\/v2\/product"}],"about":[{"href":"https:\/\/desdropi.com\/elparque\/wp-json\/wp\/v2\/types\/product"}],"replies":[{"embeddable":true,"href":"https:\/\/desdropi.com\/elparque\/wp-json\/wp\/v2\/comments?post=32595"}],"version-history":[{"count":1,"href":"https:\/\/desdropi.com\/elparque\/wp-json\/wp\/v2\/product\/32595\/revisions"}],"predecessor-version":[{"id":224610,"href":"https:\/\/desdropi.com\/elparque\/wp-json\/wp\/v2\/product\/32595\/revisions\/224610"}],"wp:featuredmedia":[{"embeddable":true,"href":"https:\/\/desdropi.com\/elparque\/wp-json\/wp\/v2\/media\/133732"}],"wp:attachment":[{"href":"https:\/\/desdropi.com\/elparque\/wp-json\/wp\/v2\/media?parent=32595"}],"wp:term":[{"taxonomy":"product_cat","embeddable":true,"href":"https:\/\/desdropi.com\/elparque\/wp-json\/wp\/v2\/product_cat?post=32595"},{"taxonomy":"product_tag","embeddable":true,"href":"https:\/\/desdropi.com\/elparque\/wp-json\/wp\/v2\/product_tag?post=32595"}],"curies":[{"name":"wp","href":"https:\/\/api.w.org\/{rel}","templated":true}]}}