{"id":32641,"date":"2021-11-11T11:16:09","date_gmt":"2021-11-11T09:16:09","guid":{"rendered":"https:\/\/desdropi.com\/elparque\/cacerola-monix-titan-rock-alta-c-tapa-20cm-m810320\/"},"modified":"2025-04-13T22:18:08","modified_gmt":"2025-04-13T20:18:08","slug":"cacerola-monix-titan-rock-alta-c-tapa-20cm-m810320","status":"publish","type":"product","link":"https:\/\/desdropi.com\/elparque\/cacerola-monix-titan-rock-alta-c-tapa-20cm-m810320\/","title":{"rendered":"Cacerola Monix Titan Rock Alta C\/Tapa 20Cm M810320"},"content":{"rendered":"<div class=\"descripcion-tab\">\n<ul>\n<li>Unidad de embalaje &#8211; 4<\/li>\n<li>Material de fabricaci\u00f3n Mango \/ Asas &#8211; Mango y asas ergon\u00f3micos con acabado Soft-Touch e \u201cinsert\u201den color rojo.<\/li>\n<li>Espesor base &#8211; 4 mm.<\/li>\n<li>Acabado Exterior &#8211; Fabricada en Aluminio forjado se presenta como la alternativa m\u00e1s polivalente y practica en la cocina.<\/li>\n<li>Acabado Interior &#8211; Fabricada con un revestimiento antiadherente interior y exterior tri-capa Quantanium Witford\u00ae con part\u00edculas de TITANIO y acabado piedra, asegura una m\u00e1xima anti adherencia y gran resistencia adem\u00e1s de una limpieza higi\u00e9nica.<\/li>\n<li>Incluye Tapa &#8211; Incluye una tapa de vidrio templado resistente a los golpes.<\/li>\n<li>Apta para su limpieza en lavavajillas.<\/li>\n<li>Apta para todo tipo de cocinas, incluidas las de inducci\u00f3n.<\/li>\n<\/ul>\n<\/div>\n","protected":false},"excerpt":{"rendered":"<p>Unidad de embalaje &#8211; 4 Material de fabricaci\u00f3n Mango \/ Asas &#8211; Mango y asas ergon\u00f3micos con acabado Soft-Touch e<\/p>\n","protected":false},"featured_media":221934,"comment_status":"open","ping_status":"closed","template":"","meta":{"_joinchat":[]},"product_cat":[5661,5662,5766],"product_tag":[],"class_list":{"0":"post-32641","1":"product","2":"type-product","3":"status-publish","4":"has-post-thumbnail","6":"product_cat-menaje","7":"product_cat-menaje-de-cocina","8":"product_cat-cacerolas","9":"pa_marca-monix","11":"first","12":"instock","13":"taxable","14":"shipping-taxable","15":"purchasable","16":"product-type-simple"},"_links":{"self":[{"href":"https:\/\/desdropi.com\/elparque\/wp-json\/wp\/v2\/product\/32641"}],"collection":[{"href":"https:\/\/desdropi.com\/elparque\/wp-json\/wp\/v2\/product"}],"about":[{"href":"https:\/\/desdropi.com\/elparque\/wp-json\/wp\/v2\/types\/product"}],"replies":[{"embeddable":true,"href":"https:\/\/desdropi.com\/elparque\/wp-json\/wp\/v2\/comments?post=32641"}],"version-history":[{"count":1,"href":"https:\/\/desdropi.com\/elparque\/wp-json\/wp\/v2\/product\/32641\/revisions"}],"predecessor-version":[{"id":224617,"href":"https:\/\/desdropi.com\/elparque\/wp-json\/wp\/v2\/product\/32641\/revisions\/224617"}],"wp:featuredmedia":[{"embeddable":true,"href":"https:\/\/desdropi.com\/elparque\/wp-json\/wp\/v2\/media\/221934"}],"wp:attachment":[{"href":"https:\/\/desdropi.com\/elparque\/wp-json\/wp\/v2\/media?parent=32641"}],"wp:term":[{"taxonomy":"product_cat","embeddable":true,"href":"https:\/\/desdropi.com\/elparque\/wp-json\/wp\/v2\/product_cat?post=32641"},{"taxonomy":"product_tag","embeddable":true,"href":"https:\/\/desdropi.com\/elparque\/wp-json\/wp\/v2\/product_tag?post=32641"}],"curies":[{"name":"wp","href":"https:\/\/api.w.org\/{rel}","templated":true}]}}