{"id":32645,"date":"2021-11-11T11:16:09","date_gmt":"2021-11-11T10:16:09","guid":{"rendered":"https:\/\/desdropi.com\/elparque\/television-samsung-32-ue32t4305-hd-smart-tv\/"},"modified":"2025-04-13T22:18:56","modified_gmt":"2025-04-13T20:18:56","slug":"television-samsung-32-ue32t4305-hd-smart-tv","status":"publish","type":"product","link":"https:\/\/desdropi.com\/elparque\/television-samsung-32-ue32t4305-hd-smart-tv\/","title":{"rendered":"Television Samsung 32&#8243; Ue32T4305 Hd Smart Tv"},"content":{"rendered":"<div class=\"descripcion-tab\">\n<ul>\n<li><strong>Samsung HD STV WIFI:<\/strong> Un dise\u00f1o incle\u00edblemente fino que se mezcla con cualquier tipo de decoraci\u00f3n, elvando el nicvek de estilo la estancia si destacar demasiado.<\/li>\n<li><strong>Detalles mejorados para una imagen m\u00e1s clara:<\/strong> Ofrece im\u00e1genes de alta calidad con menos distorsi\u00f3n utilizando un algoritmo avanzado para analizar contenido original y ofrecer detalles mejorados.<\/li>\n<\/ul>\n<p><strong>Descripci\u00f3n:<\/strong><\/p>\n<ul>\n<li>Marca &#8211; SAMSUNG<\/li>\n<li>Modelo &#8211; UE32T4305AK<\/li>\n<li>Resoluci\u00f3n de la pantalla &#8211; 1366 x 768 Pixeles<\/li>\n<li>Pulgadas &#8211; 32&#8243;<\/li>\n<li>Diagonal de pantalla &#8211; 80 cm<\/li>\n<li>Tecnolog\u00eda del panel &#8211; LED<\/li>\n<li>Resoluci\u00f3n &#8211; HD<\/li>\n<li>Tipo de matriz &#8211; VA<\/li>\n<li>Retroiluminaci\u00f3n del panel &#8211; Direct LED<\/li>\n<li>Forma de la pantalla &#8211; Plana<\/li>\n<li>Smart TV<\/li>\n<li>Clase de eficiencia de energ\u00eda &#8211; A+<\/li>\n<\/ul>\n<p><strong>Audio:<\/strong><\/p>\n<ul>\n<li>N\u00famero de altavoces &#8211; 10<\/li>\n<li>Potencia estimada RMS &#8211; 10 W<\/li>\n<li>Decodificadores incorporados &#8211; Dolby Digital<\/li>\n<li>Tecnolog\u00edas de decodificaci\u00f3n de audio &#8211; Dolby Digital Plus<\/li>\n<\/ul>\n<p><strong>Puertos e Interfaces:<\/strong><\/p>\n<ul>\n<li>N\u00famero de puertos HDMI &#8211; 2<\/li>\n<li>Ethernet LAN (RJ-45) cantidad de puertos &#8211; 1<\/li>\n<li>Video componente (YPbPr\/YCbCr) entrada &#8211; 1<\/li>\n<li>Audio digital, salida optica &#8211; 1<\/li>\n<li>Salidas para auriculares &#8211; 1<\/li>\n<li>Interfaz com\u00fan<\/li>\n<\/ul>\n<p><strong>Peso y dimensiones:<\/strong><\/p>\n<ul>\n<li>Ancho &#8211; 737,4 mm<\/li>\n<li>Ancho del dispositivo (con soporte) &#8211; 737,4 mm<\/li>\n<li>Profundidad &#8211; 74,1 mm<\/li>\n<li>Profundidad dispositivo (con soporte) &#8211; 150,5 mm<\/li>\n<li>Altura &#8211; 438 mm<\/li>\n<li>Peso (con stand) &#8211; 4,1 kg<\/li>\n<li>Peso &#8211; 4kg<\/li>\n<\/ul>\n<p><strong>Empaquetado:<\/strong><\/p>\n<ul>\n<li>Peso del paquete &#8211; 5,8 kg<\/li>\n<li>Ancho del paquete &#8211; 879 mm<\/li>\n<li>Altura del paquete &#8211; 500 mm<\/li>\n<li>Manual electr\u00f3nico<\/li>\n<li>Mando a distancia<\/li>\n<\/ul>\n<p><strong>Dise\u00f1o:<\/strong><\/p>\n<ul>\n<li>Color del producto &#8211; Negro<\/li>\n<li>Interruptor de encendido\/apagado integrado<\/li>\n<li>Montaje VESA<\/li>\n<\/ul>\n<p><strong>Desempe\u00f1o:<\/strong><\/p>\n<ul>\n<li>Alto Rango Din\u00e1mico (HDR)<\/li>\n<li>Tecnolog\u00eda de procesamiento de imagen<\/li>\n<li>Modo de juego<\/li>\n<li>Funciones de teletexto<\/li>\n<li>Funci\u00f3n de subt\u00edtulos<\/li>\n<li>ConnectShare (USB)<\/li>\n<\/ul>\n<p><strong>Smart TV:<\/strong><\/p>\n<ul>\n<li>TV por Internet<\/li>\n<li>HbbTV<\/li>\n<li>Apple AirPlay 2 support<\/li>\n<li>Sistema operativo instaladoTizen<\/li>\n<\/ul>\n<p><strong>Conexi\u00f3n:<\/strong><\/p>\n<ul>\n<li>Wifi<\/li>\n<li>Ethernet<\/li>\n<li>Navegador web<\/li>\n<li>Wi-Fi Direct<\/li>\n<\/ul>\n<\/div>\n","protected":false},"excerpt":{"rendered":"<p><a href=\"https:\/\/desdropi.com\/elparque\/wp-content\/uploads\/9848.pdf\" target=\"_blank\" rel=\"noopener\"><img decoding=\"async\" class=\"alignnone wp-image-205373 size-full\" src=\"https:\/\/desdropi.com\/elparque\/wp-content\/uploads\/eficiencia-F.png\" alt=\"\" width=\"56\" height=\"33\" \/><\/a><\/p>\n<p><a href=\"https:\/\/desdropi.com\/elparque\/wp-content\/uploads\/9848.2.pdf\" target=\"_blank\" rel=\"noopener\" style=\"text-decoration:underline;\">Ficha de informaci\u00f3n de producto<\/a><\/p>\n","protected":false},"featured_media":138631,"comment_status":"open","ping_status":"closed","template":"","meta":{"_joinchat":[]},"product_cat":[6464,7067,795],"product_tag":[],"class_list":{"0":"post-32645","1":"product","2":"type-product","3":"status-publish","4":"has-post-thumbnail","6":"product_cat-televisores-electronica","7":"product_cat-tv-20-39","8":"product_cat-electronica","9":"pa_marca-samsung","11":"first","12":"instock","13":"taxable","14":"shipping-taxable","15":"purchasable","16":"product-type-simple"},"_links":{"self":[{"href":"https:\/\/desdropi.com\/elparque\/wp-json\/wp\/v2\/product\/32645"}],"collection":[{"href":"https:\/\/desdropi.com\/elparque\/wp-json\/wp\/v2\/product"}],"about":[{"href":"https:\/\/desdropi.com\/elparque\/wp-json\/wp\/v2\/types\/product"}],"replies":[{"embeddable":true,"href":"https:\/\/desdropi.com\/elparque\/wp-json\/wp\/v2\/comments?post=32645"}],"version-history":[{"count":1,"href":"https:\/\/desdropi.com\/elparque\/wp-json\/wp\/v2\/product\/32645\/revisions"}],"predecessor-version":[{"id":224618,"href":"https:\/\/desdropi.com\/elparque\/wp-json\/wp\/v2\/product\/32645\/revisions\/224618"}],"wp:featuredmedia":[{"embeddable":true,"href":"https:\/\/desdropi.com\/elparque\/wp-json\/wp\/v2\/media\/138631"}],"wp:attachment":[{"href":"https:\/\/desdropi.com\/elparque\/wp-json\/wp\/v2\/media?parent=32645"}],"wp:term":[{"taxonomy":"product_cat","embeddable":true,"href":"https:\/\/desdropi.com\/elparque\/wp-json\/wp\/v2\/product_cat?post=32645"},{"taxonomy":"product_tag","embeddable":true,"href":"https:\/\/desdropi.com\/elparque\/wp-json\/wp\/v2\/product_tag?post=32645"}],"curies":[{"name":"wp","href":"https:\/\/api.w.org\/{rel}","templated":true}]}}