{"id":33479,"date":"2021-11-11T11:22:26","date_gmt":"2021-11-11T09:22:26","guid":{"rendered":"https:\/\/desdropi.com\/elparque\/cafetera-monix-eterna-10t-inox-induccion-m630010\/"},"modified":"2025-04-13T22:39:05","modified_gmt":"2025-04-13T20:39:05","slug":"cafetera-monix-eterna-10t-inox-induccion-m630010","status":"publish","type":"product","link":"https:\/\/desdropi.com\/elparque\/cafetera-monix-eterna-10t-inox-induccion-m630010\/","title":{"rendered":"Cafetera Monix Eterna 10T Inox Induccion M630010"},"content":{"rendered":"<div class=\"descripcion-tab\">\n<ul>\n<li>Fabricada en acero inoxidable, calidad 18\/10 (AISI 304 parte superior \/ AISI 430 parte inferior).<\/li>\n<li>Capacidad para 10 tazas de caf\u00e9 &#8211; 500 ml.<\/li>\n<li>Apta para todo tipo de cocinas, incluidas las de inducci\u00f3n.<\/li>\n<li>Mango soldado de acero para agarre f\u00e1cil y seguro.<\/li>\n<li>Dise\u00f1o contempor\u00e1neo y adecuado para cualquier tipo de cocina.<\/li>\n<\/ul>\n<div class=\"celwidget aplus-module module-2 aplus-standard\" data-csa-c-id=\"7esl4a-5br886-jabkwp-cu8wlr\" data-cel-widget=\"aplus-module-2\">\n<div class=\"a-expander-collapsed-height a-row a-expander-container a-expander-partial-collapse-container\" data-a-expander-name=\"aplus-module-expander\" data-a-expander-collapsed-height=\"700\">\n<div class=\"a-expander-content a-expander-partial-collapse-content\">\n<div class=\"aplus-module-wrapper apm-floatnone apm-fixed-width\">\n<div class=\"apm-sidemodule apm-spacing\">\n<div class=\"apm-sidemodule-textright\">\n<p class=\"a-spacing-mini\"><strong>Monix<\/strong><\/p>\n<ul>\n<li>Monix ha estado presente en los hogares desde hace m\u00e1s de 60 a\u00f1os, sin duda una marca muy vinculada a la historia del menaje, tanto en el mercado Nacional como a nivel internacional.<\/li>\n<li>Monix, en la actualidad, se ha consolidado como uno de los l\u00edderes de fabricaci\u00f3n y comercializaci\u00f3n de productos para el menaje del hogar, constituyendo una opci\u00f3n innovadora en el dise\u00f1o, con una fuerte presencia en todos los canales de distribuci\u00f3n a la altura de las mejores expectativas de nuestros clientes.<\/li>\n<li>Hoy en d\u00eda, la gastronom\u00eda se ha convertido en un placer para todos y cocinar es un acto social que marca nuestro estilo de vida. Para satisfacer esta necesidad, Monix es una apuesta segura ya que ofrece soluciones pr\u00e1cticas, con una amplia gama de alta calidad que se adapta a los consumidores m\u00e1s exigentes.<\/li>\n<li>Hoy como siempre &#8211; Qu\u00e9 menox\u2026que Monix.<\/li>\n<\/ul>\n<\/div>\n<\/div>\n<\/div>\n<\/div>\n<\/div>\n<\/div>\n<div class=\"celwidget aplus-module module-3 aplus-standard\" data-csa-c-id=\"jo2fdm-dmwnyk-j71gfb-6vlf6w\" data-cel-widget=\"aplus-module-3\">\n<div class=\"a-expander-collapsed-height a-row a-expander-container a-expander-partial-collapse-container\" data-a-expander-name=\"aplus-module-expander\" data-a-expander-collapsed-height=\"700\">\n<div class=\"a-expander-content a-expander-partial-collapse-content\">\n<div class=\"aplus-module-wrapper apm-floatnone apm-fixed-width\">\n<div class=\"apm-sidemodule apm-spacing\">\n<div class=\"apm-sidemodule-textleft\">\n<p class=\"a-spacing-mini\"><strong>Eterna de Monix<\/strong><\/p>\n<ul>\n<li>Muchos son quienes se han rendido antes las modernas cafeteras, aunque los amantes del buen caf\u00e9 siguen fieles a la cl\u00e1sica cafetera italiana. Por eso, desde Monix no queremos perder el arte de un buen caf\u00e9 hecho con la cl\u00e1sica cafetera italiana.<\/li>\n<\/ul>\n<p><strong>Caracter\u00edsticas<\/strong><\/p>\n<ul class=\"a-unordered-list a-vertical\">\n<li><span class=\"a-list-item\">Fabricada en acero inoxidable, calidad 18\/10 (AISI 304 parte superior \/ AISI 430 parte inferior).<\/span><\/li>\n<li><span class=\"a-list-item\">Apta para todo tipo de cocinas, incluidas las de inducci\u00f3n.<\/span><\/li>\n<li><span class=\"a-list-item\">Mango soldado de acero para agarre f\u00e1cil y seguro.<\/span><\/li>\n<li><span class=\"a-list-item\">Dise\u00f1o contempor\u00e1neo y adecuado para cualquier tipo de cocina.<\/span><\/li>\n<\/ul>\n<\/div>\n<\/div>\n<\/div>\n<\/div>\n<\/div>\n<\/div>\n<\/div>\n","protected":false},"excerpt":{"rendered":"<p>Fabricada en acero inoxidable, calidad 18\/10 (AISI 304 parte superior \/ AISI 430 parte inferior). Capacidad para 10 tazas de<\/p>\n","protected":false},"featured_media":221669,"comment_status":"open","ping_status":"closed","template":"","meta":{"_joinchat":[]},"product_cat":[5661,5662,5663],"product_tag":[],"class_list":{"0":"post-33479","1":"product","2":"type-product","3":"status-publish","4":"has-post-thumbnail","6":"product_cat-menaje","7":"product_cat-menaje-de-cocina","8":"product_cat-cafeteras-italianas","9":"pa_marca-monix","11":"first","12":"instock","13":"taxable","14":"shipping-taxable","15":"purchasable","16":"product-type-simple"},"_links":{"self":[{"href":"https:\/\/desdropi.com\/elparque\/wp-json\/wp\/v2\/product\/33479"}],"collection":[{"href":"https:\/\/desdropi.com\/elparque\/wp-json\/wp\/v2\/product"}],"about":[{"href":"https:\/\/desdropi.com\/elparque\/wp-json\/wp\/v2\/types\/product"}],"replies":[{"embeddable":true,"href":"https:\/\/desdropi.com\/elparque\/wp-json\/wp\/v2\/comments?post=33479"}],"version-history":[{"count":1,"href":"https:\/\/desdropi.com\/elparque\/wp-json\/wp\/v2\/product\/33479\/revisions"}],"predecessor-version":[{"id":224641,"href":"https:\/\/desdropi.com\/elparque\/wp-json\/wp\/v2\/product\/33479\/revisions\/224641"}],"wp:featuredmedia":[{"embeddable":true,"href":"https:\/\/desdropi.com\/elparque\/wp-json\/wp\/v2\/media\/221669"}],"wp:attachment":[{"href":"https:\/\/desdropi.com\/elparque\/wp-json\/wp\/v2\/media?parent=33479"}],"wp:term":[{"taxonomy":"product_cat","embeddable":true,"href":"https:\/\/desdropi.com\/elparque\/wp-json\/wp\/v2\/product_cat?post=33479"},{"taxonomy":"product_tag","embeddable":true,"href":"https:\/\/desdropi.com\/elparque\/wp-json\/wp\/v2\/product_tag?post=33479"}],"curies":[{"name":"wp","href":"https:\/\/api.w.org\/{rel}","templated":true}]}}