{"id":33675,"date":"2021-11-11T11:23:32","date_gmt":"2021-11-11T10:23:32","guid":{"rendered":"https:\/\/desdropi.com\/elparque\/lavadora-new-pol-nw512eu-5kg-1000rpm-a\/"},"modified":"2024-05-18T23:34:08","modified_gmt":"2024-05-18T21:34:08","slug":"lavadora-new-pol-nw512eu-5kg-1000rpm-a","status":"publish","type":"product","link":"https:\/\/desdropi.com\/elparque\/lavadora-new-pol-nw512eu-5kg-1000rpm-a\/","title":{"rendered":"Lavadora New Pol Nw512Eu 5Kg 1000Rpm A+++"},"content":{"rendered":"<div class=\"descripcion-tab\">\n<h4><strong>LAVADORA NEW POL NW512EU<\/strong><\/h4>\n<p><strong>Lavadora de 5 kg<\/strong> y <strong>1000 Rpm<\/strong> con <strong>15 programas<\/strong>, incluidos el de <strong>15 minutos<\/strong> y una hora. Adem\u00e1s, incorpora el programa especial <strong>Antial\u00e9rgico<\/strong> y <strong>Eco-Logic System<\/strong>. Sistema de control electr\u00f3nico.Especificaciones: 5kg, 1000 Rpm, Clasificaci\u00f3n energ\u00e9tica D. Consumo de agua: 41litros\/ ciclo. Consumo de energ\u00eda 60 kWh\/ciclo. Nivel de ruido: 58db. Tipo de motor: AC.<\/p>\n<ul>\n<li>Dimensiones (Alto x Ancho x Fondo): 84,5 x 59,7 x 49,7 cm.<\/li>\n<li>Peso: 54,4 kg.<\/li>\n<li>Etiqueta energ\u00e9tica &#8211; D<\/li>\n<li>Capacidad de carga &#8211; 5 KG<\/li>\n<li>N\u00famero de programas &#8211; 15<\/li>\n<li>Rpm &#8211; 1000 rpm<\/li>\n<li>Dentro del rango de &#8211; A a G<\/li>\n<li>Programa 60&#8242;<\/li>\n<li>Programa especial antial\u00e9rgico<\/li>\n<li>Detecci\u00f3n carga autom\u00e1tica variable<\/li>\n<li>Programa &#8211; 15&#8242;<\/li>\n<li>Sistema antibalance &#8211; S\u00ed<\/li>\n<li>Protecci\u00f3n antidesbordamiento &#8211; S\u00ed<\/li>\n<li>Sistema de control &#8211; Electr\u00f3nico<\/li>\n<\/ul>\n<\/div>\n","protected":false},"excerpt":{"rendered":"<p><a href=\"https:\/\/desdropi.com\/elparque\/wp-content\/uploads\/11477.pdf\" target=\"_blank\" rel=\"noopener\"><img decoding=\"async\" class=\"alignnone wp-image-205373 size-full\" src=\"https:\/\/desdropi.com\/elparque\/wp-content\/uploads\/eficiencia-D.png\" alt=\"\" width=\"56\" height=\"33\" \/><\/a><\/p>\n<p><a style=\"text-decoration: underline;\" href=\"https:\/\/desdropi.com\/elparque\/wp-content\/uploads\/11477.2.pdf\" target=\"_blank\" rel=\"noopener\">Ficha de informaci\u00f3n de producto<\/a><\/p>\n","protected":false},"featured_media":168414,"comment_status":"open","ping_status":"closed","template":"","meta":{"_joinchat":[]},"product_cat":[6443,6444,780],"product_tag":[],"class_list":{"0":"post-33675","1":"product","2":"type-product","3":"status-publish","4":"has-post-thumbnail","6":"product_cat-lavadoras","7":"product_cat-carga-frontal-lavadoras","8":"product_cat-gran-electrodomestico","9":"pa_marca-new-pol","11":"first","12":"instock","13":"sale","14":"taxable","15":"shipping-taxable","16":"purchasable","17":"product-type-simple"},"_links":{"self":[{"href":"https:\/\/desdropi.com\/elparque\/wp-json\/wp\/v2\/product\/33675"}],"collection":[{"href":"https:\/\/desdropi.com\/elparque\/wp-json\/wp\/v2\/product"}],"about":[{"href":"https:\/\/desdropi.com\/elparque\/wp-json\/wp\/v2\/types\/product"}],"replies":[{"embeddable":true,"href":"https:\/\/desdropi.com\/elparque\/wp-json\/wp\/v2\/comments?post=33675"}],"version-history":[{"count":0,"href":"https:\/\/desdropi.com\/elparque\/wp-json\/wp\/v2\/product\/33675\/revisions"}],"wp:featuredmedia":[{"embeddable":true,"href":"https:\/\/desdropi.com\/elparque\/wp-json\/wp\/v2\/media\/168414"}],"wp:attachment":[{"href":"https:\/\/desdropi.com\/elparque\/wp-json\/wp\/v2\/media?parent=33675"}],"wp:term":[{"taxonomy":"product_cat","embeddable":true,"href":"https:\/\/desdropi.com\/elparque\/wp-json\/wp\/v2\/product_cat?post=33675"},{"taxonomy":"product_tag","embeddable":true,"href":"https:\/\/desdropi.com\/elparque\/wp-json\/wp\/v2\/product_tag?post=33675"}],"curies":[{"name":"wp","href":"https:\/\/api.w.org\/{rel}","templated":true}]}}