{"id":33687,"date":"2021-11-11T11:23:32","date_gmt":"2021-11-11T09:23:32","guid":{"rendered":"https:\/\/desdropi.com\/elparque\/satisfyer-men-heat-vibration\/"},"modified":"2024-05-17T12:59:40","modified_gmt":"2024-05-17T10:59:40","slug":"satisfyer-men-heat-vibration","status":"publish","type":"product","link":"https:\/\/desdropi.com\/elparque\/satisfyer-men-heat-vibration\/","title":{"rendered":"Satisfyer Men Heat Vibration"},"content":{"rendered":"<div class=\"descripcion-tab\">\n<ul>\n<li>\u00bfBuscas un juguete sexual que te haga sentir tan bien como un buen n\u00famero caliente? Tu b\u00fasqueda por fin ha terminado, tus deseos han sido escuchados: ahora tienes el Satisfyer Men Heat Vibration. El dise\u00f1o en negro de este producto lo hace masculino y elegante, es el compa\u00f1ero perfecto para cualquier hombre.<\/li>\n<li>Sus 70 combinaciones de vibraciones y su tama\u00f1o perfecto se adapta a la mano garantizando un funcionamiento s\u00faper c\u00f3modo y placentero. Sus bater\u00edas recargables lo hacen un producto f\u00e1cil de cargar y bueno para el medio ambiente. Cuenta con una funci\u00f3n de calor que hace que tu placer se incremente. Podr\u00e1s ajustarlo gracias a sus 3 posiciones hasta 40\u00ba Celsius.<\/li>\n<\/ul>\n<p><strong>\u00a1Cali\u00e9ntame!<\/strong><\/p>\n<ul>\n<li>Men Heat Vibration tiene una innovadora funci\u00f3n de calor que le aporta a tu placer un extraordinario realismo. Una vez activada, el juguete alcanza una temperatura de hasta 40 \u00baC: d\u00e9jate arrastrar por el c\u00e1lido placer indescriptible de este flexible t\u00fanel del amor.<\/li>\n<li>Un dise\u00f1o discreto para una manipulaci\u00f3n ideal: El dise\u00f1o masculino en elegante color negro convierte este caliente masturbador en un distinguido compa\u00f1ero de juegos para hombres modernos. Su tama\u00f1o ideal se adapta perfectamente a la mano y garantiza una manipulaci\u00f3n c\u00f3moda incluso en los momentos m\u00e1s salvajes. Gracias a su bater\u00eda recargable, no solo se porta bien contigo, sino que adem\u00e1s le hace un favor al medio ambiente. Si tu compa\u00f1ero sexual se queda sin fuerzas, solo tienes que recargarlo con el cable magn\u00e9tico USB incluido y volver a disfrutar sin l\u00edmites desde el principio.<\/li>\n<\/ul>\n<p><strong>Material<\/strong><\/p>\n<ul>\n<li>La silicona, suave e hipoalerg\u00e9nica, se adapta de maravilla a tu cuerpo, coge tu temperatura corporal con rapidez y se complementa de manera ideal con el excitante y r\u00edgido pl\u00e1stico ABS. Para un placer \u00f3ptimo, te recomendamos los lubricantes a base de agua y perfectamente adaptados a los productos. Un lubricante a base de agua protege el material y mantiene la superficie sedosa. Su acabado impermeable (IPX7) te permite limpiar el juguete con agua templada y un jab\u00f3n suave.<\/li>\n<\/ul>\n<p><strong>Caracter\u00edsticas generales<\/strong><\/p>\n<ul>\n<li>Estimulaci\u00f3n por vibraci\u00f3n y calor.<\/li>\n<li>70 programas de vibraci\u00f3n.<\/li>\n<li>Bajo el agua, estanco IPX7.<\/li>\n<li>Funci\u00f3n de calor innovadora.<\/li>\n<li>Modo susurro.<\/li>\n<li>Silicona Hipoalerg\u00e9nica.<\/li>\n<li>F\u00e1cil de limpiar.<\/li>\n<li>Bater\u00eda de iones de litio.<\/li>\n<li>Cable de Carga magn\u00e9tico por USB.<\/li>\n<li>Datos log\u00edsticos.<\/li>\n<li>Peso: 193g.<\/li>\n<li>Longitud: 83 mm.<\/li>\n<li>Anchura: 78 mm.<\/li>\n<li>Altura: 140 mm.<\/li>\n<li>Bater\u00eda: Iones de litio.<\/li>\n<li>Material: Pl\u00e1stico ABS, Silicona.<\/li>\n<li>Color: Negro.<\/li>\n<\/ul>\n<\/div>\n","protected":false},"excerpt":{"rendered":"<p>\u00bfBuscas un juguete sexual que te haga sentir tan bien como un buen n\u00famero caliente? Tu b\u00fasqueda por fin ha<\/p>\n","protected":false},"featured_media":222020,"comment_status":"open","ping_status":"closed","template":"","meta":{"_joinchat":[]},"product_cat":[825,6097],"product_tag":[],"class_list":{"0":"post-33687","1":"product","2":"type-product","3":"status-publish","4":"has-post-thumbnail","6":"product_cat-pequeno-electrodomestico","7":"product_cat-cuidado-personal","8":"pa_marca-satisfyer","10":"first","11":"instock","12":"taxable","13":"shipping-taxable","14":"purchasable","15":"product-type-simple"},"_links":{"self":[{"href":"https:\/\/desdropi.com\/elparque\/wp-json\/wp\/v2\/product\/33687"}],"collection":[{"href":"https:\/\/desdropi.com\/elparque\/wp-json\/wp\/v2\/product"}],"about":[{"href":"https:\/\/desdropi.com\/elparque\/wp-json\/wp\/v2\/types\/product"}],"replies":[{"embeddable":true,"href":"https:\/\/desdropi.com\/elparque\/wp-json\/wp\/v2\/comments?post=33687"}],"version-history":[{"count":0,"href":"https:\/\/desdropi.com\/elparque\/wp-json\/wp\/v2\/product\/33687\/revisions"}],"wp:featuredmedia":[{"embeddable":true,"href":"https:\/\/desdropi.com\/elparque\/wp-json\/wp\/v2\/media\/222020"}],"wp:attachment":[{"href":"https:\/\/desdropi.com\/elparque\/wp-json\/wp\/v2\/media?parent=33687"}],"wp:term":[{"taxonomy":"product_cat","embeddable":true,"href":"https:\/\/desdropi.com\/elparque\/wp-json\/wp\/v2\/product_cat?post=33687"},{"taxonomy":"product_tag","embeddable":true,"href":"https:\/\/desdropi.com\/elparque\/wp-json\/wp\/v2\/product_tag?post=33687"}],"curies":[{"name":"wp","href":"https:\/\/api.w.org\/{rel}","templated":true}]}}