{"id":33789,"date":"2021-11-11T11:24:24","date_gmt":"2021-11-11T09:24:24","guid":{"rendered":"https:\/\/desdropi.com\/elparque\/satisfyer-pro-2-vibration\/"},"modified":"2024-05-17T12:59:41","modified_gmt":"2024-05-17T10:59:41","slug":"satisfyer-pro-2-vibration","status":"publish","type":"product","link":"https:\/\/desdropi.com\/elparque\/satisfyer-pro-2-vibration\/","title":{"rendered":"Satisfyer Pro 2 Vibration"},"content":{"rendered":"<div class=\"descripcion-tab\">\n<p><strong>Orgasmos m\u00e1s profundos con Satisfyer Pro 2 Vibration<\/strong><\/p>\n<ul>\n<li>Cuenta con 2 motores: uno para la revolucionaria tecnolog\u00eda de pulsaci\u00f3n de ondas de presi\u00f3n de Satisfyer y otro para las vibraciones tradicionales.<\/li>\n<li>Satisfyer Pro 2 Vibration es una nueva versi\u00f3n m\u00e1s potente y silenciosa. Incorpora una especialmente m\u00e1gica \u00abvibraci\u00f3n\u00bb y combina la popular estimulaci\u00f3n del cl\u00edtoris con impulsos intensos con las vibraciones altamente er\u00f3ticas que provocan excitantes ondas en el borde del cabezal.<br \/>\nEste bonito juguete sexual se amolda a la perfecci\u00f3n a la mano y su extenso cabezal acaricia de forma plena tu bot\u00f3n del amor con sus 2 funciones que, con su silencioso motor, aliviar\u00e1n tu excitaci\u00f3n sin llamar la atenci\u00f3n de absolutamente nadie m\u00e1s.<\/li>\n<\/ul>\n<p><strong>\u00bfPara qui\u00e9n est\u00e1 indicado?<\/strong><\/p>\n<ul>\n<li>Est\u00e1 indicado para mujeres que quieran experimentar un orgasmo intenso en un tiempo record.<\/li>\n<\/ul>\n<p><strong>\u00bfC\u00f3mo se aplica?<\/strong><\/p>\n<ul>\n<li>Para encender el Pro 2 solo tendr\u00e1s que pulsar el bot\u00f3n inferior de menor tama\u00f1o durante 2 segundos hasta que notes el nivel m\u00e1s bajo de estimulaci\u00f3n. Abre los labios de la vulva para dejar el cl\u00edtoris despejado y coloca el cabezal sobre el cl\u00edtoris. Aseg\u00farate de que el cl\u00edtoris est\u00e1 situado justo en la boquilla y presiona de forma ligera.<\/li>\n<\/ul>\n<p><strong>Recomendaci\u00f3n del farmac\u00e9utico<\/strong><\/p>\n<ul>\n<li>Conservar en un lugar fresco y seco. Mantener alejado del alcance de los ni\u00f1os. La correcta higiene de este juguete sexual es muy importante. Despu\u00e9s de limpiarlo, s\u00e9calo muy bien, y gu\u00e1rdalo en un lugar seco.<\/li>\n<\/ul>\n<\/div>\n","protected":false},"excerpt":{"rendered":"<p>Orgasmos m\u00e1s profundos con Satisfyer Pro 2 Vibration Cuenta con 2 motores: uno para la revolucionaria tecnolog\u00eda de pulsaci\u00f3n de<\/p>\n","protected":false},"featured_media":222000,"comment_status":"open","ping_status":"closed","template":"","meta":{"_joinchat":[]},"product_cat":[825,6097],"product_tag":[],"class_list":{"0":"post-33789","1":"product","2":"type-product","3":"status-publish","4":"has-post-thumbnail","6":"product_cat-pequeno-electrodomestico","7":"product_cat-cuidado-personal","8":"pa_marca-satisfyer","10":"first","11":"instock","12":"taxable","13":"shipping-taxable","14":"purchasable","15":"product-type-simple"},"_links":{"self":[{"href":"https:\/\/desdropi.com\/elparque\/wp-json\/wp\/v2\/product\/33789"}],"collection":[{"href":"https:\/\/desdropi.com\/elparque\/wp-json\/wp\/v2\/product"}],"about":[{"href":"https:\/\/desdropi.com\/elparque\/wp-json\/wp\/v2\/types\/product"}],"replies":[{"embeddable":true,"href":"https:\/\/desdropi.com\/elparque\/wp-json\/wp\/v2\/comments?post=33789"}],"version-history":[{"count":0,"href":"https:\/\/desdropi.com\/elparque\/wp-json\/wp\/v2\/product\/33789\/revisions"}],"wp:featuredmedia":[{"embeddable":true,"href":"https:\/\/desdropi.com\/elparque\/wp-json\/wp\/v2\/media\/222000"}],"wp:attachment":[{"href":"https:\/\/desdropi.com\/elparque\/wp-json\/wp\/v2\/media?parent=33789"}],"wp:term":[{"taxonomy":"product_cat","embeddable":true,"href":"https:\/\/desdropi.com\/elparque\/wp-json\/wp\/v2\/product_cat?post=33789"},{"taxonomy":"product_tag","embeddable":true,"href":"https:\/\/desdropi.com\/elparque\/wp-json\/wp\/v2\/product_tag?post=33789"}],"curies":[{"name":"wp","href":"https:\/\/api.w.org\/{rel}","templated":true}]}}