{"id":33831,"date":"2021-11-11T11:24:42","date_gmt":"2021-11-11T10:24:42","guid":{"rendered":"https:\/\/desdropi.com\/elparque\/frigo-2p-new-pol-nw144p2-144x54-blanco-a\/"},"modified":"2024-04-07T23:37:01","modified_gmt":"2024-04-07T21:37:01","slug":"frigo-2p-new-pol-nw144p2-144x54-blanco-a","status":"publish","type":"product","link":"https:\/\/desdropi.com\/elparque\/frigo-2p-new-pol-nw144p2-144x54-blanco-a\/","title":{"rendered":"Frigo 2P New Pol Nw144P2 144X54 Blanco A+"},"content":{"rendered":"<div class=\"descripcion-tab\">\n<p><strong>Frigor\u00edfico de 2 puertas<\/strong> de <strong>144 cm<\/strong> en<strong> color blanco<\/strong>. Congelador superior con balda divisoria y cubitera incluida. Sistema <strong>LessFrost<\/strong> que mejora la refrigeraci\u00f3n est\u00e1tica, con mayor eficiencia y menor formaci\u00f3n de hielo y escarcha. Un caj\u00f3n verdulero extra grande sin escal\u00f3n para mayor capacidad de carga. Dos balcones y un balc\u00f3n <strong>botellero incluido<\/strong>. Puertas <strong>reversibles<\/strong>.Especificaciones: Clasificaci\u00f3n energ\u00e9tica F. Clase clim\u00e1tica: N. Tipo de descongelaci\u00f3n: Manual.<\/p>\n<p>Dimensiones (Ancho x Fondo x Alto): 54 x 57 x 144 cm. Peso: 39 kg.<\/p>\n<ul>\n<li>Etiqueta energ\u00e9tica<\/li>\n<li>Refrigeraci\u00f3n &#8211; LessFrost<\/li>\n<li>Alto &#8211; 144 CM<\/li>\n<li>Ancho &#8211; 54 CM<\/li>\n<li>Volumen frigor\u00edfico &#8211; 171 L<\/li>\n<li>Volumen congelador &#8211; 42 L<\/li>\n<li>Dentro del rango de &#8211; A a G<\/li>\n<li>Caj\u00f3n verdulero extra grande &#8211; S\u00ed<\/li>\n<li>N\u00famero de balcones en puerta &#8211; 2<\/li>\n<li>N\u00famero de balcones botelleros &#8211; 1<\/li>\n<li>Cubitera incluida &#8211; S\u00ed<\/li>\n<\/ul>\n<\/div>\n","protected":false},"excerpt":{"rendered":"<p><a href=\"https:\/\/desdropi.com\/elparque\/wp-content\/uploads\/11789.pdf\" target=\"_blank\" rel=\"noopener\"><img decoding=\"async\" class=\"alignnone wp-image-205373 size-full\" src=\"https:\/\/desdropi.com\/elparque\/wp-content\/uploads\/eficiencia-F.png\" alt=\"\" width=\"56\" height=\"33\" \/><\/a><\/p>\n","protected":false},"featured_media":190214,"comment_status":"open","ping_status":"closed","template":"","meta":{"_joinchat":[]},"product_cat":[6448,6441,780],"product_tag":[],"class_list":{"0":"post-33831","1":"product","2":"type-product","3":"status-publish","4":"has-post-thumbnail","6":"product_cat-2-puertas-frigorificos","7":"product_cat-frigorificos","8":"product_cat-gran-electrodomestico","9":"pa_marca-new-pol","11":"first","12":"instock","13":"taxable","14":"shipping-taxable","15":"purchasable","16":"product-type-simple"},"_links":{"self":[{"href":"https:\/\/desdropi.com\/elparque\/wp-json\/wp\/v2\/product\/33831"}],"collection":[{"href":"https:\/\/desdropi.com\/elparque\/wp-json\/wp\/v2\/product"}],"about":[{"href":"https:\/\/desdropi.com\/elparque\/wp-json\/wp\/v2\/types\/product"}],"replies":[{"embeddable":true,"href":"https:\/\/desdropi.com\/elparque\/wp-json\/wp\/v2\/comments?post=33831"}],"version-history":[{"count":0,"href":"https:\/\/desdropi.com\/elparque\/wp-json\/wp\/v2\/product\/33831\/revisions"}],"wp:featuredmedia":[{"embeddable":true,"href":"https:\/\/desdropi.com\/elparque\/wp-json\/wp\/v2\/media\/190214"}],"wp:attachment":[{"href":"https:\/\/desdropi.com\/elparque\/wp-json\/wp\/v2\/media?parent=33831"}],"wp:term":[{"taxonomy":"product_cat","embeddable":true,"href":"https:\/\/desdropi.com\/elparque\/wp-json\/wp\/v2\/product_cat?post=33831"},{"taxonomy":"product_tag","embeddable":true,"href":"https:\/\/desdropi.com\/elparque\/wp-json\/wp\/v2\/product_tag?post=33831"}],"curies":[{"name":"wp","href":"https:\/\/api.w.org\/{rel}","templated":true}]}}