{"id":33966,"date":"2021-11-11T11:25:26","date_gmt":"2021-11-11T09:25:26","guid":{"rendered":"https:\/\/desdropi.com\/elparque\/grill-bra-efficient-orange-28-cm-a281328\/"},"modified":"2025-04-13T22:58:51","modified_gmt":"2025-04-13T20:58:51","slug":"grill-bra-efficient-orange-28-cm-a281328","status":"publish","type":"product","link":"https:\/\/desdropi.com\/elparque\/grill-bra-efficient-orange-28-cm-a281328\/","title":{"rendered":"Grill Bra Efficient Orange 28 Cm A281328"},"content":{"rendered":"<div class=\"descripcion-tab\"><strong>Informaci\u00f3n del producto<\/strong><\/p>\n<ul>\n<li>El grill Efficient Orange es uno de los m\u00e1s populares de BRA por su caracter\u00edstico mango naranja. Es un grill robusto y duradero gracias a su cuerpo fabricado en aluminio fundido y a la calidad de su antiadherente Platinum Plus libre de PFOA.<\/li>\n<li>Es apto para todas las fuentes de calor (incluida la inducci\u00f3n) gracias a su fondo difusor full induction. Adem\u00e1s tiene un excelente reparto de la temperatura para una cocci\u00f3n perfecta de todas nuestras recetas.<\/li>\n<li>El grill Efficient Orange es ideal para cocinar los alimentos de una forma muy sana y sencilla. Su amplio fondo difusor es perfecto para poder cocinar a la vez tanto la carne o el pescado como la guarnici\u00f3n con la que se quiera acompa\u00f1ar. De forma r\u00e1pida, sin apenas grasas y sin que se pegue nada, podr\u00e1s preparar unas comidas y cenas de lo m\u00e1s deliciosas. Pincelando la parrilla con el aceite habitual o bien con uno aromatizado, podr\u00e1s darle un punto diferente a la carne o al pescado en cada ocasi\u00f3n. Platos sabrosos y saludables con un toque especial como unas rodajas de merluza con unos esp\u00e1rragos verdes y un poco de aceite de gambas, un entrecot de ternera con las setas que prefieras y aceite de trufa o de boletus, una parrillada de verduras variadas con aceite de ajo, unos calamares con unas l\u00e1minas de calabac\u00edn con aceite de oliva o unos mejillones abiertos en el grill con un poco de pimienta. Recetas sanas y deliciosas en una parrilla muy eficiente, robusta y duradera que adem\u00e1s se limpia muy f\u00e1cilmente.<\/li>\n<\/ul>\n<p><strong>Caracter\u00edsticas<\/strong><\/p>\n<ul>\n<li>Fabricado en aluminio fundido extremadamente resistente a la deformaci\u00f3n (6mm de espesor en la base).<\/li>\n<li>Revestimiento antiadherente Tefl\u00f3n Platinum Plus de alta calidad y muy duradero. 100% libre de PFOA.<\/li>\n<li>Fondo full induction compatible con todas las fuentes de calor incluida la inducci\u00f3n.<\/li>\n<li>Mango ergon\u00f3mico con el caracter\u00edstico color naranja de BRA.<\/li>\n<\/ul>\n<p><strong>Medidas<\/strong><\/p>\n<p>Tama\u00f1o superior, Di\u00e1metro base y Altura.<\/p>\n<ul>\n<li>22 x 22 cm, 16,9cm, 4,3cm.<\/li>\n<li>28 x 28 cm, 21cm, 5cm.<\/li>\n<\/ul>\n<p><strong>Por qu\u00e9 elegir la colecci\u00f3n Efficient Orange<\/strong><\/p>\n<p>La colecci\u00f3n Efficient Orange de Bra viste a sus esenciales de naranja, para que adem\u00e1s de resistentes y duraderos, den color a tu cocina. Para tus recetas estrella, nada mejor que un valor seguro como la gama naranja de la colecci\u00f3n Efficient.<\/p>\n<p><strong>Aspectos a destacar:<\/strong><\/p>\n<ul>\n<li>Gran relaci\u00f3n calidad-precio.<\/li>\n<li>Extrema resistencia a la deformaci\u00f3n.<\/li>\n<li>Larga vida \u00fatil.<\/li>\n<\/ul>\n<\/div>\n","protected":false},"excerpt":{"rendered":"<p>Informaci\u00f3n del producto El grill Efficient Orange es uno de los m\u00e1s populares de BRA por su caracter\u00edstico mango naranja.<\/p>\n","protected":false},"featured_media":133853,"comment_status":"open","ping_status":"closed","template":"","meta":{"_joinchat":[]},"product_cat":[5661,5662,6135],"product_tag":[],"class_list":{"0":"post-33966","1":"product","2":"type-product","3":"status-publish","4":"has-post-thumbnail","6":"product_cat-menaje","7":"product_cat-menaje-de-cocina","8":"product_cat-grills-menaje-de-cocina","9":"pa_marca-bra","11":"first","12":"instock","13":"taxable","14":"shipping-taxable","15":"purchasable","16":"product-type-simple"},"_links":{"self":[{"href":"https:\/\/desdropi.com\/elparque\/wp-json\/wp\/v2\/product\/33966"}],"collection":[{"href":"https:\/\/desdropi.com\/elparque\/wp-json\/wp\/v2\/product"}],"about":[{"href":"https:\/\/desdropi.com\/elparque\/wp-json\/wp\/v2\/types\/product"}],"replies":[{"embeddable":true,"href":"https:\/\/desdropi.com\/elparque\/wp-json\/wp\/v2\/comments?post=33966"}],"version-history":[{"count":1,"href":"https:\/\/desdropi.com\/elparque\/wp-json\/wp\/v2\/product\/33966\/revisions"}],"predecessor-version":[{"id":224661,"href":"https:\/\/desdropi.com\/elparque\/wp-json\/wp\/v2\/product\/33966\/revisions\/224661"}],"wp:featuredmedia":[{"embeddable":true,"href":"https:\/\/desdropi.com\/elparque\/wp-json\/wp\/v2\/media\/133853"}],"wp:attachment":[{"href":"https:\/\/desdropi.com\/elparque\/wp-json\/wp\/v2\/media?parent=33966"}],"wp:term":[{"taxonomy":"product_cat","embeddable":true,"href":"https:\/\/desdropi.com\/elparque\/wp-json\/wp\/v2\/product_cat?post=33966"},{"taxonomy":"product_tag","embeddable":true,"href":"https:\/\/desdropi.com\/elparque\/wp-json\/wp\/v2\/product_tag?post=33966"}],"curies":[{"name":"wp","href":"https:\/\/api.w.org\/{rel}","templated":true}]}}