{"id":34060,"date":"2021-11-11T11:25:54","date_gmt":"2021-11-11T09:25:54","guid":{"rendered":"https:\/\/desdropi.com\/elparque\/lavavajillas-45cm-new-pol-nw456w-a-blanco\/"},"modified":"2024-04-07T23:38:17","modified_gmt":"2024-04-07T21:38:17","slug":"lavavajillas-45cm-new-pol-nw456w-a-blanco","status":"publish","type":"product","link":"https:\/\/desdropi.com\/elparque\/lavavajillas-45cm-new-pol-nw456w-a-blanco\/","title":{"rendered":"Lavavajillas 45Cm New Pol Nw456W A++ Blanco"},"content":{"rendered":"<div class=\"descripcion-tab\">\n<p>Lavavajillas con capacidad para\u00a0<strong>10 n\u00fameros de cubiertos<\/strong>\u00a0y\u00a0<strong>6 programas<\/strong>\u00a0en los que incluye programa r\u00e1pido de 30 minutos, denominado\u00a0<strong>Quick Clean<\/strong>\u00a0y\u00a0<strong>Eco<\/strong>,\u00a0<strong>Super 50\u2019<\/strong>,\u00a0<strong>higi\u00e9nico a 70\u00baC<\/strong>,\u00a0<strong>Intenso a 65\u00baC<\/strong>\u00a0y\u00a0<strong>delicado a 40\u00baC<\/strong>.\u00a0 Programa de\u00a0<strong>extra de secado y abrillantado<\/strong>.\u00a0<strong>Self clean<\/strong>,\u00a0<strong>inicio diferido<\/strong>\u00a0y\u00a0<strong>seguro de ni\u00f1os<\/strong>\u00a0incluidos. Cuenta con\u00a0<strong>display electr\u00f3nico<\/strong>\u00a0y\u00a0<strong>Tablet option<\/strong>.Especificaciones: Clasificaci\u00f3n energ\u00e9tica:\u00a0<strong>E<\/strong>. Duraci\u00f3n del programa ECO: 3 horas y 18 minutos.\u00a0 Display electr\u00f3nico. Nivel de ruido:\u00a0<strong>49db<\/strong>.<strong>Dimensiones\u00a0<\/strong><strong>(Alto x Ancho x Fondo)<\/strong><strong>:\u00a0<\/strong>\u00a085 x 44,8 x 59,8 cm.\u00a0<strong>Peso:<\/strong>\u00a040 kg.<\/p>\n<ul>\n<li>Etiqueta energ\u00e9tica &#8211; E<\/li>\n<li>N\u00famero de cubiertos &#8211; 10<\/li>\n<li>N\u00famero de programas &#8211; 6<\/li>\n<li>Dentro del rango de &#8211; A a G<\/li>\n<li>Permite posponer el tiempo de inicio<\/li>\n<li>Bloqueo del panel de mandos<\/li>\n<li>Lavado ecol\u00f3gico<\/li>\n<li>Limpieza r\u00e1pida<\/li>\n<li>Autolimpieza<\/li>\n<li>Secado extra<\/li>\n<li>Abrillantado extra<\/li>\n<li>Opci\u00f3n detergente en pastilla<\/li>\n<li>Sistema de secado &#8211; Mini active<\/li>\n<li>Protecci\u00f3n contra p\u00e9rdida o derrame &#8211; S\u00ed<\/li>\n<li>Protecci\u00f3n contra calor &#8211; S\u00ed<\/li>\n<\/ul>\n<\/div>\n","protected":false},"excerpt":{"rendered":"<p><a href=\"https:\/\/desdropi.com\/elparque\/wp-content\/uploads\/12067.pdf\" target=\"_blank\" rel=\"noopener\"><img decoding=\"async\" class=\"alignnone wp-image-205373 size-full\" src=\"https:\/\/desdropi.com\/elparque\/wp-content\/uploads\/eficiencia-E.png\" alt=\"\" width=\"56\" height=\"33\" \/><\/a><\/p>\n","protected":false},"featured_media":165406,"comment_status":"open","ping_status":"closed","template":"","meta":{"_joinchat":[]},"product_cat":[6459,780,781],"product_tag":[],"class_list":{"0":"post-34060","1":"product","2":"type-product","3":"status-publish","4":"has-post-thumbnail","6":"product_cat-libre-instalacion-de-45-cm","7":"product_cat-gran-electrodomestico","8":"product_cat-lavavajillas","9":"pa_marca-new-pol","11":"first","12":"instock","13":"taxable","14":"shipping-taxable","15":"purchasable","16":"product-type-simple"},"_links":{"self":[{"href":"https:\/\/desdropi.com\/elparque\/wp-json\/wp\/v2\/product\/34060"}],"collection":[{"href":"https:\/\/desdropi.com\/elparque\/wp-json\/wp\/v2\/product"}],"about":[{"href":"https:\/\/desdropi.com\/elparque\/wp-json\/wp\/v2\/types\/product"}],"replies":[{"embeddable":true,"href":"https:\/\/desdropi.com\/elparque\/wp-json\/wp\/v2\/comments?post=34060"}],"version-history":[{"count":0,"href":"https:\/\/desdropi.com\/elparque\/wp-json\/wp\/v2\/product\/34060\/revisions"}],"wp:featuredmedia":[{"embeddable":true,"href":"https:\/\/desdropi.com\/elparque\/wp-json\/wp\/v2\/media\/165406"}],"wp:attachment":[{"href":"https:\/\/desdropi.com\/elparque\/wp-json\/wp\/v2\/media?parent=34060"}],"wp:term":[{"taxonomy":"product_cat","embeddable":true,"href":"https:\/\/desdropi.com\/elparque\/wp-json\/wp\/v2\/product_cat?post=34060"},{"taxonomy":"product_tag","embeddable":true,"href":"https:\/\/desdropi.com\/elparque\/wp-json\/wp\/v2\/product_tag?post=34060"}],"curies":[{"name":"wp","href":"https:\/\/api.w.org\/{rel}","templated":true}]}}