{"id":34070,"date":"2021-11-11T11:26:42","date_gmt":"2021-11-11T09:26:42","guid":{"rendered":"https:\/\/desdropi.com\/elparque\/frigo-combi-bosch-kgn39vwea-203x60-blanco-a-nofrost\/"},"modified":"2025-04-13T23:05:00","modified_gmt":"2025-04-13T21:05:00","slug":"frigo-combi-bosch-kgn39vwea-203x60-blanco-a-nofrost","status":"publish","type":"product","link":"https:\/\/desdropi.com\/elparque\/frigo-combi-bosch-kgn39vwea-203x60-blanco-a-nofrost\/","title":{"rendered":"Frigo Combi Bosch Kgn39Vwea 203X60 Blanco A++ Nofrost"},"content":{"rendered":"<div class=\"descripcion-tab\"><strong>Peso y dimensiones<\/strong><\/p>\n<ul>\n<li>Ancho &#8211; 600 mm<\/li>\n<li>Profundidad &#8211; 660 mm<\/li>\n<li>Peso &#8211; 73 kg<\/li>\n<li>Altura &#8211; 2030 mm<\/li>\n<li>Altura Aprox. &#8211; 203 cm<\/li>\n<\/ul>\n<p><strong>Control de energ\u00eda<\/strong><\/p>\n<ul>\n<li>Eficiencia energ\u00e9tica &#8211; E<\/li>\n<li>Consumo de energ\u00eda anual &#8211; 273 kWh<\/li>\n<li>Carga conectada &#8211; 100 W<\/li>\n<li>Voltaje de entrada AC &#8211; 220 &#8211; 240 V<\/li>\n<li>Frecuencia de entrada AC &#8211; 50 Hz<\/li>\n<li>Corriente &#8211; 10 A<\/li>\n<\/ul>\n<p><strong>Congelador<\/strong><\/p>\n<ul>\n<li>Capacidad de congelaci\u00f3n\u00a0 &#8211; 14 kg\/24h<\/li>\n<li>Cubiteras &#8211; S\u00ed<\/li>\n<li>Congelador, n\u00famero de compartimientos &#8211; 3<\/li>\n<li>Antiescarcha (congelador) &#8211; S\u00ed<\/li>\n<li>Descongelaci\u00f3n autom\u00e1tica (congelador) &#8211; S\u00ed<\/li>\n<li>Funci\u00f3n de congelado r\u00e1pido &#8211; S\u00ed<\/li>\n<li>Tiempo de almacenamiento en caso de fallo de alimentaci\u00f3n &#8211; 16 h<\/li>\n<li>\u00cdndice Star &#8211; 4*<\/li>\n<li>Posici\u00f3n congelada &#8211; \u00faltimo lugar<\/li>\n<li>Congelador, capacidad neta &#8211; 87 L<\/li>\n<\/ul>\n<p><strong>Refrigerador<\/strong><\/p>\n<ul>\n<li>Antiescarcha (nevera) &#8211; S\u00ed<\/li>\n<li>Descongelaci\u00f3n autom\u00e1tica (nevera) &#8211; S\u00ed<\/li>\n<li>Luz interior de la nevera &#8211; S\u00ed<\/li>\n<li>Tipo de l\u00e1mpara &#8211; LED<\/li>\n<li>Funci\u00f3n Super Cool &#8211; S\u00ed<\/li>\n<li>Botellero &#8211; S\u00ed<\/li>\n<li>Frigor\u00edfico, n\u00famero de compartimentos &#8211; 4<\/li>\n<li>Number of removable shelves &#8211; 3<\/li>\n<li>N\u00famero de compartimientos para verduras &#8211; 1<\/li>\n<li>Estantes de la puerta de la nevera &#8211; 4<\/li>\n<li>Huevera &#8211; S\u00ed<\/li>\n<li>Frigor\u00edfico, capacidad neta &#8211; 279 L<\/li>\n<li>Sistema multi-flujo de aire (nevera) &#8211; S\u00ed<\/li>\n<li>Zona Conservaci\u00f3n 0\u00baC &#8211; S\u00ed<\/li>\n<\/ul>\n<p><strong>Ergonom\u00eda<\/strong><\/p>\n<ul>\n<li>Alarma de puerta (abierta) &#8211; S\u00ed<\/li>\n<li>Alarma temperatura &#8211; S\u00ed<\/li>\n<li>Longitud del cable &#8211; 2,4 m<\/li>\n<li>Failure alarm &#8211; S\u00ed<\/li>\n<\/ul>\n<p><strong>Dise\u00f1o<\/strong><\/p>\n<ul>\n<li>Appliance placement &#8211; Independiente<\/li>\n<li>Pantalla incorporada &#8211; S\u00ed<\/li>\n<li>Tipo de visualizador &#8211; LED<\/li>\n<li>Bisagra para puerta &#8211; Derecho<\/li>\n<li>Puertas reversibles &#8211; S\u00ed<\/li>\n<li>N\u00famero de compresores &#8211; 1<\/li>\n<li>Certificaci\u00f3n &#8211; CE, VDE<\/li>\n<li>Color del producto -Blanco<\/li>\n<\/ul>\n<p><strong>Zona fresca<\/strong><\/p>\n<ul>\n<li>Compartimiento de zona fresca &#8211; S\u00ed<\/li>\n<\/ul>\n<p><strong>Desempe\u00f1o<\/strong><\/p>\n<ul>\n<li>Funci\u00f3n Vacaciones &#8211; S\u00ed<\/li>\n<li>Capacidad neta total &#8211; 366 L<\/li>\n<li>Capacidad bruta total &#8211; 400 L<\/li>\n<li>Nivel de ruido &#8211; 39 dB<\/li>\n<li>Clase clim\u00e1tica &#8211; SN-T<\/li>\n<li>Temperatura m\u00ednima de operaci\u00f3n &#8211; 10 \u00b0C<\/li>\n<li>M\u00e1xima temperatura &#8211; 43 \u00b0C<\/li>\n<\/ul>\n<\/div>\n","protected":false},"excerpt":{"rendered":"<p><a href=\"https:\/\/desdropi.com\/elparque\/wp-content\/uploads\/12092.pdf\" target=\"_blank\" rel=\"noopener\"><img decoding=\"async\" class=\"alignnone wp-image-205373 size-full\" src=\"https:\/\/desdropi.com\/elparque\/wp-content\/uploads\/eficiencia-E.png\" alt=\"\" width=\"56\" height=\"33\" \/><\/a><\/p>\n<p><a href=\"https:\/\/desdropi.com\/elparque\/wp-content\/uploads\/12092.2.pdf\" target=\"_blank\" rel=\"noopener\" style=\"text-decoration:underline;\">Ficha de informaci\u00f3n de producto<\/a><\/p>\n","protected":false},"featured_media":133866,"comment_status":"open","ping_status":"closed","template":"","meta":{"_joinchat":[]},"product_cat":[6442,6441,780],"product_tag":[],"class_list":{"0":"post-34070","1":"product","2":"type-product","3":"status-publish","4":"has-post-thumbnail","6":"product_cat-combis-frigorificos","7":"product_cat-frigorificos","8":"product_cat-gran-electrodomestico","9":"pa_marca-bosch","10":"pa_nofrost-si","12":"first","13":"instock","14":"taxable","15":"shipping-taxable","16":"purchasable","17":"product-type-simple"},"_links":{"self":[{"href":"https:\/\/desdropi.com\/elparque\/wp-json\/wp\/v2\/product\/34070"}],"collection":[{"href":"https:\/\/desdropi.com\/elparque\/wp-json\/wp\/v2\/product"}],"about":[{"href":"https:\/\/desdropi.com\/elparque\/wp-json\/wp\/v2\/types\/product"}],"replies":[{"embeddable":true,"href":"https:\/\/desdropi.com\/elparque\/wp-json\/wp\/v2\/comments?post=34070"}],"version-history":[{"count":1,"href":"https:\/\/desdropi.com\/elparque\/wp-json\/wp\/v2\/product\/34070\/revisions"}],"predecessor-version":[{"id":224667,"href":"https:\/\/desdropi.com\/elparque\/wp-json\/wp\/v2\/product\/34070\/revisions\/224667"}],"wp:featuredmedia":[{"embeddable":true,"href":"https:\/\/desdropi.com\/elparque\/wp-json\/wp\/v2\/media\/133866"}],"wp:attachment":[{"href":"https:\/\/desdropi.com\/elparque\/wp-json\/wp\/v2\/media?parent=34070"}],"wp:term":[{"taxonomy":"product_cat","embeddable":true,"href":"https:\/\/desdropi.com\/elparque\/wp-json\/wp\/v2\/product_cat?post=34070"},{"taxonomy":"product_tag","embeddable":true,"href":"https:\/\/desdropi.com\/elparque\/wp-json\/wp\/v2\/product_tag?post=34070"}],"curies":[{"name":"wp","href":"https:\/\/api.w.org\/{rel}","templated":true}]}}