{"id":34452,"date":"2021-11-11T11:29:32","date_gmt":"2021-11-11T10:29:32","guid":{"rendered":"https:\/\/desdropi.com\/elparque\/freidora-tristar-fr6994-45l-1500w-sin-aceite\/"},"modified":"2025-04-13T23:12:03","modified_gmt":"2025-04-13T21:12:03","slug":"tristar-fr6994","status":"publish","type":"product","link":"https:\/\/desdropi.com\/elparque\/tristar-fr6994\/","title":{"rendered":"Freidora Aire Tristar Fr6994 4,5L 1500W"},"content":{"rendered":"<div class=\"descripcion-tab\">\n<h4><strong>FREIDORA AIRE TRISTAR FR6994 4,5L 1500W<\/strong><\/h4>\n<p>La freidora de aire Tristar FR6994 es un electrodom\u00e9stico moderno y eficiente que utiliza la tecnolog\u00eda de aire caliente para cocinar los alimentos de manera saludable y sin la necesidad de utilizar grandes cantidades de aceite. Con una capacidad de <strong>4,5 litros<\/strong>, es perfecta para cocinar para una familia peque\u00f1a o para parejas.<\/p>\n<p>Con una potencia de <strong>1500W<\/strong>, esta freidora de aire caliente se calienta r\u00e1pidamente y mantiene una temperatura constante para obtener resultados consistentes y deliciosos en todo momento. Adem\u00e1s, cuenta con una pantalla LED f\u00e1cil de leer y controles t\u00e1ctiles intuitivos para que sea f\u00e1cil de usar y personalizar seg\u00fan tus necesidades.<\/p>\n<p>La Tristar FR6994 tambi\u00e9n cuenta con un sistema de seguridad integrado que evita el sobrecalentamiento y la sobre presi\u00f3n, lo que la hace segura y confiable. Y gracias a su <strong>dise\u00f1o compacto y elegante<\/strong>, se ver\u00e1 genial en cualquier cocina.<\/p>\n<p>Adem\u00e1s de fre\u00edr, esta freidora de aire caliente tambi\u00e9n puede asar, hornear y cocinar a la parrilla, lo que la convierte en un electrodom\u00e9stico vers\u00e1til para la cocina. <strong>Incluso se puede utilizar para descongelar alimentos congelados o mantener la comida caliente antes de servir.<\/strong><\/p>\n<ul>\n<li>Ahorra hasta un 66,7% de energ\u00eda en tu hogar cuando usas esta freidora de aire Tristar; el c\u00e1lculo est\u00e1 basado en la comparaci\u00f3n de un horno convencional de 3300W versus nuestra freidora de aire; no solo el uso de energ\u00eda ser\u00e1 menor, sino que tus alimentos se cocinar\u00e1n en menos tiempo.<\/li>\n<li>Cocina de forma saludable: la tecnolog\u00eda de aire caliente circulante permite una cocci\u00f3n uniforme y una reducci\u00f3n de las grasas, lo que da como resultado: alimentos saludables.<\/li>\n<li>Cuenta con un panel de control digital con pantalla LCD que la hace f\u00e1cil de utilizar; Selecciona uno de los 8 modos preprogramados o configura tu propio tiempo y temperatura para cocinar. Puedes elegir una temperatura de entre 80\u2070C y 200\u2070C y un tiempo de hasta 60 minutos.<\/li>\n<li>Con 1500 W de potencia y gracias a su gran capacidad de 4.5 litros, podr\u00e1s utilizar la freidora sin aceite para toda la familia.<\/li>\n<li>Prepara todo tipo de platos; Podr\u00e1s preparar en poco tiempo y f\u00e1cilmente patatas fritas, platos de carne o pescado, verduras, tostar panecillos, magdalenas, pasteles o empanadillas.<\/li>\n<li>Seguridad gracias a la protecci\u00f3n contra sobrecalentamiento, mango de tacto fr\u00edo y base antideslizante. Incorpora un revestimiento antiadherente f\u00e1cil de mantener y de limpiar. Como retirar la cesta de la freidora es muy sencillo, limpiarla no te ocupar\u00e1 nada de tiempo.<\/li>\n<li>Las luces indicadoras te muestran cuando la freidora est\u00e1 conectada o si ha acabado de cocinar. Gracias a la tecnolog\u00eda de convecci\u00f3n de aire caliente, no es necesario agregar aceite para preparar la comida, aunque a\u00f1adir una cucharada a las patatas fritas les dar\u00e1 un resultado crujiente. Menos grasa tambi\u00e9n significa menos suciedad y menos olores.<\/li>\n<li>Atenci\u00f3n: Dimensiones del producto: 25 x 25 x 30 cm, volumen 4.5 L.<\/li>\n<\/ul>\n<\/div>\n","protected":false},"excerpt":{"rendered":"<p>FREIDORA AIRE TRISTAR FR6994 4,5L 1500W La freidora de aire Tristar FR6994 es un electrodom\u00e9stico moderno y eficiente que utiliza<\/p>\n","protected":false},"featured_media":158475,"comment_status":"open","ping_status":"closed","template":"","meta":{"_joinchat":[]},"product_cat":[825,831,844],"product_tag":[],"class_list":{"0":"post-34452","1":"product","2":"type-product","3":"status-publish","4":"has-post-thumbnail","6":"product_cat-pequeno-electrodomestico","7":"product_cat-accesorios-de-cocina","8":"product_cat-freidoras","9":"pa_marca-tristar","10":"pa_potenica-1500w","12":"first","13":"instock","14":"taxable","15":"shipping-taxable","16":"purchasable","17":"product-type-simple"},"_links":{"self":[{"href":"https:\/\/desdropi.com\/elparque\/wp-json\/wp\/v2\/product\/34452"}],"collection":[{"href":"https:\/\/desdropi.com\/elparque\/wp-json\/wp\/v2\/product"}],"about":[{"href":"https:\/\/desdropi.com\/elparque\/wp-json\/wp\/v2\/types\/product"}],"replies":[{"embeddable":true,"href":"https:\/\/desdropi.com\/elparque\/wp-json\/wp\/v2\/comments?post=34452"}],"version-history":[{"count":1,"href":"https:\/\/desdropi.com\/elparque\/wp-json\/wp\/v2\/product\/34452\/revisions"}],"predecessor-version":[{"id":224676,"href":"https:\/\/desdropi.com\/elparque\/wp-json\/wp\/v2\/product\/34452\/revisions\/224676"}],"wp:featuredmedia":[{"embeddable":true,"href":"https:\/\/desdropi.com\/elparque\/wp-json\/wp\/v2\/media\/158475"}],"wp:attachment":[{"href":"https:\/\/desdropi.com\/elparque\/wp-json\/wp\/v2\/media?parent=34452"}],"wp:term":[{"taxonomy":"product_cat","embeddable":true,"href":"https:\/\/desdropi.com\/elparque\/wp-json\/wp\/v2\/product_cat?post=34452"},{"taxonomy":"product_tag","embeddable":true,"href":"https:\/\/desdropi.com\/elparque\/wp-json\/wp\/v2\/product_tag?post=34452"}],"curies":[{"name":"wp","href":"https:\/\/api.w.org\/{rel}","templated":true}]}}