{"id":35030,"date":"2021-11-11T11:35:17","date_gmt":"2021-11-11T09:35:17","guid":{"rendered":"https:\/\/desdropi.com\/elparque\/termo-solido-lacor-62440-inox-1-litros\/"},"modified":"2025-04-14T00:08:03","modified_gmt":"2025-04-13T22:08:03","slug":"termo-solido-lacor-62440-inox-1-litros","status":"publish","type":"product","link":"https:\/\/desdropi.com\/elparque\/termo-solido-lacor-62440-inox-1-litros\/","title":{"rendered":"Termo Solido Lacor 62440 Inox   1  Litros"},"content":{"rendered":"<div class=\"descripcion-tab\">\n<ul>\n<li>Marca: Lacor.<\/li>\n<li>Material: Acero inoxidable.<\/li>\n<li>Peso, incluido embalaje: 0.898 kg.<\/li>\n<li>Peso del producto: 0.798 kg.<\/li>\n<li>Capacidad 1000 Mililitros.<\/li>\n<li>Dimensiones del producto: largo x ancho x alto 10 x 10 x 24 cent\u00edmetros.<\/li>\n<li>Cantidad de productos por paquete 1.<\/li>\n<li>Volumen del producto.<\/li>\n<li>Gran apertura para a\u00f1adir hielo y una m\u00e1s estrecha para los l\u00edquidos.<\/li>\n<li>Hecho de acero inoxidable de doble pared 18\/10, con un compartimiento de vac\u00edo.<\/li>\n<li>Herm\u00e9tico contenedor de alimentos.<\/li>\n<li>Ligero e irrompible.<\/li>\n<li>Mantiene la comida caliente o fr\u00edo durante 24 horas.<\/li>\n<\/ul>\n<\/div>\n","protected":false},"excerpt":{"rendered":"<p>Marca: Lacor. Material: Acero inoxidable. Peso, incluido embalaje: 0.898 kg. Peso del producto: 0.798 kg. Capacidad 1000 Mililitros. Dimensiones del<\/p>\n","protected":false},"featured_media":221710,"comment_status":"open","ping_status":"closed","template":"","meta":{"_joinchat":[]},"product_cat":[6426,5661,5662,5953],"product_tag":[],"class_list":{"0":"post-35030","1":"product","2":"type-product","3":"status-publish","4":"has-post-thumbnail","6":"product_cat-solidos","7":"product_cat-menaje","8":"product_cat-menaje-de-cocina","9":"product_cat-termos","10":"pa_marca-lacor","12":"first","13":"instock","14":"taxable","15":"shipping-taxable","16":"purchasable","17":"product-type-simple"},"_links":{"self":[{"href":"https:\/\/desdropi.com\/elparque\/wp-json\/wp\/v2\/product\/35030"}],"collection":[{"href":"https:\/\/desdropi.com\/elparque\/wp-json\/wp\/v2\/product"}],"about":[{"href":"https:\/\/desdropi.com\/elparque\/wp-json\/wp\/v2\/types\/product"}],"replies":[{"embeddable":true,"href":"https:\/\/desdropi.com\/elparque\/wp-json\/wp\/v2\/comments?post=35030"}],"version-history":[{"count":1,"href":"https:\/\/desdropi.com\/elparque\/wp-json\/wp\/v2\/product\/35030\/revisions"}],"predecessor-version":[{"id":224764,"href":"https:\/\/desdropi.com\/elparque\/wp-json\/wp\/v2\/product\/35030\/revisions\/224764"}],"wp:featuredmedia":[{"embeddable":true,"href":"https:\/\/desdropi.com\/elparque\/wp-json\/wp\/v2\/media\/221710"}],"wp:attachment":[{"href":"https:\/\/desdropi.com\/elparque\/wp-json\/wp\/v2\/media?parent=35030"}],"wp:term":[{"taxonomy":"product_cat","embeddable":true,"href":"https:\/\/desdropi.com\/elparque\/wp-json\/wp\/v2\/product_cat?post=35030"},{"taxonomy":"product_tag","embeddable":true,"href":"https:\/\/desdropi.com\/elparque\/wp-json\/wp\/v2\/product_tag?post=35030"}],"curies":[{"name":"wp","href":"https:\/\/api.w.org\/{rel}","templated":true}]}}