{"id":35036,"date":"2021-11-11T11:35:17","date_gmt":"2021-11-11T09:35:17","guid":{"rendered":"https:\/\/desdropi.com\/elparque\/termo-liquido-lacor-62443-inox-075l\/"},"modified":"2025-04-14T00:10:13","modified_gmt":"2025-04-13T22:10:13","slug":"termo-liquido-lacor-62443-inox-075l","status":"publish","type":"product","link":"https:\/\/desdropi.com\/elparque\/termo-liquido-lacor-62443-inox-075l\/","title":{"rendered":"Termo Liquido Lacor 62443 Inox 0,75L"},"content":{"rendered":"<div class=\"descripcion-tab\">\n<ul>\n<li>Material &#8211; Acero Inoxidable.<\/li>\n<li>Capacidad &#8211; 750 Mililitros.<\/li>\n<li>Marca &#8211; Lacor.<\/li>\n<li>Peso del producto &#8211; 1.06 Libras.<\/li>\n<li>Dimensiones del producto: largo x ancho x alto &#8211; 10 x 10 x 30 cent\u00edmetros.<\/li>\n<li>Lacor Menaje Profesional S.L, l\u00edder del mercado en Espa\u00f1a y entre los principales fabricantes de Europa, lleva m\u00e1s de 60 a\u00f1os trabajando en el sector de la cocina y desarroll\u00e1ndose para la astronom\u00eda profesional de art\u00edculos de acero inoxidable para cocinar, preparar y hornear. Lacor tambi\u00e9n ofrece una amplia gama de utensilios para uso dom\u00e9stico de la misma calidad.<\/li>\n<li>Lacor Menaje Profesional es reconocido. Los mejores cocineros del mundo eligen la mejor calidad.<\/li>\n<li>Lacor Menaje Profesional: el objetivo es la innovaci\u00f3n.<\/li>\n<\/ul>\n<\/div>\n","protected":false},"excerpt":{"rendered":"<p>Material &#8211; Acero Inoxidable. Capacidad &#8211; 750 Mililitros. Marca &#8211; Lacor. Peso del producto &#8211; 1.06 Libras. Dimensiones del producto:<\/p>\n","protected":false},"featured_media":221711,"comment_status":"open","ping_status":"closed","template":"","meta":{"_joinchat":[]},"product_cat":[6427,5661,5662,5953],"product_tag":[],"class_list":{"0":"post-35036","1":"product","2":"type-product","3":"status-publish","4":"has-post-thumbnail","6":"product_cat-liquidos-termos","7":"product_cat-menaje","8":"product_cat-menaje-de-cocina","9":"product_cat-termos","10":"pa_marca-lacor","12":"first","13":"instock","14":"taxable","15":"shipping-taxable","16":"purchasable","17":"product-type-simple"},"_links":{"self":[{"href":"https:\/\/desdropi.com\/elparque\/wp-json\/wp\/v2\/product\/35036"}],"collection":[{"href":"https:\/\/desdropi.com\/elparque\/wp-json\/wp\/v2\/product"}],"about":[{"href":"https:\/\/desdropi.com\/elparque\/wp-json\/wp\/v2\/types\/product"}],"replies":[{"embeddable":true,"href":"https:\/\/desdropi.com\/elparque\/wp-json\/wp\/v2\/comments?post=35036"}],"version-history":[{"count":1,"href":"https:\/\/desdropi.com\/elparque\/wp-json\/wp\/v2\/product\/35036\/revisions"}],"predecessor-version":[{"id":224766,"href":"https:\/\/desdropi.com\/elparque\/wp-json\/wp\/v2\/product\/35036\/revisions\/224766"}],"wp:featuredmedia":[{"embeddable":true,"href":"https:\/\/desdropi.com\/elparque\/wp-json\/wp\/v2\/media\/221711"}],"wp:attachment":[{"href":"https:\/\/desdropi.com\/elparque\/wp-json\/wp\/v2\/media?parent=35036"}],"wp:term":[{"taxonomy":"product_cat","embeddable":true,"href":"https:\/\/desdropi.com\/elparque\/wp-json\/wp\/v2\/product_cat?post=35036"},{"taxonomy":"product_tag","embeddable":true,"href":"https:\/\/desdropi.com\/elparque\/wp-json\/wp\/v2\/product_tag?post=35036"}],"curies":[{"name":"wp","href":"https:\/\/api.w.org\/{rel}","templated":true}]}}