{"id":35204,"date":"2021-11-11T11:36:41","date_gmt":"2021-11-11T09:36:41","guid":{"rendered":"https:\/\/desdropi.com\/elparque\/cuchillo-chef-profesional-lacor-49021-21cm\/"},"modified":"2024-05-18T23:43:01","modified_gmt":"2024-05-18T21:43:01","slug":"cuchillo-chef-profesional-lacor-49021-21cm","status":"publish","type":"product","link":"https:\/\/desdropi.com\/elparque\/cuchillo-chef-profesional-lacor-49021-21cm\/","title":{"rendered":"Cuchillo Chef Profesional Lacor 49021 21Cm"},"content":{"rendered":"","protected":false},"excerpt":{"rendered":"<p>M\u00ednimo 2 uds para env\u00edo gratuito, sino se cobrar\u00e1 a parte 6\u20ac de portes<\/p>\n","protected":false},"featured_media":221721,"comment_status":"open","ping_status":"closed","template":"","meta":{"_joinchat":[]},"product_cat":[5661,5662,5978],"product_tag":[],"class_list":{"0":"post-35204","1":"product","2":"type-product","3":"status-publish","4":"has-post-thumbnail","6":"product_cat-menaje","7":"product_cat-menaje-de-cocina","8":"product_cat-cuberterias","9":"pa_marca-lacor","11":"first","12":"instock","13":"taxable","14":"shipping-taxable","15":"purchasable","16":"product-type-simple"},"_links":{"self":[{"href":"https:\/\/desdropi.com\/elparque\/wp-json\/wp\/v2\/product\/35204"}],"collection":[{"href":"https:\/\/desdropi.com\/elparque\/wp-json\/wp\/v2\/product"}],"about":[{"href":"https:\/\/desdropi.com\/elparque\/wp-json\/wp\/v2\/types\/product"}],"replies":[{"embeddable":true,"href":"https:\/\/desdropi.com\/elparque\/wp-json\/wp\/v2\/comments?post=35204"}],"version-history":[{"count":0,"href":"https:\/\/desdropi.com\/elparque\/wp-json\/wp\/v2\/product\/35204\/revisions"}],"wp:featuredmedia":[{"embeddable":true,"href":"https:\/\/desdropi.com\/elparque\/wp-json\/wp\/v2\/media\/221721"}],"wp:attachment":[{"href":"https:\/\/desdropi.com\/elparque\/wp-json\/wp\/v2\/media?parent=35204"}],"wp:term":[{"taxonomy":"product_cat","embeddable":true,"href":"https:\/\/desdropi.com\/elparque\/wp-json\/wp\/v2\/product_cat?post=35204"},{"taxonomy":"product_tag","embeddable":true,"href":"https:\/\/desdropi.com\/elparque\/wp-json\/wp\/v2\/product_tag?post=35204"}],"curies":[{"name":"wp","href":"https:\/\/api.w.org\/{rel}","templated":true}]}}