{"id":35505,"date":"2021-11-11T11:39:15","date_gmt":"2021-11-11T09:39:15","guid":{"rendered":"https:\/\/desdropi.com\/elparque\/grill-lacor-24127-eco-piedra-28x28-liso\/"},"modified":"2025-04-14T01:19:07","modified_gmt":"2025-04-13T23:19:07","slug":"grill-lacor-24127-eco-piedra-28x28-liso","status":"publish","type":"product","link":"https:\/\/desdropi.com\/elparque\/grill-lacor-24127-eco-piedra-28x28-liso\/","title":{"rendered":"Grill Lacor 24127 Eco-Piedra 28X28 Liso"},"content":{"rendered":"<div class=\"descripcion-tab\">\n<ul>\n<li>El Grill Lacor 24127 Eco-Piedra 28&#215;28 Liso es un producto de cocina de<strong> alta calidad<\/strong> dise\u00f1ado para asar alimentos de manera <strong>r\u00e1pida y saludable<\/strong>. Con una superficie de cocci\u00f3n de <strong>28&#215;28 cm<\/strong>, este grill es lo suficientemente grande como para cocinar para una familia o grupo peque\u00f1o de personas.<\/li>\n<li>La superficie de cocci\u00f3n est\u00e1 hecha de una <strong>capa antiadherente<\/strong> de piedra ecol\u00f3gica que es resistente y duradera, lo que significa que puede soportar altas temperaturas sin perder su capacidad antiadherente. Adem\u00e1s, esta capa de piedra ecol\u00f3gica es segura para cocinar y no contiene productos qu\u00edmicos da\u00f1inos como el PFOA o el PTFE.<\/li>\n<li>El Grill Lacor 24127 Eco-Piedra 28&#215;28 Liso tambi\u00e9n cuenta con un fondo difusor de calor que distribuye uniformemente el calor en toda la superficie de cocci\u00f3n para obtener un resultado de cocci\u00f3n perfecto. Adem\u00e1s, el <strong>mango ergon\u00f3mico<\/strong> es c\u00f3modo de sostener y se mantiene fresco al tacto, lo que permite una manipulaci\u00f3n segura y f\u00e1cil del grill.<\/li>\n<\/ul>\n<\/div>\n","protected":false},"excerpt":{"rendered":"<p>El Grill Lacor 24127 Eco-Piedra 28&#215;28 Liso es un producto de cocina de alta calidad dise\u00f1ado para asar alimentos de<\/p>\n","protected":false},"featured_media":221733,"comment_status":"open","ping_status":"closed","template":"","meta":{"_joinchat":[]},"product_cat":[5661,5662,6135],"product_tag":[],"class_list":{"0":"post-35505","1":"product","2":"type-product","3":"status-publish","4":"has-post-thumbnail","6":"product_cat-menaje","7":"product_cat-menaje-de-cocina","8":"product_cat-grills-menaje-de-cocina","9":"pa_marca-lacor","11":"first","12":"instock","13":"taxable","14":"shipping-taxable","15":"purchasable","16":"product-type-simple"},"_links":{"self":[{"href":"https:\/\/desdropi.com\/elparque\/wp-json\/wp\/v2\/product\/35505"}],"collection":[{"href":"https:\/\/desdropi.com\/elparque\/wp-json\/wp\/v2\/product"}],"about":[{"href":"https:\/\/desdropi.com\/elparque\/wp-json\/wp\/v2\/types\/product"}],"replies":[{"embeddable":true,"href":"https:\/\/desdropi.com\/elparque\/wp-json\/wp\/v2\/comments?post=35505"}],"version-history":[{"count":1,"href":"https:\/\/desdropi.com\/elparque\/wp-json\/wp\/v2\/product\/35505\/revisions"}],"predecessor-version":[{"id":224837,"href":"https:\/\/desdropi.com\/elparque\/wp-json\/wp\/v2\/product\/35505\/revisions\/224837"}],"wp:featuredmedia":[{"embeddable":true,"href":"https:\/\/desdropi.com\/elparque\/wp-json\/wp\/v2\/media\/221733"}],"wp:attachment":[{"href":"https:\/\/desdropi.com\/elparque\/wp-json\/wp\/v2\/media?parent=35505"}],"wp:term":[{"taxonomy":"product_cat","embeddable":true,"href":"https:\/\/desdropi.com\/elparque\/wp-json\/wp\/v2\/product_cat?post=35505"},{"taxonomy":"product_tag","embeddable":true,"href":"https:\/\/desdropi.com\/elparque\/wp-json\/wp\/v2\/product_tag?post=35505"}],"curies":[{"name":"wp","href":"https:\/\/api.w.org\/{rel}","templated":true}]}}