{"id":39676,"date":"2021-11-15T23:35:00","date_gmt":"2021-11-15T21:35:00","guid":{"rendered":"https:\/\/desdropi.com\/elparque\/satisfyer-curvy-2-pink-bluetooth\/"},"modified":"2024-05-17T12:59:41","modified_gmt":"2024-05-17T10:59:41","slug":"satisfyer-curvy-2-pink-bluetooth","status":"publish","type":"product","link":"https:\/\/desdropi.com\/elparque\/satisfyer-curvy-2-pink-bluetooth\/","title":{"rendered":"Satisfyer Curvy 2+ Pink Bluetooth"},"content":{"rendered":"<div class=\"descripcion-tab\">\n<p><strong>Satisfyer Curvy 2+<\/strong><\/p>\n<ul>\n<li>En color rosa ofrece una estimulaci\u00f3n sin contacto, intensa, potente y penetrante. Con vibradores s\u00faper elegantes, modernos, minimalistas y con conexi\u00f3n Bluetooth. Se centra en la estimulaci\u00f3n externa, mientras las olas de placer invaden sus \u00e1reas m\u00e1s sensibles y lo llevan a un cl\u00edmax inolvidable. Es impermeable y f\u00e1cil de limpiar, y te encantar\u00e1 el enfoque directo en sus puntos dulces para una estimulaci\u00f3n exquisita.<\/li>\n<\/ul>\n<p><strong>Satisfyer Curvy 2+<\/strong><\/p>\n<ul>\n<li>Este vibrador es recargable, por lo que se enciende f\u00e1cilmente para jugar en cualquier momento. Tambi\u00e9n es resistente al agua, lo que te permite jugar m\u00e1s all\u00e1 del dormitorio para disfrutar de un ba\u00f1o de aventura y una ducha de placer. El Satisfyer Curvy 2+ viene con un cable de carga USB para un uso f\u00e1cil y su magn\u00edfico dise\u00f1o lo convierte en una obra de arte que se destaca en su elegante y moderna colecci\u00f3n de juguetes.<\/li>\n<\/ul>\n<p><strong>Estimulaci\u00f3n sin contacto<\/strong><\/p>\n<ul>\n<li>La gama Satisfyer utiliza una tecnolog\u00eda de onda de presi\u00f3n que le permite disfrutar de la estimulaci\u00f3n sin contacto con solo presionar un bot\u00f3n. Estas ondas son profundas e intensas y estimulan sin necesidad de tocarlas, lo que hace que el placer individual y el juego con otra persona sea a\u00fan m\u00e1s satisfactorio. Puedes usar ondas de presi\u00f3n ligera para comenzar el placer, agregando m\u00e1s intensidad a medida que juegas.<\/li>\n<\/ul>\n<p><strong>Control por App<\/strong><\/p>\n<ul>\n<li>Podr\u00e1s controlar tu Satisfyer Curvy 2+ descargando la App Satisfyer Connect disponible gratuitamente en Google Play y App Store mediante tu smartphone o smartwatch, adem\u00e1s el succionador de cl\u00edtoris tiene incluida conexi\u00f3n Bluetooth para que t\u00fa u otra persona pod\u00e1is controlar los programas y funciones.<\/li>\n<\/ul>\n<p><strong>Caracter\u00edsticas<\/strong><\/p>\n<ul>\n<li>Tipo de dispositivo Succionador de cl\u00edtoris<\/li>\n<li>Stimulation Cl\u00edtoris<\/li>\n<li>Material Silicona<\/li>\n<li>Compatible con la aplicaci\u00f3n &#8211; S\u00ed<\/li>\n<li>Control remoto &#8211; S\u00ed<\/li>\n<li>Resistente al agua S\u00ed &#8211; Tipo de bater\u00eda Ion de litio<\/li>\n<li>Numero de bater\u00edas necesarias &#8211; 1<\/li>\n<li>Caract. especiales Conexi\u00f3n Bluetooth, Silencioso, Bater\u00eda recargable, Sumergible IPX7<\/li>\n<li>Anchura 4.52 cm<\/li>\n<li>Altura 13.41 cm<\/li>\n<li>Profundidad 10.34 cm<\/li>\n<li>Color (por fabricante) Rosa<\/li>\n<li>Peso (seg\u00fan el fabricante) 121 g<\/li>\n<li>Peso 0.121 kg<\/li>\n<li>Contenido Succionador de cl\u00edtoris, cable USB<\/li>\n<li>Ancho del embalaje 7 cm<\/li>\n<li>Alto del embalaje 17.2 cm<\/li>\n<li>Profundidad del embalaje 13 cm<\/li>\n<\/ul>\n<\/div>\n","protected":false},"excerpt":{"rendered":"<p>Satisfyer Curvy 2+ En color rosa ofrece una estimulaci\u00f3n sin contacto, intensa, potente y penetrante. Con vibradores s\u00faper elegantes, modernos,<\/p>\n","protected":false},"featured_media":222006,"comment_status":"open","ping_status":"closed","template":"","meta":{"_joinchat":[]},"product_cat":[825,6097],"product_tag":[],"class_list":{"0":"post-39676","1":"product","2":"type-product","3":"status-publish","4":"has-post-thumbnail","6":"product_cat-pequeno-electrodomestico","7":"product_cat-cuidado-personal","8":"pa_marca-satisfyer","10":"first","11":"instock","12":"taxable","13":"shipping-taxable","14":"purchasable","15":"product-type-simple"},"_links":{"self":[{"href":"https:\/\/desdropi.com\/elparque\/wp-json\/wp\/v2\/product\/39676"}],"collection":[{"href":"https:\/\/desdropi.com\/elparque\/wp-json\/wp\/v2\/product"}],"about":[{"href":"https:\/\/desdropi.com\/elparque\/wp-json\/wp\/v2\/types\/product"}],"replies":[{"embeddable":true,"href":"https:\/\/desdropi.com\/elparque\/wp-json\/wp\/v2\/comments?post=39676"}],"version-history":[{"count":0,"href":"https:\/\/desdropi.com\/elparque\/wp-json\/wp\/v2\/product\/39676\/revisions"}],"wp:featuredmedia":[{"embeddable":true,"href":"https:\/\/desdropi.com\/elparque\/wp-json\/wp\/v2\/media\/222006"}],"wp:attachment":[{"href":"https:\/\/desdropi.com\/elparque\/wp-json\/wp\/v2\/media?parent=39676"}],"wp:term":[{"taxonomy":"product_cat","embeddable":true,"href":"https:\/\/desdropi.com\/elparque\/wp-json\/wp\/v2\/product_cat?post=39676"},{"taxonomy":"product_tag","embeddable":true,"href":"https:\/\/desdropi.com\/elparque\/wp-json\/wp\/v2\/product_tag?post=39676"}],"curies":[{"name":"wp","href":"https:\/\/api.w.org\/{rel}","templated":true}]}}