{"id":40022,"date":"2021-11-17T23:20:53","date_gmt":"2021-11-17T22:20:53","guid":{"rendered":"https:\/\/desdropi.com\/elparque\/rizador-irene-rios-spiral-negro\/"},"modified":"2025-04-13T21:32:03","modified_gmt":"2025-04-13T19:32:03","slug":"rizador-irene-rios-spiral-negro","status":"publish","type":"product","link":"https:\/\/desdropi.com\/elparque\/rizador-irene-rios-spiral-negro\/","title":{"rendered":"Rizador Irene Rios Spiral Negro"},"content":{"rendered":"<div class=\"descripcion-tab\">\n<ul>\n<li>Rizador autom\u00e1tico.<\/li>\n<li>Calidad de Sal\u00f3n de belleza.<\/li>\n<li>+ 60% Definici\u00f3n de Rizo.<\/li>\n<li>Voltaje: AC220-240V 50\/60Hz.<\/li>\n<li>Potencia: 20W.<\/li>\n<li>Rizador con revestimiento de titanio.<\/li>\n<li>Ajustable de 150\u00baC a 230\u00baC.<\/li>\n<li>Inducci\u00f3n Inteligente.<\/li>\n<\/ul>\n<\/div>\n","protected":false},"excerpt":{"rendered":"<p>Rizador autom\u00e1tico. Calidad de Sal\u00f3n de belleza. + 60% Definici\u00f3n de Rizo. Voltaje: AC220-240V 50\/60Hz. Potencia: 20W. Rizador con revestimiento<\/p>\n","protected":false},"featured_media":221614,"comment_status":"open","ping_status":"closed","template":"","meta":{"_joinchat":[]},"product_cat":[6528,6510,825,6097],"product_tag":[],"class_list":{"0":"post-40022","1":"product","2":"type-product","3":"status-publish","4":"has-post-thumbnail","6":"product_cat-rizadores-y-moldeadores","7":"product_cat-vello-y-pelo","8":"product_cat-pequeno-electrodomestico","9":"product_cat-cuidado-personal","10":"pa_marca-irene-rios","12":"first","13":"instock","14":"taxable","15":"shipping-taxable","16":"purchasable","17":"product-type-simple"},"_links":{"self":[{"href":"https:\/\/desdropi.com\/elparque\/wp-json\/wp\/v2\/product\/40022"}],"collection":[{"href":"https:\/\/desdropi.com\/elparque\/wp-json\/wp\/v2\/product"}],"about":[{"href":"https:\/\/desdropi.com\/elparque\/wp-json\/wp\/v2\/types\/product"}],"replies":[{"embeddable":true,"href":"https:\/\/desdropi.com\/elparque\/wp-json\/wp\/v2\/comments?post=40022"}],"version-history":[{"count":1,"href":"https:\/\/desdropi.com\/elparque\/wp-json\/wp\/v2\/product\/40022\/revisions"}],"predecessor-version":[{"id":224572,"href":"https:\/\/desdropi.com\/elparque\/wp-json\/wp\/v2\/product\/40022\/revisions\/224572"}],"wp:featuredmedia":[{"embeddable":true,"href":"https:\/\/desdropi.com\/elparque\/wp-json\/wp\/v2\/media\/221614"}],"wp:attachment":[{"href":"https:\/\/desdropi.com\/elparque\/wp-json\/wp\/v2\/media?parent=40022"}],"wp:term":[{"taxonomy":"product_cat","embeddable":true,"href":"https:\/\/desdropi.com\/elparque\/wp-json\/wp\/v2\/product_cat?post=40022"},{"taxonomy":"product_tag","embeddable":true,"href":"https:\/\/desdropi.com\/elparque\/wp-json\/wp\/v2\/product_tag?post=40022"}],"curies":[{"name":"wp","href":"https:\/\/api.w.org\/{rel}","templated":true}]}}