{"id":40518,"date":"2021-11-22T23:24:53","date_gmt":"2021-11-22T21:24:53","guid":{"rendered":"https:\/\/desdropi.com\/elparque\/calentador-ariston-11l-atmosferico-fastrx\/"},"modified":"2025-04-13T22:23:07","modified_gmt":"2025-04-13T20:23:07","slug":"calentador-ariston-11l-atmosferico-fastrx","status":"publish","type":"product","link":"https:\/\/desdropi.com\/elparque\/calentador-ariston-11l-atmosferico-fastrx\/","title":{"rendered":"Calentador Ariston Fastrx 11L Atmosferico Butano"},"content":{"rendered":"<div class=\"descripcion-tab\">\n<p>Nuevo modelo de calentador de la marca\u00a0<strong>Ariston Thermo<\/strong>,\u00a0gama\u00a0<strong>Fast R X\u00a0<\/strong>instant\u00e1neo y bajo NOx, de gas GPL y capacidad de 11 litros, que te permite el m\u00e1x. ahorro gracias al encendido directo sin necesidad de llama piloto. Se trata de un calentador de tiro natural y c\u00e1mara abierta cuyas emisiones NOx est\u00e1n por debajo de 56mg\/kWh.Su encendido funciona con bater\u00eda que incluye pilas. La tecnolog\u00eda avanzada de\u00a0<strong>Ariston<\/strong>\u00a0incluye un sistema novedoso de modulaci\u00f3n de la temperatura para darle estabilidad y evitar imprevistos indeseados. Calentador a gas atmosf\u00e9rico de alto rendimiento en su funcionamiento incluso funcionando con bajo caudal.Si quieres el m\u00e1ximo de seguridad en calentadores, permite controlar la llama, los humos y el termostato. Dise\u00f1o 100% italiano de sencilla instalaci\u00f3n, en su exterior incorpora dos botones para regular la temperatura f\u00e1cilmente. El calentador de Gas\u00a0<strong>Fast R X<\/strong>\u00a0de bajo NOx es el mejor calentador relaci\u00f3n calidad-precio. Debido a la normativa vigente no est\u00e1 permitido su instalaci\u00f3n en viviendas de obra nueva.<\/p>\n<p><strong>Emisiones NOx bajas<\/strong><\/p>\n<p>Reduciendo las emisiones por debajo de la normativa de 56mh\/kWh, respectando as\u00ed el medio ambiente a la vez que disfrutas de agua caliente en tu hogar con la tecnolog\u00eda de bajo NOx<\/p>\n<p><strong>Modulaci\u00f3n de la temperatura<\/strong><\/p>\n<p>Evita imprevistos indeseados controlando la temperatura y darle, as\u00ed, estabilidad durante los usos cotidianos<\/p>\n<p><strong>Eficiencia energ\u00e9tica A<\/strong><\/p>\n<p>Mientras disfrutas en casa puedes respetar el medio ambiente con el calentador de bajas emisiones y eficiencia clase A<\/p>\n<p><strong>Seguridad<\/strong><\/p>\n<p>Incorpora sensores de humos,\u00a0termostato y detector de la llama, todo ello proporcionando seguridad al calentador mientras lo usas<\/p>\n<p><strong>Caracter\u00edsticas<\/strong><\/p>\n<ul>\n<li>Fabricado con un dise\u00f1o compacto para el manejo exterior de la temperatura y los botones que incorpora te permitir\u00e1n la regulaci\u00f3n r\u00e1pida y f\u00e1cil de la temperatura.<\/li>\n<li>Modulaci\u00f3n de la temperatura<\/li>\n<li>Regulaci\u00f3n externa de la temperatura<\/li>\n<li>F\u00e1cil instalaci\u00f3n<\/li>\n<li>Dise\u00f1o italiano<\/li>\n<li>M\u00e1xima seguridad con\u00a0controles de humos, temperatura y detector de llama<\/li>\n<li>Encendido\u00a0con bater\u00eda (pilas incluidas)<\/li>\n<li>M\u00e1ximo ahorro por el encendido directo<\/li>\n<li>Tecnolog\u00eda Bajo NOx , emisiones inferiores a 56mg\/kWh<\/li>\n<li>Alta eficiencia energ\u00e9tica Clase A<\/li>\n<li>Calentador de tiro natural con emisiones NOx por debajo\u00a0de 56mg\/kWh.<\/li>\n<li>Encendido con bater\u00eda (incluye pilas).<\/li>\n<li>Disponible en 11 litros, gas natural y gpl.<\/li>\n<li>M\u00e1ximo ahorro por su encendido directo sin llama piloto.<\/li>\n<li>Nuevo sistema de modulaci\u00f3n que permite una mayor\u00a0estabilidad de temperatura.<\/li>\n<li>Alta fiabilidad de funcionamiento incluso con bajo caudal.<\/li>\n<li>M\u00e1xima seguridad: control de llama, termostato de\u00a0sobre temperatura y control de humos.<\/li>\n<li>Dos botones para una regulaci\u00f3n r\u00e1pida y sencilla.<\/li>\n<li>Regulaci\u00f3n de temperatura externa<\/li>\n<li>Encendido con bajo presi\u00f3n<\/li>\n<li>Instalaci\u00f3n sencilla<\/li>\n<li>Dise\u00f1o italiano<\/li>\n<li>F\u00e1cil mantenimiento<\/li>\n<li>Sistema de protecci\u00f3n de m\u00e1xima seguridad<\/li>\n<li>Entrada de Agua y Salida de Agua A G1\/2&#8243;<\/li>\n<li>Entrada de Gas A G1\/2&#8243;<\/li>\n<\/ul>\n<p><strong>Especificaciones Ariston Fast R X<\/strong><\/p>\n<ul>\n<li>Capacidad\u00a011 litros<\/li>\n<li>Tipo de Gas\u00a0GPL<\/li>\n<li>Categor\u00eda\u00a0II2H3P.II2H3B\/P, II2E3P,II2H3+, II2E+3,II2E+3\/P, I2H,I2E, I2E+, 13&#8242;,13P,13B\/P,13+<\/li>\n<li>Potencia nominal m\u00e1x.\/m\u00edn\u00a021.5\/9.5 Kw<\/li>\n<li>Potencia \u00fatil m\u00e1x.\/m\u00edn\u00a09.5\/8.4 Kw<\/li>\n<li>Caudal de agua m\u00ednimo\u00a02.5<\/li>\n<li>Presi\u00f3n m\u00ednima del agua\u00a00.15 bar<\/li>\n<li>Peso neto\u00a010.2 kg<\/li>\n<li>Medidas\u00a0617 x 310 x 255 mm<\/li>\n<\/ul>\n<\/div>\n","protected":false},"excerpt":{"rendered":"<p>Nuevo modelo de calentador de la marca\u00a0Ariston Thermo,\u00a0gama\u00a0Fast R X\u00a0instant\u00e1neo y bajo NOx, de gas GPL y capacidad de 11<\/p>\n","protected":false},"featured_media":103178,"comment_status":"open","ping_status":"closed","template":"","meta":{"_joinchat":[]},"product_cat":[6569,6838,3301,4247],"product_tag":[],"class_list":{"0":"post-40518","1":"product","2":"type-product","3":"status-publish","4":"has-post-thumbnail","6":"product_cat-calentadores","7":"product_cat-calentadores-gas-butano","8":"product_cat-climatizacion-y-calefaccion","9":"product_cat-termos-y-calentadores","10":"pa_marca-ariston","12":"first","13":"instock","14":"taxable","15":"shipping-taxable","16":"purchasable","17":"product-type-simple"},"_links":{"self":[{"href":"https:\/\/desdropi.com\/elparque\/wp-json\/wp\/v2\/product\/40518"}],"collection":[{"href":"https:\/\/desdropi.com\/elparque\/wp-json\/wp\/v2\/product"}],"about":[{"href":"https:\/\/desdropi.com\/elparque\/wp-json\/wp\/v2\/types\/product"}],"replies":[{"embeddable":true,"href":"https:\/\/desdropi.com\/elparque\/wp-json\/wp\/v2\/comments?post=40518"}],"version-history":[{"count":1,"href":"https:\/\/desdropi.com\/elparque\/wp-json\/wp\/v2\/product\/40518\/revisions"}],"predecessor-version":[{"id":224621,"href":"https:\/\/desdropi.com\/elparque\/wp-json\/wp\/v2\/product\/40518\/revisions\/224621"}],"wp:featuredmedia":[{"embeddable":true,"href":"https:\/\/desdropi.com\/elparque\/wp-json\/wp\/v2\/media\/103178"}],"wp:attachment":[{"href":"https:\/\/desdropi.com\/elparque\/wp-json\/wp\/v2\/media?parent=40518"}],"wp:term":[{"taxonomy":"product_cat","embeddable":true,"href":"https:\/\/desdropi.com\/elparque\/wp-json\/wp\/v2\/product_cat?post=40518"},{"taxonomy":"product_tag","embeddable":true,"href":"https:\/\/desdropi.com\/elparque\/wp-json\/wp\/v2\/product_tag?post=40518"}],"curies":[{"name":"wp","href":"https:\/\/api.w.org\/{rel}","templated":true}]}}