{"id":40792,"date":"2021-11-25T23:16:37","date_gmt":"2021-11-25T22:16:37","guid":{"rendered":"https:\/\/desdropi.com\/elparque\/encimera-gas-honda-mxpg2200b-3f-cristalgas-forja\/"},"modified":"2025-04-13T19:38:23","modified_gmt":"2025-04-13T17:38:23","slug":"encimera-gas-honda-mxpg2200b-3f-cristalgas-forja","status":"publish","type":"product","link":"https:\/\/desdropi.com\/elparque\/encimera-gas-honda-mxpg2200b-3f-cristalgas-forja\/","title":{"rendered":"ENCIMERA CRISTAL\/GAS MX ONDA MXPG2200B 3F BLANCA"},"content":{"rendered":"<div class=\"descripcion-tab\">\n<p><strong>Peso y Dimensiones:<\/strong><\/p>\n<ul>\n<li><strong>Ancho (Real):<\/strong> 600 mm<\/li>\n<li><strong>Profundidad:<\/strong> 510 mm<\/li>\n<li><strong>Altura:<\/strong> 100 mm<\/li>\n<li><strong>Ancho de Compartimiento de Instalaci\u00f3n:<\/strong> 56 mm<\/li>\n<li><strong>Profundidad del Compartimiento de Instalaci\u00f3n:<\/strong> 48 mm<\/li>\n<li><strong>Ancho (Aprox.):<\/strong> 60 cm<\/li>\n<\/ul>\n<p><strong>Ergonom\u00eda:<\/strong><\/p>\n<ul>\n<li><strong>Encendido Electr\u00f3nico:<\/strong> S\u00ed<\/li>\n<li><strong>Tipo de Control:<\/strong> Giratorio<\/li>\n<li><strong>Control de Posici\u00f3n:<\/strong> Parte Superior Delantera<\/li>\n<li><strong>Pantalla Incorporada:<\/strong> No<\/li>\n<\/ul>\n<p><strong>Dise\u00f1o:<\/strong><\/p>\n<ul>\n<li><strong>Color del Producto:<\/strong> Blanco<\/li>\n<li><strong>Ubicaci\u00f3n del Electrodom\u00e9stico:<\/strong> Integrado<\/li>\n<li><strong>Ancho de la Placa:<\/strong> 60 cm<\/li>\n<li><strong>Tipo:<\/strong> Encimera de Gas<\/li>\n<li><strong>Tipo de Superficie Superior:<\/strong> Vidrio<\/li>\n<li><strong>N\u00famero de Zonas de Cocci\u00f3n:<\/strong> 3<\/li>\n<li><strong>N\u00famero de Quemadores a Gas:<\/strong> 3<\/li>\n<\/ul>\n<p><strong>Detalles de las Zonas de Cocci\u00f3n:<\/strong><\/p>\n<ol>\n<li><strong>Tipo de Zona de Cocci\u00f3n 1:<\/strong> Peque\u00f1o\n<ul>\n<li><strong>Forma:<\/strong> Alrededor<\/li>\n<li><strong>Posici\u00f3n:<\/strong> Parte Frontal Derecha<\/li>\n<li><strong>Fuente de Alimentaci\u00f3n:<\/strong> Gas<\/li>\n<li><strong>Di\u00e1metro:<\/strong> 110 mm<\/li>\n<li><strong>Potencia:<\/strong> 11000 W<\/li>\n<\/ul>\n<\/li>\n<li><strong>Tipo de Quemador\/Fuego 2:<\/strong> A Fuego Lento\n<ul>\n<li><strong>Forma:<\/strong> Alrededor<\/li>\n<li><strong>Posici\u00f3n:<\/strong> Parte Frontal Derecha<\/li>\n<li><strong>Fuente de Alimentaci\u00f3n:<\/strong> Gas<\/li>\n<li><strong>Tama\u00f1o:<\/strong> 160 x 200 mm<\/li>\n<li><strong>Potencia:<\/strong> 1800 W<\/li>\n<\/ul>\n<\/li>\n<li><strong>Tipo de Zona de Cocci\u00f3n 3:<\/strong> Medio\n<ul>\n<li><strong>Forma:<\/strong> Alrededor<\/li>\n<li><strong>Posici\u00f3n:<\/strong> Izquierda<\/li>\n<li><strong>Fuente de Alimentaci\u00f3n:<\/strong> Gas<\/li>\n<li><strong>Tama\u00f1o:<\/strong> 240 x 260 mm<\/li>\n<li><strong>Potencia:<\/strong> 3400 W<\/li>\n<\/ul>\n<\/li>\n<\/ol>\n<p><strong>N\u00famero de Zonas de Cocci\u00f3n Utilizadas Simult\u00e1neamente:<\/strong> 3<\/p>\n<p><strong>Panel de Control:<\/strong> Blanco<\/p>\n<p><strong>Color de Perillas:<\/strong> Acero Inoxidable<\/p>\n<p><strong>Material del Soporte:<\/strong> Hierro Fundido<\/p>\n<p><strong>Desempe\u00f1o:<\/strong><\/p>\n<ul>\n<li><strong>Certificaci\u00f3n:<\/strong> CE<\/li>\n<\/ul>\n<p><strong>Campana Extractora:<\/strong><\/p>\n<ul>\n<li><strong>Campana Integrada:<\/strong> No<\/li>\n<\/ul>\n<\/div>\n","protected":false},"excerpt":{"rendered":"<p>Peso y Dimensiones: Ancho (Real): 600 mm Profundidad: 510 mm Altura: 100 mm Ancho de Compartimiento de Instalaci\u00f3n: 56 mm<\/p>\n","protected":false},"featured_media":213080,"comment_status":"open","ping_status":"closed","template":"","meta":{"_joinchat":[]},"product_cat":[6506,3268,3269],"product_tag":[],"class_list":{"0":"post-40792","1":"product","2":"type-product","3":"status-publish","4":"has-post-thumbnail","6":"product_cat-gas","7":"product_cat-coccion","8":"product_cat-placas-cocina","9":"pa_marca-mx-honda","10":"pa_marca-mx-onda","12":"first","13":"instock","14":"taxable","15":"shipping-taxable","16":"purchasable","17":"product-type-simple"},"_links":{"self":[{"href":"https:\/\/desdropi.com\/elparque\/wp-json\/wp\/v2\/product\/40792"}],"collection":[{"href":"https:\/\/desdropi.com\/elparque\/wp-json\/wp\/v2\/product"}],"about":[{"href":"https:\/\/desdropi.com\/elparque\/wp-json\/wp\/v2\/types\/product"}],"replies":[{"embeddable":true,"href":"https:\/\/desdropi.com\/elparque\/wp-json\/wp\/v2\/comments?post=40792"}],"version-history":[{"count":1,"href":"https:\/\/desdropi.com\/elparque\/wp-json\/wp\/v2\/product\/40792\/revisions"}],"predecessor-version":[{"id":224454,"href":"https:\/\/desdropi.com\/elparque\/wp-json\/wp\/v2\/product\/40792\/revisions\/224454"}],"wp:featuredmedia":[{"embeddable":true,"href":"https:\/\/desdropi.com\/elparque\/wp-json\/wp\/v2\/media\/213080"}],"wp:attachment":[{"href":"https:\/\/desdropi.com\/elparque\/wp-json\/wp\/v2\/media?parent=40792"}],"wp:term":[{"taxonomy":"product_cat","embeddable":true,"href":"https:\/\/desdropi.com\/elparque\/wp-json\/wp\/v2\/product_cat?post=40792"},{"taxonomy":"product_tag","embeddable":true,"href":"https:\/\/desdropi.com\/elparque\/wp-json\/wp\/v2\/product_tag?post=40792"}],"curies":[{"name":"wp","href":"https:\/\/api.w.org\/{rel}","templated":true}]}}