{"id":41726,"date":"2021-12-13T23:16:04","date_gmt":"2021-12-13T22:16:04","guid":{"rendered":"https:\/\/desdropi.com\/elparque\/freidora-jata-fr680-35l-inox-237556\/"},"modified":"2024-05-17T12:59:44","modified_gmt":"2024-05-17T10:59:44","slug":"freidora-jata-fr680-35l-inox-237556","status":"publish","type":"product","link":"https:\/\/desdropi.com\/elparque\/freidora-jata-fr680-35l-inox-237556\/","title":{"rendered":"Freidora Jata Fr680 3,5L Inox"},"content":{"rendered":"<div class=\"descripcion-tab\">\n<h4>FREIDORA JATA FR680 3,5L INOX<\/h4>\n<p>La freidora Jata FR680 es un electrodom\u00e9stico dise\u00f1ado para cocinar alimentos fritos de manera <strong>r\u00e1pida y c\u00f3moda<\/strong>. Tiene una capacidad de<strong> 3,5 litros<\/strong> y est\u00e1 fabricada en acero inoxidable, lo que garantiza una<strong> larga durabilidad y f\u00e1cil limpieza.<\/strong><\/p>\n<p>Esta freidora cuenta con un termostato regulable de temperatura para adaptarse a diferentes tipos de alimentos y cocinarlos de manera precisa y homog\u00e9nea. Adem\u00e1s, dispone de una ventana en la tapa que permite controlar la cocci\u00f3n sin necesidad de abrir la freidora y perder temperatura.<\/p>\n<p>La FR680 tambi\u00e9n <strong>incorpora una serie de medidas de seguridad<\/strong> para evitar accidentes durante su uso, como un sistema de protecci\u00f3n contra sobrecalentamientos y un cierre de seguridad en la tapa. Adem\u00e1s, su dise\u00f1o compacto y moderno la hace f\u00e1cil de almacenar en cualquier cocina.<\/p>\n<h4>Peso y dimensiones<\/h4>\n<p>Profundidad \u2192 420<\/p>\n<p>Ancho \u2192 240<\/p>\n<p>Altura \u2192 250<\/p>\n<p>Profundidad del paquete \u2192 442<\/p>\n<p>Altura del paquete \u2192 273<\/p>\n<p>Ancho del paquete \u2192 502<\/p>\n<h4>Control de energ\u00eda<\/h4>\n<p>Voltaje de entrada AC \u2192 230<\/p>\n<p>Potencia \u2192 2000<\/p>\n<h4>Indicaci\u00f3n<\/h4>\n<p>Pantalla incorporada \u2192 No<\/p>\n<h4>Dise\u00f1o<\/h4>\n<p>Tipo de construcci\u00f3n \u2192 Sencillo<\/p>\n<p>Color del producto \u2192 Negro, Acero inoxidable<\/p>\n<p>Appliance placement \u2192 Independiente<\/p>\n<p>Agarradera(s) \u2192 S\u00ed<\/p>\n<p>Taz\u00f3n extraible \u2192 S\u00ed<\/p>\n<p>Materiales \u2192 Acero inoxidable<\/p>\n<p>F\u00e1cil de limpiar \u2192 S\u00ed<\/p>\n<p>Tipo de control \u2192 Botones<\/p>\n<p>N\u00famero de cestas freidoras \u2192 1<\/p>\n<p>Material de tapa \u2192 Acero inoxidable<\/p>\n<h4>Desempe\u00f1o<\/h4>\n<p>Capacidad (Litros) \u2192 3,2<\/p>\n<p>Tipo de producto \u2192Freidora<\/p>\n<p>Funci\u00f3n de fre\u00edr \u2192 S\u00ed<\/p>\n<\/div>\n","protected":false},"excerpt":{"rendered":"<p>FREIDORA JATA FR680 3,5L INOX La freidora Jata FR680 es un electrodom\u00e9stico dise\u00f1ado para cocinar alimentos fritos de manera r\u00e1pida<\/p>\n","protected":false},"featured_media":188880,"comment_status":"open","ping_status":"closed","template":"","meta":{"_joinchat":[]},"product_cat":[825,831,844],"product_tag":[],"class_list":{"0":"post-41726","1":"product","2":"type-product","3":"status-publish","4":"has-post-thumbnail","6":"product_cat-pequeno-electrodomestico","7":"product_cat-accesorios-de-cocina","8":"product_cat-freidoras","9":"pa_marca-jata","10":"pa_potenica-2000w","12":"first","13":"instock","14":"taxable","15":"shipping-taxable","16":"purchasable","17":"product-type-simple"},"_links":{"self":[{"href":"https:\/\/desdropi.com\/elparque\/wp-json\/wp\/v2\/product\/41726"}],"collection":[{"href":"https:\/\/desdropi.com\/elparque\/wp-json\/wp\/v2\/product"}],"about":[{"href":"https:\/\/desdropi.com\/elparque\/wp-json\/wp\/v2\/types\/product"}],"replies":[{"embeddable":true,"href":"https:\/\/desdropi.com\/elparque\/wp-json\/wp\/v2\/comments?post=41726"}],"version-history":[{"count":0,"href":"https:\/\/desdropi.com\/elparque\/wp-json\/wp\/v2\/product\/41726\/revisions"}],"wp:featuredmedia":[{"embeddable":true,"href":"https:\/\/desdropi.com\/elparque\/wp-json\/wp\/v2\/media\/188880"}],"wp:attachment":[{"href":"https:\/\/desdropi.com\/elparque\/wp-json\/wp\/v2\/media?parent=41726"}],"wp:term":[{"taxonomy":"product_cat","embeddable":true,"href":"https:\/\/desdropi.com\/elparque\/wp-json\/wp\/v2\/product_cat?post=41726"},{"taxonomy":"product_tag","embeddable":true,"href":"https:\/\/desdropi.com\/elparque\/wp-json\/wp\/v2\/product_tag?post=41726"}],"curies":[{"name":"wp","href":"https:\/\/api.w.org\/{rel}","templated":true}]}}