{"id":41787,"date":"2021-12-13T23:20:50","date_gmt":"2021-12-13T21:20:50","guid":{"rendered":"https:\/\/desdropi.com\/elparque\/botella-termo-liquido-lacor-62587-026l-inox-azul\/"},"modified":"2025-04-13T23:13:57","modified_gmt":"2025-04-13T21:13:57","slug":"botella-termo-liquido-lacor-62587-026l-inox-azul","status":"publish","type":"product","link":"https:\/\/desdropi.com\/elparque\/botella-termo-liquido-lacor-62587-026l-inox-azul\/","title":{"rendered":"Botella\/Termo Liquido Lacor 62587 0,26L Inox Azul"},"content":{"rendered":"<div class=\"descripcion-tab\">\n<ul>\n<li>Acero inoxidable 18\/11.<\/li>\n<li>Botellas Edan Lacro en acero inoxidable 18\/10 de la mejor calidad.<\/li>\n<li>Gracias a su aislamiento de doble pared, mantiene las bebidas fr\u00edas hasta 24 horas y calientes hasta 12 horas (no transmite calor ni fr\u00edo).<\/li>\n<li>Tapa de rosca herm\u00e9tica, antigoteo y antigoteo.<\/li>\n<li>Sin sabores ni olores. Acabado exterior con proceso de recubrimiento en polvo.<\/li>\n<li>Edan Collection: 3 Capacidad: 0.26L (62587), 0.5L (63588) y 0.75L (62589).<\/li>\n<\/ul>\n<p class=\"a-spacing-mini\"><strong>Lacor<\/strong><\/p>\n<ul>\n<li>Con sus m\u00e1s de 70 a\u00f1os de experiencia, Lacor, es uno de los l\u00edderes en la fabricaci\u00f3n y distribuci\u00f3n de art\u00edculos de menaje para la hosteler\u00eda y el hogar. Fundamental dentro de la gastronom\u00eda espa\u00f1ola.<\/li>\n<li>Se trata de uno de los pocos fabricantes que mantienen la producci\u00f3n de gran parte de los art\u00edculos de su cat\u00e1logo en Espa\u00f1a. Nuestros productos est\u00e1n presentes en la pr\u00e1ctica totalidad de las cocinas del pa\u00eds.<\/li>\n<\/ul>\n<\/div>\n","protected":false},"excerpt":{"rendered":"<p>Acero inoxidable 18\/11. Botellas Edan Lacro en acero inoxidable 18\/10 de la mejor calidad. Gracias a su aislamiento de doble<\/p>\n","protected":false},"featured_media":138100,"comment_status":"open","ping_status":"closed","template":"","meta":{"_joinchat":[]},"product_cat":[6427,5661,5662,5953],"product_tag":[],"class_list":{"0":"post-41787","1":"product","2":"type-product","3":"status-publish","4":"has-post-thumbnail","6":"product_cat-liquidos-termos","7":"product_cat-menaje","8":"product_cat-menaje-de-cocina","9":"product_cat-termos","10":"pa_marca-lacor","12":"first","13":"instock","14":"taxable","15":"shipping-taxable","16":"purchasable","17":"product-type-simple"},"_links":{"self":[{"href":"https:\/\/desdropi.com\/elparque\/wp-json\/wp\/v2\/product\/41787"}],"collection":[{"href":"https:\/\/desdropi.com\/elparque\/wp-json\/wp\/v2\/product"}],"about":[{"href":"https:\/\/desdropi.com\/elparque\/wp-json\/wp\/v2\/types\/product"}],"replies":[{"embeddable":true,"href":"https:\/\/desdropi.com\/elparque\/wp-json\/wp\/v2\/comments?post=41787"}],"version-history":[{"count":1,"href":"https:\/\/desdropi.com\/elparque\/wp-json\/wp\/v2\/product\/41787\/revisions"}],"predecessor-version":[{"id":224679,"href":"https:\/\/desdropi.com\/elparque\/wp-json\/wp\/v2\/product\/41787\/revisions\/224679"}],"wp:featuredmedia":[{"embeddable":true,"href":"https:\/\/desdropi.com\/elparque\/wp-json\/wp\/v2\/media\/138100"}],"wp:attachment":[{"href":"https:\/\/desdropi.com\/elparque\/wp-json\/wp\/v2\/media?parent=41787"}],"wp:term":[{"taxonomy":"product_cat","embeddable":true,"href":"https:\/\/desdropi.com\/elparque\/wp-json\/wp\/v2\/product_cat?post=41787"},{"taxonomy":"product_tag","embeddable":true,"href":"https:\/\/desdropi.com\/elparque\/wp-json\/wp\/v2\/product_tag?post=41787"}],"curies":[{"name":"wp","href":"https:\/\/api.w.org\/{rel}","templated":true}]}}