{"id":44841,"date":"2022-01-28T23:16:42","date_gmt":"2022-01-28T22:16:42","guid":{"rendered":"https:\/\/desdropi.com\/elparque\/bascula-bano-cecotec-04254-surface-precision-ecopower-10200-smart\/"},"modified":"2025-04-14T09:30:36","modified_gmt":"2025-04-14T07:30:36","slug":"bascula-bano-cecotec-04254-surface-precision-ecopower-10200-smart","status":"publish","type":"product","link":"https:\/\/desdropi.com\/elparque\/bascula-bano-cecotec-04254-surface-precision-ecopower-10200-smart\/","title":{"rendered":"Bascula Ba\u00f1o Cecotec 04254 Surface Precision Ecopower 10200 Smart"},"content":{"rendered":"<div class=\"descripcion-tab\">\n<p><strong>B\u00e1scula de ba\u00f1o de Cecotec con pulsador: <\/strong>superficie de vidrio templado de alta seguridad y sensores de precisi\u00f3n.<\/p>\n<ul>\n<li><strong>Sin pilas.<\/strong> Gracias al pulsador <strong>EcoPower<\/strong>, conseguimos generar energ\u00eda suficiente para que la b\u00e1scula funcione perfectamente y de forma constante durante la medici\u00f3n sin necesidad de usar pilas.<\/li>\n<li><strong>Eco-Friendly Technology.<\/strong> Gracias al pulsador EcoPower, creamos energ\u00eda cin\u00e9tica, que se transforma en energ\u00eda el\u00e9ctrica de forma simple y autom\u00e1tica, consiguiendo una b\u00e1scula ecol\u00f3gica y m\u00e1s respetuosa con el medioambiente al mismo tiempo que eliminamos las pilas.<\/li>\n<li><strong>SmartBlue:<\/strong> conectividad con Smartphone v\u00eda Bluetooth 4.0. que permite el registro autom\u00e1tico de los par\u00e1metros en la aplicaci\u00f3n m\u00f3vil para medir la evoluci\u00f3n a lo largo del tiempo.<\/li>\n<li><strong>TenBIA:<\/strong> m\u00e9todo de medici\u00f3n de Impedancia Bioel\u00e9ctrica (BIA) con un an\u00e1lisis corporal completo, con medici\u00f3n precisa de 6 par\u00e1metros b\u00e1sicos: peso, grasa corporal, masa muscular, hueso, agua e \u00edndice de masa corporal (BMI).<\/li>\n<li>Control total de tu evoluci\u00f3n. Gracias a la App, puedes hacer un seguimiento total de tu evoluci\u00f3n, gracias a que registra los par\u00e1metros de cada medici\u00f3n para que puedas ver de forma simple y clara tus avances.<\/li>\n<li><strong>Four Precision.<\/strong> Gracias a sus 4 sensores de alta precisi\u00f3n, permite unas mediciones m\u00e1s precisas y exactas, de forma estable.<\/li>\n<li>Amplio rango de medici\u00f3n, desde los 8 kg hasta los 180 kg con graduaci\u00f3n de 100 g que aumenta su fiabilidad durante las mediciones.<\/li>\n<li><strong>Multifunci\u00f3n Easy Usability.<\/strong> F\u00e1cil usabilidad gracias a la funci\u00f3n de autoapagado, de encendido sencillo e inmediato al presionar el pulsador EcoPower e indicador de sobrecarga cuando el peso es superior al m\u00e1ximo.<\/li>\n<li><strong>Dise\u00f1o extraplano de cristal templado<\/strong> de alta seguridad de 5 mm de grosor para asegurar que es <strong>segura<\/strong> a\u00fan produci\u00e9ndose una rotura accidental.<\/li>\n<li><strong>F\u00e1cil y c\u00f3moda lectura de los resultados<\/strong> en su <strong>pantalla LCD<\/strong> y de gran tama\u00f1o para que sea sencillo leer las mediciones en cada uso.<\/li>\n<li>Dispone de funci\u00f3n de reinicio autom\u00e1tico (a cero) para que puedas volver a pensarte las veces que necesites.<\/li>\n<li><strong>SafeGrip<\/strong>. Incluye cuatro patas de <strong>poliuretano termopl\u00e1stico<\/strong> que facilitan el agarre al suelo proporcionado una gran seguridad, incluso en el suelo h\u00famedo.<\/li>\n<li><strong>Desconexi\u00f3n autom\u00e1tica tras segundos de inactividad<\/strong>, para que no tengas que preocuparte de apagar la b\u00e1scula en cada uso.<\/li>\n<li>Bot\u00f3n para la conversi\u00f3n entre <strong>Kg y Lb<\/strong>, para que sea sencilla la conversi\u00f3n de peso.<\/li>\n<\/ul>\n<p><strong>Composici\u00f3n:<\/strong><\/p>\n<ul>\n<li>B\u00e1scula<\/li>\n<li>Manual de instrucciones<\/li>\n<\/ul>\n<\/div>\n","protected":false},"excerpt":{"rendered":"<p>B\u00e1scula de ba\u00f1o de Cecotec con pulsador: superficie de vidrio templado de alta seguridad y sensores de precisi\u00f3n. Sin pilas.<\/p>\n","protected":false},"featured_media":133355,"comment_status":"open","ping_status":"closed","template":"","meta":{"_joinchat":[]},"product_cat":[7037,7015,825,6097],"product_tag":[],"class_list":{"0":"post-44841","1":"product","2":"type-product","3":"status-publish","4":"has-post-thumbnail","6":"product_cat-basculas-de-bano-higiene-y-salud-cuidado-personal","7":"product_cat-higiene-y-salud-cuidado-personal","8":"product_cat-pequeno-electrodomestico","9":"product_cat-cuidado-personal","10":"pa_marca-cecotec","12":"first","13":"instock","14":"taxable","15":"shipping-taxable","16":"purchasable","17":"product-type-simple"},"_links":{"self":[{"href":"https:\/\/desdropi.com\/elparque\/wp-json\/wp\/v2\/product\/44841"}],"collection":[{"href":"https:\/\/desdropi.com\/elparque\/wp-json\/wp\/v2\/product"}],"about":[{"href":"https:\/\/desdropi.com\/elparque\/wp-json\/wp\/v2\/types\/product"}],"replies":[{"embeddable":true,"href":"https:\/\/desdropi.com\/elparque\/wp-json\/wp\/v2\/comments?post=44841"}],"version-history":[{"count":1,"href":"https:\/\/desdropi.com\/elparque\/wp-json\/wp\/v2\/product\/44841\/revisions"}],"predecessor-version":[{"id":224497,"href":"https:\/\/desdropi.com\/elparque\/wp-json\/wp\/v2\/product\/44841\/revisions\/224497"}],"wp:featuredmedia":[{"embeddable":true,"href":"https:\/\/desdropi.com\/elparque\/wp-json\/wp\/v2\/media\/133355"}],"wp:attachment":[{"href":"https:\/\/desdropi.com\/elparque\/wp-json\/wp\/v2\/media?parent=44841"}],"wp:term":[{"taxonomy":"product_cat","embeddable":true,"href":"https:\/\/desdropi.com\/elparque\/wp-json\/wp\/v2\/product_cat?post=44841"},{"taxonomy":"product_tag","embeddable":true,"href":"https:\/\/desdropi.com\/elparque\/wp-json\/wp\/v2\/product_tag?post=44841"}],"curies":[{"name":"wp","href":"https:\/\/api.w.org\/{rel}","templated":true}]}}