{"id":45337,"date":"2022-02-01T23:20:19","date_gmt":"2022-02-01T22:20:19","guid":{"rendered":"https:\/\/desdropi.com\/elparque\/cadena-lg-cl98-dj-bluetooth-subwoofer-10243280\/"},"modified":"2024-05-17T12:59:45","modified_gmt":"2024-05-17T10:59:45","slug":"cadena-lg-cl98-dj-bluetooth-subwoofer-10243280","status":"publish","type":"product","link":"https:\/\/desdropi.com\/elparque\/cadena-lg-cl98-dj-bluetooth-subwoofer-10243280\/","title":{"rendered":"Cadena Lg Cl98 Dj Bluetooth Subwoofer 10243280"},"content":{"rendered":"<div class=\"descripcion-tab\">\n<ul>\n<li>Equipo de sonido de 3500W de potencia LG XBOOM. La Bestia de alta potencia para crear fiestas \u00fanicas con luces multicolor, efectos DJ, Karaoke y entrada para micr\u00f3fonos. Adem\u00e1s puedes crear la playlist perfecta gracias a la multiconectividad Bluetooth.<\/li>\n<li>Potencia bestial de 3500W. Crea tu propia fiesta con la amplia variedad de efectos DJ incorporados como Scraching, Flanger o Phaser con la App. Saca el cantante que llevas dentro. Activa la funci\u00f3n Karaoke pulsando un simple bot\u00f3n y conecta el micro. Da ambiente a tus fiestas con las luces LED multicolor que cambian con el ritmo de la m\u00fasica. Ahora tu fiesta s\u00ed est\u00e1 completa. Aplicaci\u00f3n LG Bluetooth, control total desde el m\u00f3vil. Reproduce m\u00fasica y bases desde USB. Incluso podr\u00e1s grabar tu sesi\u00f3n para volver a escucharla en otro momento.<\/li>\n<\/ul>\n<p><strong>Potencia<\/strong><\/p>\n<ul>\n<li class=\"flix-dt\">Potencia total &#8211; 3500W RMS<\/li>\n<li class=\"flix-dt\">Subwoofer &#8211; S\u00ed<\/li>\n<li class=\"flix-dt\">Sistema &#8211; 2.2ch<\/li>\n<\/ul>\n<p><strong>Conectividad<\/strong><\/p>\n<ul>\n<li class=\"flix-dt\">2 USB &#8211; S\u00ed<\/li>\n<li class=\"flix-dt\">Bluetooth &#8211; S\u00ed<\/li>\n<li class=\"flix-dt\">CD &#8211; S\u00ed<\/li>\n<li class=\"flix-dt\">Radio FM &#8211; S\u00ed<\/li>\n<li class=\"flix-dt\">Entrada aux 3.5mm &#8211; S\u00ed<\/li>\n<\/ul>\n<p><strong>Dimensiones<\/strong><\/p>\n<ul>\n<li class=\"flix-dt\">Unidad Principal ( An x Al x Fn) &#8211; 450mm x 167mm x 332mm<\/li>\n<li class=\"flix-dt\">Peso unidad principal &#8211; 6,2Kg<\/li>\n<li class=\"flix-dt\">Parlante Frontal (An x Al x Fn) &#8211; 460mm x 698mm x 394mm<\/li>\n<\/ul>\n<p><strong>Otros<\/strong><\/p>\n<ul>\n<li class=\"flix-dt\">Mando a distancia &#8211; MA2<\/li>\n<li class=\"flix-dt\">Pilas &#8211; AAA x 2<\/li>\n<li class=\"flix-dt\">Manual Sencillo &#8211; S\u00ed<\/li>\n<\/ul>\n<\/div>\n","protected":false},"excerpt":{"rendered":"<p>Equipo de sonido de 3500W de potencia LG XBOOM. La Bestia de alta potencia para crear fiestas \u00fanicas con luces<\/p>\n","protected":false},"featured_media":151843,"comment_status":"open","ping_status":"closed","template":"","meta":{"_joinchat":[]},"product_cat":[795,1022,3936],"product_tag":[],"class_list":{"0":"post-45337","1":"product","2":"type-product","3":"status-publish","4":"has-post-thumbnail","6":"product_cat-electronica","7":"product_cat-sonido","8":"product_cat-cadenas","9":"pa_marca-lg","10":"pa_potenica-3500w","12":"first","13":"instock","14":"taxable","15":"shipping-taxable","16":"purchasable","17":"product-type-simple"},"_links":{"self":[{"href":"https:\/\/desdropi.com\/elparque\/wp-json\/wp\/v2\/product\/45337"}],"collection":[{"href":"https:\/\/desdropi.com\/elparque\/wp-json\/wp\/v2\/product"}],"about":[{"href":"https:\/\/desdropi.com\/elparque\/wp-json\/wp\/v2\/types\/product"}],"replies":[{"embeddable":true,"href":"https:\/\/desdropi.com\/elparque\/wp-json\/wp\/v2\/comments?post=45337"}],"version-history":[{"count":0,"href":"https:\/\/desdropi.com\/elparque\/wp-json\/wp\/v2\/product\/45337\/revisions"}],"wp:featuredmedia":[{"embeddable":true,"href":"https:\/\/desdropi.com\/elparque\/wp-json\/wp\/v2\/media\/151843"}],"wp:attachment":[{"href":"https:\/\/desdropi.com\/elparque\/wp-json\/wp\/v2\/media?parent=45337"}],"wp:term":[{"taxonomy":"product_cat","embeddable":true,"href":"https:\/\/desdropi.com\/elparque\/wp-json\/wp\/v2\/product_cat?post=45337"},{"taxonomy":"product_tag","embeddable":true,"href":"https:\/\/desdropi.com\/elparque\/wp-json\/wp\/v2\/product_tag?post=45337"}],"curies":[{"name":"wp","href":"https:\/\/api.w.org\/{rel}","templated":true}]}}