{"id":46658,"date":"2022-02-14T23:24:16","date_gmt":"2022-02-14T22:24:16","guid":{"rendered":"https:\/\/desdropi.com\/elparque\/cafetera-bra-bali-10t-inox-a170402\/"},"modified":"2025-04-13T20:41:37","modified_gmt":"2025-04-13T18:41:37","slug":"cafetera-bra-bali-10t-inox-a170402","status":"publish","type":"product","link":"https:\/\/desdropi.com\/elparque\/cafetera-bra-bali-10t-inox-a170402\/","title":{"rendered":"Cafetera Bra Bali 10T Inox A170402"},"content":{"rendered":"<div class=\"descripcion-tab\">\n<strong>Informaci\u00f3n del producto<\/strong><\/p>\n<ul>\n<li>La cafetera Bali dispone de un dise\u00f1o moderno y novedoso para amantes de lo vanguardista, disfrutando del aroma y sabor del caf\u00e9 de siempre.<\/li>\n<li>Est\u00e1 fabricada en cuerpo de acero inoxidable 18\/10 de alta calidad, muy resistente al desgaste, y un fondo difusor full induction, apto para todo tipo de cocinas, incluida la inducci\u00f3n.<\/li>\n<li>Es una cafetera moderna y elegante, ideal para disfrutar tanto del caf\u00e9 con el sabor de siempre, suave y arom\u00e1tico, como para saborear mezclas de diferentes variedades, o aromatizadas con tus especias preferidas. Disfruta de un caf\u00e9 molido completamente natural, sin aditivos. Elige la especia que m\u00e1s te guste: canela, vainilla, clavo o an\u00eds estrellado, e incorp\u00f3ralas a tu caf\u00e9.<\/li>\n<li>Puedes disfrutar de un arom\u00e1tico caf\u00e9 a\u00f1adiendo un poco de canela molida al preparar la cafetera. O aromatizado con unas semillas de vainilla para conseguir un sabor excepcional y un aroma que inundar\u00e1 la cocina. Es una cafetera perfecta para elaborar tus mezclas preferidas, de forma r\u00e1pida, eficiente y a un coste hasta 15 veces inferior al del caf\u00e9 en c\u00e1psulas.<\/li>\n<\/ul>\n<p><strong>Caracter\u00edsticas<\/strong><\/p>\n<ul>\n<li>Cuerpo de acero inoxidable 18\/10 de alta calidad muy resistente al desgaste.<\/li>\n<li>Con reductor para posibilitar la media carga a la hora de preparar el caf\u00e9.<\/li>\n<li>Fondo difusor full induction apto para todo tipo de cocinas.<\/li>\n<li>Asa de baquelita con recubrimiento softouch para mayor seguridad y una est\u00e9tica moderna.<\/li>\n<li>Acabado brillante.<\/li>\n<li>Triple fondo difusor forjado con disco de aluminio en el interior para un mejor reparto del calor en la base.<\/li>\n<li>En inducci\u00f3n, utilizar con un di\u00e1metro similar o ligeramente m\u00e1s grande que el di\u00e1metro base de la cafetera.<\/li>\n<\/ul>\n<p><strong>Medidas<\/strong><\/p>\n<p>Capacidad, Di\u00e1metro inferior y Altura.<\/p>\n<ul>\n<li>4 tazas &#8211; 200 ml 9 cm 8 cm.<\/li>\n<li>6 tazas &#8211; 300 ml 9,3 cm 9 cm.<\/li>\n<li>10 tazas &#8211; 500 ml 11 cm 11 cm.<\/li>\n<li>14 tazas &#8211; 600 ml.<\/li>\n<\/ul>\n<\/div>\n","protected":false},"excerpt":{"rendered":"<p>Informaci\u00f3n del producto La cafetera Bali dispone de un dise\u00f1o moderno y novedoso para amantes de lo vanguardista, disfrutando del<\/p>\n","protected":false},"featured_media":221576,"comment_status":"open","ping_status":"closed","template":"","meta":{"_joinchat":[]},"product_cat":[5661,5662,5663],"product_tag":[],"class_list":{"0":"post-46658","1":"product","2":"type-product","3":"status-publish","4":"has-post-thumbnail","6":"product_cat-menaje","7":"product_cat-menaje-de-cocina","8":"product_cat-cafeteras-italianas","9":"pa_marca-bra","11":"first","12":"instock","13":"taxable","14":"shipping-taxable","15":"purchasable","16":"product-type-simple"},"_links":{"self":[{"href":"https:\/\/desdropi.com\/elparque\/wp-json\/wp\/v2\/product\/46658"}],"collection":[{"href":"https:\/\/desdropi.com\/elparque\/wp-json\/wp\/v2\/product"}],"about":[{"href":"https:\/\/desdropi.com\/elparque\/wp-json\/wp\/v2\/types\/product"}],"replies":[{"embeddable":true,"href":"https:\/\/desdropi.com\/elparque\/wp-json\/wp\/v2\/comments?post=46658"}],"version-history":[{"count":1,"href":"https:\/\/desdropi.com\/elparque\/wp-json\/wp\/v2\/product\/46658\/revisions"}],"predecessor-version":[{"id":224521,"href":"https:\/\/desdropi.com\/elparque\/wp-json\/wp\/v2\/product\/46658\/revisions\/224521"}],"wp:featuredmedia":[{"embeddable":true,"href":"https:\/\/desdropi.com\/elparque\/wp-json\/wp\/v2\/media\/221576"}],"wp:attachment":[{"href":"https:\/\/desdropi.com\/elparque\/wp-json\/wp\/v2\/media?parent=46658"}],"wp:term":[{"taxonomy":"product_cat","embeddable":true,"href":"https:\/\/desdropi.com\/elparque\/wp-json\/wp\/v2\/product_cat?post=46658"},{"taxonomy":"product_tag","embeddable":true,"href":"https:\/\/desdropi.com\/elparque\/wp-json\/wp\/v2\/product_tag?post=46658"}],"curies":[{"name":"wp","href":"https:\/\/api.w.org\/{rel}","templated":true}]}}