{"id":46662,"date":"2022-02-14T23:24:16","date_gmt":"2022-02-14T21:24:16","guid":{"rendered":"https:\/\/desdropi.com\/elparque\/bol-bra-efficient-16cm-a273016\/"},"modified":"2025-04-13T20:43:44","modified_gmt":"2025-04-13T18:43:44","slug":"bol-bra-efficient-16cm-a273016","status":"publish","type":"product","link":"https:\/\/desdropi.com\/elparque\/bol-bra-efficient-16cm-a273016\/","title":{"rendered":"Bol Bra Efficient 16Cm A273016"},"content":{"rendered":"<div class=\"descripcion-tab\">\n<strong>Informaci\u00f3n del producto<\/strong><\/p>\n<p>Bol de calidad profesional fabricado en acero inoxidable. El Bol Efficient puede usarse para mezclar, servir ensaladas, pasta, remojar vegetales, descongelar, entre muchas m\u00e1s cosas. \u00a1La herramienta m\u00e1s vers\u00e1til en tu cocina!<\/p>\n<p>El Bol de Acero Inoxidable Efficient es ideal para ayudarte a preparar tus recetas. Sus tama\u00f1os son muy adecuados para preparar tus masas dulces, como las galletas o las magdalenas, y dejarlas reposar en la nevera. Son perfectos para dejar levar las masas de brioches, panes o masas enriquecidas. Su base antideslizante es de gran utilidad para evitar que se muevan mientras mezclas los ingredientes tu ensalada o preparas la carne de unas alb\u00f3ndigas, o incluso para macerar o adobar cualquier pieza de carne que vayas a cocinar. Gracias a su tapa, son unos recipientes de conservaci\u00f3n muy \u00fatiles y funcionales.<\/p>\n<p>Para cerrar correctamente la tapa del bol presionar en la parte central de \u00e9sta.<\/p>\n<p><strong>Caracter\u00edsticas<\/strong><\/p>\n<ul>\n<li>Bols Efficient fabricados en acero inoxidable AISI 304 18\/10.<\/li>\n<li>Apto para lavavajillas.<\/li>\n<li>Espesor de 0, 6 mm.<\/li>\n<li>Acabado interior satinado exterior satinado excepto la parte recta con pulido espejo.<\/li>\n<li>Todos los boles incluyen una tapa.<\/li>\n<li>Fondo de silicona antideslizante.<\/li>\n<\/ul>\n<p><strong>Medidas<\/strong><\/p>\n<p>Disponemos de 3 medidas:<\/p>\n<ul>\n<li>16 cm<\/li>\n<li>20 cm<\/li>\n<li>24 cm<\/li>\n<\/ul>\n<p><strong>Capacidad<\/strong><\/p>\n<ul>\n<li>16 cm &#8211;\u00a0 1,6 l<\/li>\n<li>20 cm\u00a0 &#8211; 3,2 l<\/li>\n<li>24 cm\u00a0 &#8211; 5,4 l<\/li>\n<\/ul>\n<p>Por qu\u00e9 elegir la colecci\u00f3n Efficient..<\/p>\n<p>Concebida para su uso constante e intensivo, la colecci\u00f3n Efficient (de Bra) satisface a los cocineros m\u00e1s curiosos y atrevidos. La l\u00ednea de m\u00e1s \u00e9xito es tambi\u00e9n la m\u00e1s completa del mercado, para que no haya receta que no puedas elaborar. Una gama todoterreno para tu cocina, tan resistente y duradera como popular.<\/p>\n<p><strong>Aspectos a destacar:<\/strong><\/p>\n<ul>\n<li>Gran relaci\u00f3n calidad-precio.<\/li>\n<li>Extrema resistencia a la deformaci\u00f3n.<\/li>\n<li>Larga vida \u00fatil.<\/li>\n<\/ul>\n<\/div>\n","protected":false},"excerpt":{"rendered":"<p>Informaci\u00f3n del producto Bol de calidad profesional fabricado en acero inoxidable. El Bol Efficient puede usarse para mezclar, servir ensaladas,<\/p>\n","protected":false},"featured_media":221578,"comment_status":"open","ping_status":"closed","template":"","meta":{"_joinchat":[]},"product_cat":[5661,5662,6318],"product_tag":[],"class_list":{"0":"post-46662","1":"product","2":"type-product","3":"status-publish","4":"has-post-thumbnail","6":"product_cat-menaje","7":"product_cat-menaje-de-cocina","8":"product_cat-bols","9":"pa_marca-bra","11":"first","12":"instock","13":"taxable","14":"shipping-taxable","15":"purchasable","16":"product-type-simple"},"_links":{"self":[{"href":"https:\/\/desdropi.com\/elparque\/wp-json\/wp\/v2\/product\/46662"}],"collection":[{"href":"https:\/\/desdropi.com\/elparque\/wp-json\/wp\/v2\/product"}],"about":[{"href":"https:\/\/desdropi.com\/elparque\/wp-json\/wp\/v2\/types\/product"}],"replies":[{"embeddable":true,"href":"https:\/\/desdropi.com\/elparque\/wp-json\/wp\/v2\/comments?post=46662"}],"version-history":[{"count":1,"href":"https:\/\/desdropi.com\/elparque\/wp-json\/wp\/v2\/product\/46662\/revisions"}],"predecessor-version":[{"id":224523,"href":"https:\/\/desdropi.com\/elparque\/wp-json\/wp\/v2\/product\/46662\/revisions\/224523"}],"wp:featuredmedia":[{"embeddable":true,"href":"https:\/\/desdropi.com\/elparque\/wp-json\/wp\/v2\/media\/221578"}],"wp:attachment":[{"href":"https:\/\/desdropi.com\/elparque\/wp-json\/wp\/v2\/media?parent=46662"}],"wp:term":[{"taxonomy":"product_cat","embeddable":true,"href":"https:\/\/desdropi.com\/elparque\/wp-json\/wp\/v2\/product_cat?post=46662"},{"taxonomy":"product_tag","embeddable":true,"href":"https:\/\/desdropi.com\/elparque\/wp-json\/wp\/v2\/product_tag?post=46662"}],"curies":[{"name":"wp","href":"https:\/\/api.w.org\/{rel}","templated":true}]}}