{"id":47199,"date":"2022-02-18T23:26:01","date_gmt":"2022-02-18T21:26:01","guid":{"rendered":"https:\/\/desdropi.com\/elparque\/sandwichera-ufesa-sw7870-900w-inox-71404985\/"},"modified":"2023-08-07T14:45:52","modified_gmt":"2023-08-07T12:45:52","slug":"sandwichera-ufesa-sw7870-900w-inox-71404985","status":"publish","type":"product","link":"https:\/\/desdropi.com\/elparque\/sandwichera-ufesa-sw7870-900w-inox-71404985\/","title":{"rendered":"Sandwichera Ufesa Sw7870 900W Inox 71404985"},"content":{"rendered":"<div class=\"descripcion-tab\"><strong>Control de energ\u00eda<\/strong><\/p>\n<ul>\n<li>Potencia: 900.<\/li>\n<\/ul>\n<p><strong>Detalles t\u00e9cnicos<\/strong><\/p>\n<ul>\n<li>Capacidad sandwiches: 2.<\/li>\n<li>Mango con bloqueo: s\u00ed.<\/li>\n<li>Base antideslizante: s\u00ed.<\/li>\n<li>Placas con revestimiento antiadherente: s\u00ed.<\/li>\n<li>Indicador de listo: s\u00ed.<\/li>\n<li>Acabado: pl\u00e1stico.<\/li>\n<\/ul>\n<p><strong>Indicaci\u00f3n<\/strong><\/p>\n<ul>\n<li>Luz de indicaci\u00f3n: s\u00ed.<\/li>\n<\/ul>\n<p><strong>Contenido del embalaje<\/strong><\/p>\n<ul>\n<li>Cantidad por paquete: 1.<\/li>\n<\/ul>\n<p><strong>Dise\u00f1o<\/strong><\/p>\n<ul>\n<li>Color del producto: acero inoxidable.<\/li>\n<li>Material de la carcasa: pl\u00e1stico.<\/li>\n<\/ul>\n<\/div>\n","protected":false},"excerpt":{"rendered":"<p>Control de energ\u00eda Potencia: 900. Detalles t\u00e9cnicos Capacidad sandwiches: 2. Mango con bloqueo: s\u00ed. Base antideslizante: s\u00ed. Placas con revestimiento<\/p>\n","protected":false},"featured_media":0,"comment_status":"open","ping_status":"closed","template":"","meta":{"_joinchat":[]},"product_cat":[825,831,867],"product_tag":[],"class_list":{"0":"post-47199","1":"product","2":"type-product","3":"status-publish","5":"product_cat-pequeno-electrodomestico","6":"product_cat-accesorios-de-cocina","7":"product_cat-sandwicheras","8":"pa_marca-ufesa","9":"pa_potenica-900w","11":"first","12":"instock","13":"taxable","14":"shipping-taxable","15":"purchasable","16":"product-type-simple"},"_links":{"self":[{"href":"https:\/\/desdropi.com\/elparque\/wp-json\/wp\/v2\/product\/47199"}],"collection":[{"href":"https:\/\/desdropi.com\/elparque\/wp-json\/wp\/v2\/product"}],"about":[{"href":"https:\/\/desdropi.com\/elparque\/wp-json\/wp\/v2\/types\/product"}],"replies":[{"embeddable":true,"href":"https:\/\/desdropi.com\/elparque\/wp-json\/wp\/v2\/comments?post=47199"}],"version-history":[{"count":0,"href":"https:\/\/desdropi.com\/elparque\/wp-json\/wp\/v2\/product\/47199\/revisions"}],"wp:attachment":[{"href":"https:\/\/desdropi.com\/elparque\/wp-json\/wp\/v2\/media?parent=47199"}],"wp:term":[{"taxonomy":"product_cat","embeddable":true,"href":"https:\/\/desdropi.com\/elparque\/wp-json\/wp\/v2\/product_cat?post=47199"},{"taxonomy":"product_tag","embeddable":true,"href":"https:\/\/desdropi.com\/elparque\/wp-json\/wp\/v2\/product_tag?post=47199"}],"curies":[{"name":"wp","href":"https:\/\/api.w.org\/{rel}","templated":true}]}}