{"id":47897,"date":"2022-02-24T23:16:43","date_gmt":"2022-02-24T22:16:43","guid":{"rendered":"https:\/\/desdropi.com\/elparque\/freidora-s-aceite-bourgini-182141-4-litros-digital-inox\/"},"modified":"2024-04-07T23:22:42","modified_gmt":"2024-04-07T21:22:42","slug":"freidora-s-aceite-bourgini-182141","status":"publish","type":"product","link":"https:\/\/desdropi.com\/elparque\/freidora-s-aceite-bourgini-182141\/","title":{"rendered":"Freidora Aire Bourgini 182141 4 Litros Digital Inox"},"content":{"rendered":"<div class=\"descripcion-tab\">\n<h4><strong>FREIDORA AIRE BOURGINI 182141 4 LITROS DIGITAL INOX<\/strong><\/h4>\n<ul>\n<li>Esta freidora multifuncional funciona con aire caliente y sin aceite, por lo que es saludable (hasta un 65% menos de grasa).<\/li>\n<li>Adecuado para hornear de forma r\u00e1pida y sencilla, pero tambi\u00e9n para fre\u00edr, asar y asar casi sin olor.<\/li>\n<li>La Health Fryer tiene un lujoso acabado en acero inoxidable, un panel de control t\u00e1ctil digital con programas de selecci\u00f3n de 8 velocidades.<\/li>\n<li>Viene con una canasta para papas fritas, bocadillos, verduras, carne, pescado y pasta.<\/li>\n<li>La cesta se puede lavar en el lavavajillas.<\/li>\n<\/ul>\n<p><strong>Caracter\u00edsticas<\/strong><\/p>\n<ul>\n<li>Potencia: 1500 W<\/li>\n<li>Ancho: 33 cm<\/li>\n<li>Profundidad: 31,2 cm<\/li>\n<li>Volumen: 4,0 litros<\/li>\n<li>Capacidad de fritura (patatas fritas): 1 kilogramo<\/li>\n<li>Carcasa de color: Negro y acero inoxidable<\/li>\n<li>Carcasa de material: Carcasa de pl\u00e1stico acabada en elegante acero inoxidable<\/li>\n<li>Opciones de control: Panel de control t\u00e1ctil digital<\/li>\n<li>Temporizador ajustable: Hasta 30 minutos<\/li>\n<li>Temperatura regulable: s\u00ed<\/li>\n<li>Temperatura m\u00e1xima: 200 \u00baC<\/li>\n<li>Luz de temperatura: s\u00ed<\/li>\n<li>Luz de encendido: s\u00ed<\/li>\n<li>Aptas para el lavavajillas: Si (canasta)<\/li>\n<li>Carcasa de tacto fr\u00edo: No<\/li>\n<li>Accesorios: Cesta<\/li>\n<li>Color: Acero inoxidable<\/li>\n<\/ul>\n<\/div>\n","protected":false},"excerpt":{"rendered":"<p>FREIDORA AIRE BOURGINI 182141 4 LITROS DIGITAL INOX Esta freidora multifuncional funciona con aire caliente y sin aceite, por lo<\/p>\n","protected":false},"featured_media":133343,"comment_status":"open","ping_status":"closed","template":"","meta":{"_joinchat":[]},"product_cat":[825,6436,831,844],"product_tag":[],"class_list":{"0":"post-47897","1":"product","2":"type-product","3":"status-publish","4":"has-post-thumbnail","6":"product_cat-pequeno-electrodomestico","7":"product_cat-freidoras-de-aire-freidoras","8":"product_cat-accesorios-de-cocina","9":"product_cat-freidoras","10":"pa_marca-bourgini","11":"pa_potenica-1500w","13":"first","14":"instock","15":"taxable","16":"shipping-taxable","17":"purchasable","18":"product-type-simple"},"_links":{"self":[{"href":"https:\/\/desdropi.com\/elparque\/wp-json\/wp\/v2\/product\/47897"}],"collection":[{"href":"https:\/\/desdropi.com\/elparque\/wp-json\/wp\/v2\/product"}],"about":[{"href":"https:\/\/desdropi.com\/elparque\/wp-json\/wp\/v2\/types\/product"}],"replies":[{"embeddable":true,"href":"https:\/\/desdropi.com\/elparque\/wp-json\/wp\/v2\/comments?post=47897"}],"version-history":[{"count":0,"href":"https:\/\/desdropi.com\/elparque\/wp-json\/wp\/v2\/product\/47897\/revisions"}],"wp:featuredmedia":[{"embeddable":true,"href":"https:\/\/desdropi.com\/elparque\/wp-json\/wp\/v2\/media\/133343"}],"wp:attachment":[{"href":"https:\/\/desdropi.com\/elparque\/wp-json\/wp\/v2\/media?parent=47897"}],"wp:term":[{"taxonomy":"product_cat","embeddable":true,"href":"https:\/\/desdropi.com\/elparque\/wp-json\/wp\/v2\/product_cat?post=47897"},{"taxonomy":"product_tag","embeddable":true,"href":"https:\/\/desdropi.com\/elparque\/wp-json\/wp\/v2\/product_tag?post=47897"}],"curies":[{"name":"wp","href":"https:\/\/api.w.org\/{rel}","templated":true}]}}