{"id":47903,"date":"2022-02-24T23:16:43","date_gmt":"2022-02-24T22:16:43","guid":{"rendered":"https:\/\/desdropi.com\/elparque\/grill-bourgini-112002-inox-24x33-1900w-placas-desmontables-y-reversibles\/"},"modified":"2024-04-07T23:22:52","modified_gmt":"2024-04-07T21:22:52","slug":"grill-bourgini-112002-inox-24x33-1900w-placas-desmontables-y-reversibles","status":"publish","type":"product","link":"https:\/\/desdropi.com\/elparque\/grill-bourgini-112002-inox-24x33-1900w-placas-desmontables-y-reversibles\/","title":{"rendered":"Grill Bourgini 112002 Inox 24X33 1900W Placas Desmontables Y Reversibles"},"content":{"rendered":"<div class=\"descripcion-tab\">\n<ul>\n<li>Bourgini Classic Health Grill Deluxe es una parrilla de contacto grande para preparar deliciosos paninis o s\u00e1ndwiches a la parrilla. La parrilla tambi\u00e9n es perfecta para preparar carnes, pescados y verduras. La altura de la parrilla se puede ajustar hasta 4 cm y es f\u00e1cil de limpiar gracias al revestimiento antiadherente. \u00a1Disfruta asando a la parrilla con tu propio BOURGINI!<\/li>\n<li>Classic Health Grill de Luxe Regulable en altura 4 cm, con bandeja de goteo NO extra\u00edble, ni sistema de bloqueo<\/li>\n<li>Su comida ser\u00e1 saludable y magra, porque gracias al recubrimiento antiadherente, \u00a1no necesitar\u00e1 usar aceite ni mantequilla!<\/li>\n<li>La parrilla tiene dos placas de parrilla extra\u00edbles, cada una con dos lados utilizables: un lado liso y un lado con patr\u00f3n de plancha, lo que crear\u00e1 un gran efecto barbacoa.<\/li>\n<li>La altura de la parrilla se puede ajustar hasta 4 cm y es f\u00e1cil de limpiar gracias al revestimiento antiadherente.<\/li>\n<\/ul>\n<p><strong>Especificaciones<\/strong><\/p>\n<ul>\n<li>Acabado: Antiadherente<\/li>\n<li>Material: Acero inoxidable<\/li>\n<li>Piezas: 3<\/li>\n<li>Peso del producto: 3 kg<\/li>\n<li>Voltaje: 240<\/li>\n<li>Potencia: 1900 W<\/li>\n<\/ul>\n<\/div>\n","protected":false},"excerpt":{"rendered":"<p>Bourgini Classic Health Grill Deluxe es una parrilla de contacto grande para preparar deliciosos paninis o s\u00e1ndwiches a la parrilla.<\/p>\n","protected":false},"featured_media":0,"comment_status":"open","ping_status":"closed","template":"","meta":{"_joinchat":[]},"product_cat":[825,831,899],"product_tag":[],"class_list":{"0":"post-47903","1":"product","2":"type-product","3":"status-publish","5":"product_cat-pequeno-electrodomestico","6":"product_cat-accesorios-de-cocina","7":"product_cat-grills","8":"pa_marca-bourgini","9":"pa_potenica-1900w","11":"first","12":"instock","13":"taxable","14":"shipping-taxable","15":"purchasable","16":"product-type-simple"},"_links":{"self":[{"href":"https:\/\/desdropi.com\/elparque\/wp-json\/wp\/v2\/product\/47903"}],"collection":[{"href":"https:\/\/desdropi.com\/elparque\/wp-json\/wp\/v2\/product"}],"about":[{"href":"https:\/\/desdropi.com\/elparque\/wp-json\/wp\/v2\/types\/product"}],"replies":[{"embeddable":true,"href":"https:\/\/desdropi.com\/elparque\/wp-json\/wp\/v2\/comments?post=47903"}],"version-history":[{"count":0,"href":"https:\/\/desdropi.com\/elparque\/wp-json\/wp\/v2\/product\/47903\/revisions"}],"wp:attachment":[{"href":"https:\/\/desdropi.com\/elparque\/wp-json\/wp\/v2\/media?parent=47903"}],"wp:term":[{"taxonomy":"product_cat","embeddable":true,"href":"https:\/\/desdropi.com\/elparque\/wp-json\/wp\/v2\/product_cat?post=47903"},{"taxonomy":"product_tag","embeddable":true,"href":"https:\/\/desdropi.com\/elparque\/wp-json\/wp\/v2\/product_tag?post=47903"}],"curies":[{"name":"wp","href":"https:\/\/api.w.org\/{rel}","templated":true}]}}