{"id":49682,"date":"2022-03-15T23:18:26","date_gmt":"2022-03-15T22:18:26","guid":{"rendered":"https:\/\/desdropi.com\/elparque\/horno-sobremesa-romo-ro-mh45lr-45l-2000w-rojo\/"},"modified":"2024-04-07T23:28:41","modified_gmt":"2024-04-07T21:28:41","slug":"horno-sobremesa-romo-ro-mh45lr-45l-2000w-rojo","status":"publish","type":"product","link":"https:\/\/desdropi.com\/elparque\/horno-sobremesa-romo-ro-mh45lr-45l-2000w-rojo\/","title":{"rendered":"Horno Sobremesa Romo Ro-Mh45Lr 45L 2000W Rojo"},"content":{"rendered":"<div class=\"descripcion-tab\">\n<p>El horno es un\u00a0<strong>elemento esencial en toda cocina<\/strong>, facilita la preparaci\u00f3n de recetas tanto saladas como dulces, si quieres disponer del espacio de tu cocina a tu antojo, con nuestro horno el\u00e9ctrico podr\u00e1s colocarlo donde m\u00e1s te guste.\u00a0<strong>Pr\u00e1ctico, potente y vers\u00e1til<\/strong>. <strong>Temperatura, tiempo y potencia ajustable<\/strong><\/p>\n<p>Tiene 4 interruptores con la capacidad de regular la temperatura de 100\u00ba &#8211; 230\u00ba, cuenta con temporizador, apagado autom\u00e1tico y alarma.<\/p>\n<p><strong>Alta potencia y seguro<\/strong><\/p>\n<ul>\n<li>Consta de 4 unidades calor\u00edficas de acero inoxidable otorg\u00e1ndole una\u00a0<strong>potencia de 2000W y 45 litros de capacidad<\/strong>. Tambi\u00e9n cuenta con puerta de vidrio doble que soporta el calor, patas antideslizante y luz en el interior.<\/li>\n<\/ul>\n<p><strong>Dimensiones ideales y gran versatilidad<\/strong><\/p>\n<ul>\n<li>Cuenta con las dimensiones de\u00a0<strong>57,3 x 36 x 39 cm<\/strong>\u00a0y viene equipado con: Rejilla, bandeja recoge migas, set de rusti-pollo, bandeja de hornear y mango para realizar infinidad de recetas.<\/li>\n<li>Las medidas interiores son:\u00a0<strong>43,3 x 34,05 x 31,3 cm<\/strong><\/li>\n<\/ul>\n<p><strong>La facilidad y practicidad<\/strong> que te brinda este horno es maravillosa, una compra totalmente necesaria para tu cocina.<\/p>\n<\/div>\n","protected":false},"excerpt":{"rendered":"<p>El horno es un\u00a0elemento esencial en toda cocina, facilita la preparaci\u00f3n de recetas tanto saladas como dulces, si quieres disponer<\/p>\n","protected":false},"featured_media":0,"comment_status":"open","ping_status":"closed","template":"","meta":{"_joinchat":[]},"product_cat":[6526,6525,3268,3279],"product_tag":[],"class_list":{"0":"post-49682","1":"product","2":"type-product","3":"status-publish","5":"product_cat-conveccion","6":"product_cat-sobremesa-hornos","7":"product_cat-coccion","8":"product_cat-hornos","9":"pa_marca-romo","11":"first","12":"instock","13":"taxable","14":"shipping-taxable","15":"purchasable","16":"product-type-simple"},"_links":{"self":[{"href":"https:\/\/desdropi.com\/elparque\/wp-json\/wp\/v2\/product\/49682"}],"collection":[{"href":"https:\/\/desdropi.com\/elparque\/wp-json\/wp\/v2\/product"}],"about":[{"href":"https:\/\/desdropi.com\/elparque\/wp-json\/wp\/v2\/types\/product"}],"replies":[{"embeddable":true,"href":"https:\/\/desdropi.com\/elparque\/wp-json\/wp\/v2\/comments?post=49682"}],"version-history":[{"count":0,"href":"https:\/\/desdropi.com\/elparque\/wp-json\/wp\/v2\/product\/49682\/revisions"}],"wp:attachment":[{"href":"https:\/\/desdropi.com\/elparque\/wp-json\/wp\/v2\/media?parent=49682"}],"wp:term":[{"taxonomy":"product_cat","embeddable":true,"href":"https:\/\/desdropi.com\/elparque\/wp-json\/wp\/v2\/product_cat?post=49682"},{"taxonomy":"product_tag","embeddable":true,"href":"https:\/\/desdropi.com\/elparque\/wp-json\/wp\/v2\/product_tag?post=49682"}],"curies":[{"name":"wp","href":"https:\/\/api.w.org\/{rel}","templated":true}]}}