{"id":49716,"date":"2022-03-15T23:20:05","date_gmt":"2022-03-15T22:20:05","guid":{"rendered":"https:\/\/desdropi.com\/elparque\/aspirador-de-mano-cecotec-conga-05440-inmortal-extreme-22-2-0\/"},"modified":"2025-04-14T09:30:42","modified_gmt":"2025-04-14T07:30:42","slug":"aspirador-mano-inmortal-extreme","status":"publish","type":"product","link":"https:\/\/desdropi.com\/elparque\/aspirador-mano-inmortal-extreme\/","title":{"rendered":"Aspirador De Mano Cecotec Conga 05440 Inmortal Extreme 22.2 0"},"content":{"rendered":"<div class=\"descripcion-tab\">\n<h4>ASPIRADOR DE MANO CECOTEC CONGA 05440 INMORTAL EXTREME<\/h4>\n<p>Aspirador de mano de s\u00f3lidos y l\u00edquidos ligero, pr\u00e1ctico y potente. Cuenta con el sistema ExtremeSuction Technology, que proporciona un m\u00e1ximo poder de succi\u00f3n gracias a su bater\u00eda de 22,2 V. Gracias a la tecnolog\u00eda Immortal Battery consigue un tiempo de autonom\u00eda de 25 minutos y reduce el tiempo de carga a 4-5 horas. La tecnolog\u00eda cicl\u00f3nica sin bolsas mantiene la potencia de succi\u00f3n como el primer d\u00eda. Ofrece un resultado profesional en una sola pasada. Dise\u00f1ado con el sistema Wet&amp;Dry, tecnolog\u00eda que lo convierte en el aliado perfecto para la limpieza de s\u00f3lidos y l\u00edquidos. Bater\u00eda extra\u00edble de Li-Ion que alarga la vida del aspirador x 2. Gracias a su potente bater\u00eda podr\u00e1s aspirar tu hogar sin realizar grandes esfuerzos. Gran dep\u00f3sito de 500 ml de capacidad con vaciado f\u00e1cil e higi\u00e9nico. Podr\u00e1s aspirar todo tipo de suciedad en cualquier superficie. Incluye accesorios para muebles, esquinas y coches. Sin cables y sin bolsas: la comodidad absoluta a tu alcance. Podr\u00e1s aspirar tu hogar o veh\u00edculo con total libertad. Es muy f\u00e1cil de usar y transportar gracias tanto a su mango ergon\u00f3mico como a su ligero peso de 1 kg. Base de carga para que tengas tu aspirador siempre a mano.<\/p>\n<h4><strong>Peso y dimensiones<\/strong><\/h4>\n<ul>\n<li>Ancho \u2192 428<\/li>\n<li>Profundidad \u2192 116<\/li>\n<li>Altura \u2192 134<\/li>\n<li>Peso \u2192 1,6<\/li>\n<\/ul>\n<h4><strong>Control de energ\u00eda<\/strong><\/h4>\n<ul>\n<li>Capacidad de la bater\u00eda \u2192 2,2<\/li>\n<li>Fuente de energ\u00eda \u2192 Bater\u00eda<\/li>\n<li>Voltaje de la pila \u2192 22,2<\/li>\n<li>Frecuencia de entrada AC \u2192 50\/60<\/li>\n<li>Voltaje de entrada AC \u2192 100 &#8211; 240<\/li>\n<li>Tecnolog\u00eda de bater\u00eda \u2192 I\u00f3n de litio<\/li>\n<li>Autonom\u00eda (minutos) \u2192 25<\/li>\n<li>Tiempo de carga \u2192 5<\/li>\n<\/ul>\n<h4><strong>Empaquetado<\/strong><\/h4>\n<ul>\n<li>Ancho del paquete \u2192 15<\/li>\n<li>Profundidad del paquete \u2192 17<\/li>\n<li>Altura del paquete \u2192 43,3<\/li>\n<li>Peso del paquete \u2192 1,97<\/li>\n<\/ul>\n<h4><strong>Contenido del embalaje<\/strong><\/h4>\n<ul>\n<li>Manual de usuario \u2192 S\u00ed<\/li>\n<li>Base de cargador \u2192 S\u00ed<\/li>\n<\/ul>\n<h4><strong>Ergonom\u00eda<\/strong><\/h4>\n<ul>\n<li>Filtro extra\u00edble \u2192 S\u00ed<\/li>\n<\/ul>\n<h4><strong>Dise\u00f1o<\/strong><\/h4>\n<ul>\n<li>Capacidad del dep\u00f3sito del polvo en seco \u2192 0,5<\/li>\n<li>Tipo de dep\u00f3sito \u2192 Sin bolsa<\/li>\n<li>Color del producto \u2192 Negro, Verde<\/li>\n<li>Tipo aspirador \u2192 De mano<\/li>\n<\/ul>\n<h4><strong>Desempe\u00f1o<\/strong><\/h4>\n<ul>\n<li>Tipo de limpiador \u2192 Seca y h\u00fameda<\/li>\n<li>M\u00e9todo de separaci\u00f3n de la suciedad \u2192 Cicl\u00f3nico<\/li>\n<\/ul>\n<\/div>\n","protected":false},"excerpt":{"rendered":"<p>ASPIRADOR DE MANO CECOTEC CONGA 05440 INMORTAL EXTREME Aspirador de mano de s\u00f3lidos y l\u00edquidos ligero, pr\u00e1ctico y potente. Cuenta<\/p>\n","protected":false},"featured_media":141473,"comment_status":"open","ping_status":"closed","template":"","meta":{"_joinchat":[]},"product_cat":[6513,6534,825],"product_tag":[],"class_list":{"0":"post-49716","1":"product","2":"type-product","3":"status-publish","4":"has-post-thumbnail","6":"product_cat-aspiracion-y-limpieza","7":"product_cat-aspiradores-de-mano-aspiracion-y-limpieza","8":"product_cat-pequeno-electrodomestico","9":"pa_marca-cecotec","11":"first","12":"instock","13":"taxable","14":"shipping-taxable","15":"purchasable","16":"product-type-simple"},"_links":{"self":[{"href":"https:\/\/desdropi.com\/elparque\/wp-json\/wp\/v2\/product\/49716"}],"collection":[{"href":"https:\/\/desdropi.com\/elparque\/wp-json\/wp\/v2\/product"}],"about":[{"href":"https:\/\/desdropi.com\/elparque\/wp-json\/wp\/v2\/types\/product"}],"replies":[{"embeddable":true,"href":"https:\/\/desdropi.com\/elparque\/wp-json\/wp\/v2\/comments?post=49716"}],"version-history":[{"count":1,"href":"https:\/\/desdropi.com\/elparque\/wp-json\/wp\/v2\/product\/49716\/revisions"}],"predecessor-version":[{"id":224637,"href":"https:\/\/desdropi.com\/elparque\/wp-json\/wp\/v2\/product\/49716\/revisions\/224637"}],"wp:featuredmedia":[{"embeddable":true,"href":"https:\/\/desdropi.com\/elparque\/wp-json\/wp\/v2\/media\/141473"}],"wp:attachment":[{"href":"https:\/\/desdropi.com\/elparque\/wp-json\/wp\/v2\/media?parent=49716"}],"wp:term":[{"taxonomy":"product_cat","embeddable":true,"href":"https:\/\/desdropi.com\/elparque\/wp-json\/wp\/v2\/product_cat?post=49716"},{"taxonomy":"product_tag","embeddable":true,"href":"https:\/\/desdropi.com\/elparque\/wp-json\/wp\/v2\/product_tag?post=49716"}],"curies":[{"name":"wp","href":"https:\/\/api.w.org\/{rel}","templated":true}]}}