{"id":49786,"date":"2022-03-16T23:17:01","date_gmt":"2022-03-16T22:17:01","guid":{"rendered":"https:\/\/desdropi.com\/elparque\/termo-junkers-elacell-comfort-50-50-litros-verti-horizon\/"},"modified":"2025-04-13T20:39:07","modified_gmt":"2025-04-13T18:39:07","slug":"termo-junkers-elacell-comfort-50-50-litros-verti-horizon","status":"publish","type":"product","link":"https:\/\/desdropi.com\/elparque\/termo-junkers-elacell-comfort-50-50-litros-verti-horizon\/","title":{"rendered":"Termo Junkers Elacell Comfort-50   50 Litros Verti\/Horizon"},"content":{"rendered":"<div class=\"descripcion-tab\">\n<strong>Termo el\u00e9ctrico Junkers Elacell Comfort 50 litros horizontal \/ vertical<\/strong>, reversible, de solo 48 cm de di\u00e1metro de la Gama Elacell Comfort con capacidad de 50 litros y potencia nominal de 1600 w, de est\u00e9tica moderna y dise\u00f1o vers\u00e1til, con clase de eficiencia energ\u00e9tica C y perfil de consumo M, es ideal para instalar en muebles de cocina.<\/p>\n<p>El nuevo termo Junkers Elacell Comfort 50 litros horizontal \/ vertical, puede ser instalado tanto vertical como horizontalmente. Incorpora\u00a0control electr\u00f3nico, posee una resistencia el\u00e9ctrica envainada, con lo que en caso de vivir en una zona de aguas duras donde el agua contenga una mayor concentraci\u00f3n de cal, la resistencia queda protegida de las posibles incrustaciones de la cal evitando el deterioro\u00a0del termo. Adem\u00e1s, el dep\u00f3sito de acero est\u00e1 vitrificado interiormente cumpliendo con los m\u00e1s altos est\u00e1ndares de calidad evitando la oxidaci\u00f3n del mismo y todos los materiales est\u00e1n fabricados para asegurar la m\u00e1xima durabilidad y eficiencia (clase energ\u00e9tica C).<\/p>\n<p>El termo el\u00e9ctrico Junkers Elacell Comfort 50 litros ofrece una cobertura de garant\u00eda de 5 a\u00f1os en calder\u00edn y 2 a\u00f1os de garant\u00eda total, el termo el\u00e9ctrico Junkers es de vers\u00e1til instalaci\u00f3n pero est\u00e1 especialmente dise\u00f1ado en los siguientes casos: en zonas donde el agua de entrada no est\u00e9 demasiado fr\u00eda, donde la disponibilidad de energ\u00eda sea un condicionante, o donde los per\u00edodos de utilizaci\u00f3n sean discontinuos, como en apartamentos.<\/p>\n<p><strong>Caracter\u00edsticas<\/strong><\/p>\n<ul>\n<li>Instalaci\u00f3n reversible.<\/li>\n<li>Control T\u00b0 C con mando.<\/li>\n<li>Dep\u00f3sito de acero vitrificado.<\/li>\n<li>Gran capacidad de aislamiento.<\/li>\n<li>Aislamiento de poliuretano sin CFC.<\/li>\n<li>Accesorios de montaje incluidos.<\/li>\n<li>Dise\u00f1o moderno.<\/li>\n<li>F\u00e1cil de instalar.<\/li>\n<li>Resistencia envainada, larga vida \u00fatil, para aguas duras.<\/li>\n<li>Incluye los accesorios de montaje.<\/li>\n<\/ul>\n<p>El termo Junkers\u00a0Elacell Comfort 50 litros con resistencia el\u00e9ctrica envainada cuenta con memoria de temperatura, lo que le permite recordar la temperatura a la que se ha configurado antes de apagarse y mantenerla cuando se vuelve a encender. Esto lo hace ideal para ahorrar en la factura el\u00e9ctrica, por ejemplo, cuando se tienen contratadas tarifas horarias como la 2DHA en la que el costo el\u00e9ctrico durante el horario nocturno se reduce de manera importante y el termo es controlado por medio de un programador horario\u00a0para que est\u00e9 encendido solo dentro de este horario.\n<\/p><\/div>\n","protected":false},"excerpt":{"rendered":"<p>Termo el\u00e9ctrico Junkers Elacell Comfort 50 litros horizontal \/ vertical, reversible, de solo 48 cm de di\u00e1metro de la Gama<\/p>\n","protected":false},"featured_media":133435,"comment_status":"open","ping_status":"closed","template":"","meta":{"_joinchat":[]},"product_cat":[6568,3301,4247],"product_tag":[],"class_list":{"0":"post-49786","1":"product","2":"type-product","3":"status-publish","4":"has-post-thumbnail","6":"product_cat-termos-electricos","7":"product_cat-climatizacion-y-calefaccion","8":"product_cat-termos-y-calentadores","9":"pa_marca-junkers","11":"first","12":"instock","13":"taxable","14":"shipping-taxable","15":"purchasable","16":"product-type-simple"},"_links":{"self":[{"href":"https:\/\/desdropi.com\/elparque\/wp-json\/wp\/v2\/product\/49786"}],"collection":[{"href":"https:\/\/desdropi.com\/elparque\/wp-json\/wp\/v2\/product"}],"about":[{"href":"https:\/\/desdropi.com\/elparque\/wp-json\/wp\/v2\/types\/product"}],"replies":[{"embeddable":true,"href":"https:\/\/desdropi.com\/elparque\/wp-json\/wp\/v2\/comments?post=49786"}],"version-history":[{"count":1,"href":"https:\/\/desdropi.com\/elparque\/wp-json\/wp\/v2\/product\/49786\/revisions"}],"predecessor-version":[{"id":224517,"href":"https:\/\/desdropi.com\/elparque\/wp-json\/wp\/v2\/product\/49786\/revisions\/224517"}],"wp:featuredmedia":[{"embeddable":true,"href":"https:\/\/desdropi.com\/elparque\/wp-json\/wp\/v2\/media\/133435"}],"wp:attachment":[{"href":"https:\/\/desdropi.com\/elparque\/wp-json\/wp\/v2\/media?parent=49786"}],"wp:term":[{"taxonomy":"product_cat","embeddable":true,"href":"https:\/\/desdropi.com\/elparque\/wp-json\/wp\/v2\/product_cat?post=49786"},{"taxonomy":"product_tag","embeddable":true,"href":"https:\/\/desdropi.com\/elparque\/wp-json\/wp\/v2\/product_tag?post=49786"}],"curies":[{"name":"wp","href":"https:\/\/api.w.org\/{rel}","templated":true}]}}