{"id":49790,"date":"2022-03-16T23:17:01","date_gmt":"2022-03-16T22:17:01","guid":{"rendered":"https:\/\/desdropi.com\/elparque\/termo-junkers-elecell-confort-100-100-litros-verti-horizon\/"},"modified":"2024-05-18T23:22:48","modified_gmt":"2024-05-18T21:22:48","slug":"termo-junkers-elecell-confort-100-100-litros-verti-horizon","status":"publish","type":"product","link":"https:\/\/desdropi.com\/elparque\/termo-junkers-elecell-confort-100-100-litros-verti-horizon\/","title":{"rendered":"Termo Junkers Elecell Confort-100 100 Litros Verti\/Horizon"},"content":{"rendered":"<div class=\"descripcion-tab\">Termo el\u00e9ctrico Junkers Elacell Comfort 100 litros horizontal \/ vertical, reversible, de solo 48 cm de di\u00e1metro de la Gama Elacell Comfort con capacidad de 100 litros y potencia nominal de 2000 w, de est\u00e9tica moderna y dise\u00f1o vers\u00e1til, con clase de eficiencia energ\u00e9tica C y perfil de consumo L, es ideal para instalar en muebles de cocina.<\/p>\n<p>El nuevo termo Junkers Elacell Comfort 100 litros horizontal \/ vertical, puede ser instalado tanto vertical como horizontalmente. Incorpora control electr\u00f3nico, posee una resistencia el\u00e9ctrica envainada, con lo que en caso de vivir en una zona de aguas duras donde el agua contenga una mayor concentraci\u00f3n de cal, la resistencia queda protegida de las posibles incrustaciones de la cal evitando el deterioro del termo. Adem\u00e1s, el dep\u00f3sito de acero est\u00e1 vitrificado interiormente cumpliendo con los m\u00e1s altos est\u00e1ndares de calidad evitando la oxidaci\u00f3n del mismo y todos los materiales est\u00e1n fabricados para asegurar la m\u00e1xima durabilidad y eficiencia (clase energ\u00e9tica C).<\/p>\n<p>El termo el\u00e9ctrico Junkers Elacell Comfort 100 litros ofrece una cobertura de garant\u00eda de 5 a\u00f1os en calder\u00edn y 2 a\u00f1os de garant\u00eda total, el termo el\u00e9ctrico Junkers es de vers\u00e1til instalaci\u00f3n pero est\u00e1 especialmente dise\u00f1ado en los siguientes casos: en zonas donde el agua de entrada no est\u00e9 demasiado fr\u00eda, donde la disponibilidad de energ\u00eda sea un condicionante, o donde los per\u00edodos de utilizaci\u00f3n sean discontinuos, como en apartamentos.<\/p>\n<p><strong>Caracter\u00edsticas\u00a0<\/strong><\/p>\n<ul>\n<li>Instalaci\u00f3n reversible.<\/li>\n<li>Control T\u00b0 C con mando.<\/li>\n<li>Dep\u00f3sito de acero vitrificado.<\/li>\n<li>Gran capacidad de aislamiento.<\/li>\n<li>Aislamiento de poliuretano sin CFC.<\/li>\n<li>Accesorios de montaje incluidos.<\/li>\n<li>Dise\u00f1o moderno.<\/li>\n<li>F\u00e1cil de instalar.<\/li>\n<li>Resistencia envainada, larga vida \u00fatil, para aguas duras.<\/li>\n<li>Incluye los accesorios de montaje.<\/li>\n<\/ul>\n<p>El termo Junkers Elacell Comfort 100 litros con resistencia el\u00e9ctrica envainada cuenta con memoria de temperatura, lo que le permite recordar la temperatura a la que se ha configurado antes de apagarse y mantenerla cuando se vuelve a encender. Esto lo hace ideal para ahorrar en la factura el\u00e9ctrica, por ejemplo, cuando se tienen contratadas tarifas horarias como la 2DHA en la que el costo el\u00e9ctrico durante el horario nocturno se reduce de manera importante y el termo es controlado por medio de un programador horario para que est\u00e9 encendido solo dentro de este horario.<\/p>\n<\/div>\n","protected":false},"excerpt":{"rendered":"<p>Termo el\u00e9ctrico Junkers Elacell Comfort 100 litros horizontal \/ vertical, reversible, de solo 48 cm de di\u00e1metro de la Gama<\/p>\n","protected":false},"featured_media":221568,"comment_status":"open","ping_status":"closed","template":"","meta":{"_joinchat":[]},"product_cat":[6568,3301,4247],"product_tag":[],"class_list":{"0":"post-49790","1":"product","2":"type-product","3":"status-publish","4":"has-post-thumbnail","6":"product_cat-termos-electricos","7":"product_cat-climatizacion-y-calefaccion","8":"product_cat-termos-y-calentadores","9":"pa_marca-junkers","11":"first","12":"instock","13":"taxable","14":"shipping-taxable","15":"purchasable","16":"product-type-simple"},"_links":{"self":[{"href":"https:\/\/desdropi.com\/elparque\/wp-json\/wp\/v2\/product\/49790"}],"collection":[{"href":"https:\/\/desdropi.com\/elparque\/wp-json\/wp\/v2\/product"}],"about":[{"href":"https:\/\/desdropi.com\/elparque\/wp-json\/wp\/v2\/types\/product"}],"replies":[{"embeddable":true,"href":"https:\/\/desdropi.com\/elparque\/wp-json\/wp\/v2\/comments?post=49790"}],"version-history":[{"count":0,"href":"https:\/\/desdropi.com\/elparque\/wp-json\/wp\/v2\/product\/49790\/revisions"}],"wp:featuredmedia":[{"embeddable":true,"href":"https:\/\/desdropi.com\/elparque\/wp-json\/wp\/v2\/media\/221568"}],"wp:attachment":[{"href":"https:\/\/desdropi.com\/elparque\/wp-json\/wp\/v2\/media?parent=49790"}],"wp:term":[{"taxonomy":"product_cat","embeddable":true,"href":"https:\/\/desdropi.com\/elparque\/wp-json\/wp\/v2\/product_cat?post=49790"},{"taxonomy":"product_tag","embeddable":true,"href":"https:\/\/desdropi.com\/elparque\/wp-json\/wp\/v2\/product_tag?post=49790"}],"curies":[{"name":"wp","href":"https:\/\/api.w.org\/{rel}","templated":true}]}}