{"id":50450,"date":"2022-03-23T23:22:01","date_gmt":"2022-03-23T22:22:01","guid":{"rendered":"https:\/\/desdropi.com\/elparque\/balanza-laica-ks5015-negro-orange-15kg\/"},"modified":"2025-04-13T20:26:37","modified_gmt":"2025-04-13T18:26:37","slug":"balanza-laica-ks5015-negro-orange-15kg","status":"publish","type":"product","link":"https:\/\/desdropi.com\/elparque\/balanza-laica-ks5015-negro-orange-15kg\/","title":{"rendered":"Balanza Laica Ks5015  Negro  Orange 15Kg"},"content":{"rendered":"<div class=\"descripcion-tab\">\n<ul>\n<li>Material: Vidrio.<\/li>\n<li>Peso del producto: 0.42 Kilogramos.<\/li>\n<li>L\u00edmite de peso 15 Kilogramos.<\/li>\n<li>Dimensiones del producto: largo x ancho x alto 22.3 x 18.4 x 1.7 cent\u00edmetros.<\/li>\n<li>Balanzas de cocina Laica KS5015 de gran precisi\u00f3n peso m\u00e1ximo 15 kg, y con divisiones de 1 gramo.<\/li>\n<li>Funci\u00f3n TARA: con la funci\u00f3n TARA podr\u00e1s usar un recipiente como BOL para pesar l\u00edquidos o mezclar varios alimentos. Es muy f\u00e1cil de usar; cuando pongas el recipiente pulsa &#8220;tara&#8221; y se pondr\u00e1 a cero, y as\u00ed cada vez que lo necesites. Imagina mezclar varios alimentos en un bol de una sola pesada, as\u00ed de f\u00e1cil.<\/li>\n<li>Las balanzas de cocina Laica est\u00e1n fabricadas en un vidrio templado de gran resistencia que son muy f\u00e1ciles de limpiar, en los puntos de apoyo hay una superficie antideslizante que dan una mayor seguridad.<\/li>\n<li>Muy f\u00e1cil de utilizar: se conecta autom\u00e1ticamente al poner algo sobre la balanza y se desconectan a los pocos segundos de utilizarla. Puedes hacer el pesaje en kilogramos o en libras.<\/li>\n<\/ul>\n<\/div>\n","protected":false},"excerpt":{"rendered":"<p>Material: Vidrio. Peso del producto: 0.42 Kilogramos. L\u00edmite de peso 15 Kilogramos. Dimensiones del producto: largo x ancho x alto<\/p>\n","protected":false},"featured_media":133373,"comment_status":"open","ping_status":"closed","template":"","meta":{"_joinchat":[]},"product_cat":[5661,5662,5732],"product_tag":[],"class_list":{"0":"post-50450","1":"product","2":"type-product","3":"status-publish","4":"has-post-thumbnail","6":"product_cat-menaje","7":"product_cat-menaje-de-cocina","8":"product_cat-balanzas","9":"pa_marca-laica","11":"first","12":"instock","13":"taxable","14":"shipping-taxable","15":"purchasable","16":"product-type-simple"},"_links":{"self":[{"href":"https:\/\/desdropi.com\/elparque\/wp-json\/wp\/v2\/product\/50450"}],"collection":[{"href":"https:\/\/desdropi.com\/elparque\/wp-json\/wp\/v2\/product"}],"about":[{"href":"https:\/\/desdropi.com\/elparque\/wp-json\/wp\/v2\/types\/product"}],"replies":[{"embeddable":true,"href":"https:\/\/desdropi.com\/elparque\/wp-json\/wp\/v2\/comments?post=50450"}],"version-history":[{"count":1,"href":"https:\/\/desdropi.com\/elparque\/wp-json\/wp\/v2\/product\/50450\/revisions"}],"predecessor-version":[{"id":224501,"href":"https:\/\/desdropi.com\/elparque\/wp-json\/wp\/v2\/product\/50450\/revisions\/224501"}],"wp:featuredmedia":[{"embeddable":true,"href":"https:\/\/desdropi.com\/elparque\/wp-json\/wp\/v2\/media\/133373"}],"wp:attachment":[{"href":"https:\/\/desdropi.com\/elparque\/wp-json\/wp\/v2\/media?parent=50450"}],"wp:term":[{"taxonomy":"product_cat","embeddable":true,"href":"https:\/\/desdropi.com\/elparque\/wp-json\/wp\/v2\/product_cat?post=50450"},{"taxonomy":"product_tag","embeddable":true,"href":"https:\/\/desdropi.com\/elparque\/wp-json\/wp\/v2\/product_tag?post=50450"}],"curies":[{"name":"wp","href":"https:\/\/api.w.org\/{rel}","templated":true}]}}