{"id":50452,"date":"2022-03-23T23:22:01","date_gmt":"2022-03-23T22:22:01","guid":{"rendered":"https:\/\/desdropi.com\/elparque\/balanza-laica-ks5020-blanco-cucharas-20kg\/"},"modified":"2025-04-13T20:27:10","modified_gmt":"2025-04-13T18:27:10","slug":"balanza-laica-ks5020-blanco-cucharas-20kg","status":"publish","type":"product","link":"https:\/\/desdropi.com\/elparque\/balanza-laica-ks5020-blanco-cucharas-20kg\/","title":{"rendered":"Balanza Laica Ks5020  Blanco Cucharas 20Kg"},"content":{"rendered":"<div class=\"descripcion-tab\">\n<strong>Bater\u00eda<\/strong><\/p>\n<ul>\n<li>Tipo de bater\u00eda &#8211; AAA<\/li>\n<li>Numero de bater\u00edas soportadas &#8211; 2<\/li>\n<li>Voltaje de la pila 1,5 V<\/li>\n<\/ul>\n<p><strong>Caracter\u00edsticas<\/strong><\/p>\n<ul>\n<li>Tipo B\u00e1scula electr\u00f3nica de cocina<\/li>\n<li>Capacidad m\u00e1xima de peso 20 kg<\/li>\n<li>Precisi\u00f3n 1 g<\/li>\n<li>Color del producto Multicolor, Blanco<\/li>\n<li>Funci\u00f3n de tara<\/li>\n<li>Tipo de instalaci\u00f3n Encimera<\/li>\n<li>Forma Rect\u00e1ngulo<\/li>\n<li>F\u00e1cil de limpiar<\/li>\n<li>Base antideslizante<\/li>\n<\/ul>\n<p><strong>Exhibici\u00f3n<\/strong><\/p>\n<ul>\n<li>Tipo de visualizador LCD<\/li>\n<li>Tama\u00f1o de la pantalla (HxV) 61 x 28 mm<\/li>\n<li>Retroiluminaci\u00f3n LED<\/li>\n<\/ul>\n<p><strong>Peso y dimensiones<\/strong><\/p>\n<ul>\n<li>Ancho 300 mm<\/li>\n<li>Profundidad 220 mm<\/li>\n<li>Altura 20 mm<\/li>\n<li>Peso 690 g<\/li>\n<\/ul>\n<\/div>\n","protected":false},"excerpt":{"rendered":"<p>Bater\u00eda Tipo de bater\u00eda &#8211; AAA Numero de bater\u00edas soportadas &#8211; 2 Voltaje de la pila 1,5 V Caracter\u00edsticas Tipo<\/p>\n","protected":false},"featured_media":133374,"comment_status":"open","ping_status":"closed","template":"","meta":{"_joinchat":[]},"product_cat":[5661,5662,5732],"product_tag":[],"class_list":{"0":"post-50452","1":"product","2":"type-product","3":"status-publish","4":"has-post-thumbnail","6":"product_cat-menaje","7":"product_cat-menaje-de-cocina","8":"product_cat-balanzas","9":"pa_marca-laica","11":"first","12":"instock","13":"taxable","14":"shipping-taxable","15":"purchasable","16":"product-type-simple"},"_links":{"self":[{"href":"https:\/\/desdropi.com\/elparque\/wp-json\/wp\/v2\/product\/50452"}],"collection":[{"href":"https:\/\/desdropi.com\/elparque\/wp-json\/wp\/v2\/product"}],"about":[{"href":"https:\/\/desdropi.com\/elparque\/wp-json\/wp\/v2\/types\/product"}],"replies":[{"embeddable":true,"href":"https:\/\/desdropi.com\/elparque\/wp-json\/wp\/v2\/comments?post=50452"}],"version-history":[{"count":1,"href":"https:\/\/desdropi.com\/elparque\/wp-json\/wp\/v2\/product\/50452\/revisions"}],"predecessor-version":[{"id":224502,"href":"https:\/\/desdropi.com\/elparque\/wp-json\/wp\/v2\/product\/50452\/revisions\/224502"}],"wp:featuredmedia":[{"embeddable":true,"href":"https:\/\/desdropi.com\/elparque\/wp-json\/wp\/v2\/media\/133374"}],"wp:attachment":[{"href":"https:\/\/desdropi.com\/elparque\/wp-json\/wp\/v2\/media?parent=50452"}],"wp:term":[{"taxonomy":"product_cat","embeddable":true,"href":"https:\/\/desdropi.com\/elparque\/wp-json\/wp\/v2\/product_cat?post=50452"},{"taxonomy":"product_tag","embeddable":true,"href":"https:\/\/desdropi.com\/elparque\/wp-json\/wp\/v2\/product_tag?post=50452"}],"curies":[{"name":"wp","href":"https:\/\/api.w.org\/{rel}","templated":true}]}}